{"id":5692,"date":"2014-01-14T17:41:50","date_gmt":"2014-01-14T17:41:50","guid":{"rendered":"https:\/\/www.enginplast.com\/?page_id=5692"},"modified":"2014-12-10T13:30:24","modified_gmt":"2014-12-10T12:30:24","slug":"services-offerts","status":"publish","type":"page","link":"https:\/\/www.enginplast.com\/fr\/services-offerts\/","title":{"rendered":"Services offerts"},"content":{"rendered":"<p>SERVICES OFFERTS PAR ENGIN PLAST<\/p>\n<p style=\"text-align: justify;\">Pr\u00e9-et post-vente<br \/>\nEngin Plast con\u00e7oit et assemble ses syst\u00e8mes de fa\u00e7on autonome. Pour la r\u00e9alisation de chaque composant se r\u00e9f\u00e8re \u00e0 un r\u00e9seau d&rsquo;ateliers s\u00e9lectionn\u00e9s pour assurer des niveaux \u00e9lev\u00e9s de qualit\u00e9 et temps de r\u00e9ponse rapide.<\/p>\n<p style=\"text-align: justify;\">Engin Plast dispose d&rsquo;un personnel technique capable de g\u00e9rer chaque projet de mani\u00e8re professionnelle, \u00e0 partir de la collection de demandes des clients jusqu\u2019 \u00e0 l&rsquo;installation du syst\u00e8me. Notre service analyse de mani\u00e8re d\u00e9taill\u00e9 chaque information pour trouver solutions techniques d\u2019excellence.<\/p>\n<p style=\"text-align: justify;\">Engin Plast propose des solutions aux clients \u00ab\u00a0Cl\u00e9 en main\u00a0\u00bb et met \u00e0 la disposition de tous ses clients les services suivants:<\/p>\n<p>[fontawesome icon=\u00a0\u00bbrss\u00a0\u00bb circle=\u00a0\u00bbyes\u00a0\u00bb size=\u00a0\u00bblarge\u00a0\u00bb iconcolor=\u00a0\u00bb#ffffff\u00a0\u00bb circlecolor=\u00a0\u00bb#1e73be\u00a0\u00bb circlebordercolor=\u00a0\u00bb\u00a0\u00bb animation_type=\u00a0\u00bb0&Prime; animation_direction=\u00a0\u00bbdown\u00a0\u00bb animation_speed=\u00a0\u00bb\u00a0\u00bb]T\u00e9l\u00e9assistance<br \/>\nL\u2019assistance apr\u00e8s-vente est support\u00e9 par le syst\u00e8me de diagnostic local. Toutes les machines Engin Plast sont \u00e9quip\u00e9e (sur demande) d\u2019un syst\u00e8me de t\u00e9l\u00e9assistance \u00e0 travers modem ou r\u00e9seau d\u2019entreprise.<\/p>\n<p>&nbsp;<\/p>\n<p>[fontawesome icon=\u00a0\u00bbflag\u00a0\u00bb circle=\u00a0\u00bbyes\u00a0\u00bb size=\u00a0\u00bblarge\u00a0\u00bb iconcolor=\u00a0\u00bb\u00a0\u00bb circlecolor=\u00a0\u00bb#1e73be\u00a0\u00bb circlebordercolor=\u00a0\u00bb\u00a0\u00bb animation_type=\u00a0\u00bb0&Prime; animation_direction=\u00a0\u00bbdown\u00a0\u00bb animation_speed=\u00a0\u00bb\u00a0\u00bb]D\u00e9marrage<br \/>\nLe personnel Engin Plast g\u00e8re l&rsquo;installation [tests, d\u00e9marrage, etc.] chez le client. En plus, pendant cette phase, il y a des courses de formation aux op\u00e9rateurs pour ce qui concerne la production et la maintenance de la machine.<\/p>\n<p>&nbsp;<\/p>\n<p>[fontawesome icon=\u00a0\u00bbphone\u00a0\u00bb circle=\u00a0\u00bbyes\u00a0\u00bb size=\u00a0\u00bblarge\u00a0\u00bb iconcolor=\u00a0\u00bb\u00a0\u00bb circlecolor=\u00a0\u00bb#1e73be\u00a0\u00bb circlebordercolor=\u00a0\u00bb\u00a0\u00bb animation_type=\u00a0\u00bb0&Prime; animation_direction=\u00a0\u00bbdown\u00a0\u00bb animation_speed=\u00a0\u00bb\u00a0\u00bb]Assistance \u00e0 l&rsquo;appel<br \/>\nLe centre d&rsquo;assistance multilingue permet de r\u00e9pondre aux clients partout dans le monde en activant rapidement le service d\u2019assistance avec personnel technique.<\/p>\n<p>&nbsp;<\/p>\n<p>[fontawesome icon=\u00a0\u00bbwrench\u00a0\u00bb circle=\u00a0\u00bbyes\u00a0\u00bb size=\u00a0\u00bblarge\u00a0\u00bb iconcolor=\u00a0\u00bb\u00a0\u00bb circlecolor=\u00a0\u00bb#1e73be\u00a0\u00bb circlebordercolor=\u00a0\u00bb\u00a0\u00bb animation_type=\u00a0\u00bb0&Prime; animation_direction=\u00a0\u00bbdown\u00a0\u00bb animation_speed=\u00a0\u00bb\u00a0\u00bb]Maintenance pr\u00e9ventive, p\u00e9riodique et programm\u00e9.<\/p>\n<p>&nbsp;<\/p>\n<p>[fontawesome icon=\u00a0\u00bbth-list\u00a0\u00bb circle=\u00a0\u00bbyes\u00a0\u00bb size=\u00a0\u00bblarge\u00a0\u00bb iconcolor=\u00a0\u00bb\u00a0\u00bb circlecolor=\u00a0\u00bb#1e73be\u00a0\u00bb circlebordercolor=\u00a0\u00bb\u00a0\u00bb animation_type=\u00a0\u00bb0&Prime; animation_direction=\u00a0\u00bbdown\u00a0\u00bb animation_speed=\u00a0\u00bb\u00a0\u00bb]Entrep\u00f4t des pi\u00e8ces d\u00e9tach\u00e9es<br \/>\nIl g\u00e8re pi\u00e8ces g\u00e9n\u00e9riques et sp\u00e9ciales\u00a0 pour un apr\u00e8s-vente d\u2019excellence.<\/p>\n<p>&nbsp;<\/p>\n<p>Avantages pour le client:<\/p>\n<p><span style=\"line-height: 1.5em;\">&#8211; Temps de r\u00e9ponse rapide;<br \/>\n&#8211; Co\u00fbts de service contenus gr\u00e2ce \u00e0 l&rsquo;optimisation sur place;<br \/>\n&#8211; Consulting facilit\u00e9 avec le personnel Engin Plast, comp\u00e9tent du produit;<br \/>\n&#8211; Support 360\u00b0 sur le produit;<br \/>\n&#8211; Syst\u00e8mes de diagnostique, documentation, pour am\u00e9liorer l\u2019efficace globale de l\u2019assistance technique.<\/span><\/p>\n<p>Demande d&rsquo;information<br \/>\nRemplissez le formulaire ci-dessou.<\/p>\n<script type=\"text\/javascript\">\n\/* <![CDATA[ *\/\nvar gform;gform||(document.addEventListener(\"gform_main_scripts_loaded\",function(){gform.scriptsLoaded=!0}),document.addEventListener(\"gform\/theme\/scripts_loaded\",function(){gform.themeScriptsLoaded=!0}),window.addEventListener(\"DOMContentLoaded\",function(){gform.domLoaded=!0}),gform={domLoaded:!1,scriptsLoaded:!1,themeScriptsLoaded:!1,isFormEditor:()=>\"function\"==typeof InitializeEditor,callIfLoaded:function(o){return!(!gform.domLoaded||!gform.scriptsLoaded||!gform.themeScriptsLoaded&&!gform.isFormEditor()||(gform.isFormEditor()&&console.warn(\"The use of gform.initializeOnLoaded() is deprecated in the form editor context and will be removed in Gravity Forms 3.1.\"),o(),0))},initializeOnLoaded:function(o){gform.callIfLoaded(o)||(document.addEventListener(\"gform_main_scripts_loaded\",()=>{gform.scriptsLoaded=!0,gform.callIfLoaded(o)}),document.addEventListener(\"gform\/theme\/scripts_loaded\",()=>{gform.themeScriptsLoaded=!0,gform.callIfLoaded(o)}),window.addEventListener(\"DOMContentLoaded\",()=>{gform.domLoaded=!0,gform.callIfLoaded(o)}))},hooks:{action:{},filter:{}},addAction:function(o,r,e,t){gform.addHook(\"action\",o,r,e,t)},addFilter:function(o,r,e,t){gform.addHook(\"filter\",o,r,e,t)},doAction:function(o){gform.doHook(\"action\",o,arguments)},applyFilters:function(o){return gform.doHook(\"filter\",o,arguments)},removeAction:function(o,r){gform.removeHook(\"action\",o,r)},removeFilter:function(o,r,e){gform.removeHook(\"filter\",o,r,e)},addHook:function(o,r,e,t,n){null==gform.hooks[o][r]&&(gform.hooks[o][r]=[]);var d=gform.hooks[o][r];null==n&&(n=r+\"_\"+d.length),gform.hooks[o][r].push({tag:n,callable:e,priority:t=null==t?10:t})},doHook:function(r,o,e){var t;if(e=Array.prototype.slice.call(e,1),null!=gform.hooks[r][o]&&((o=gform.hooks[r][o]).sort(function(o,r){return o.priority-r.priority}),o.forEach(function(o){\"function\"!=typeof(t=o.callable)&&(t=window[t]),\"action\"==r?t.apply(null,e):e[0]=t.apply(null,e)})),\"filter\"==r)return e[0]},removeHook:function(o,r,t,n){var e;null!=gform.hooks[o][r]&&(e=(e=gform.hooks[o][r]).filter(function(o,r,e){return!!(null!=n&&n!=o.tag||null!=t&&t!=o.priority)}),gform.hooks[o][r]=e)}});\n\/* ]]> *\/\n<\/script>\n\n                <div class='gf_browser_gecko gform_wrapper gform_legacy_markup_wrapper gform-theme--no-framework' data-form-theme='legacy' data-form-index='0' id='gform_wrapper_2' >\n                        <div class='gform_heading'>\n                            <h3 class=\"gform_title\">Contatti - Servizi<\/h3>\n                            <p class='gform_description'>Invia una mail e sarai ricontattato<\/p>\n                        <\/div><form method='post' enctype='multipart\/form-data'  id='gform_2'  action='\/fr\/wp-json\/wp\/v2\/pages\/5692' data-formid='2' novalidate>\n                        <div class='gform-body gform_body'><ul id='gform_fields_2' class='gform_fields top_label form_sublabel_below description_below validation_below'><li id=\"field_2_1\" class=\"gfield gfield--type-name field_sublabel_below gfield--no-description field_description_below field_validation_below gfield_visibility_visible\"  ><label class='gfield_label gform-field-label gfield_label_before_complex' >Nome<\/label><div class='ginput_complex ginput_container ginput_container--name no_prefix has_first_name no_middle_name has_last_name no_suffix gf_name_has_2 ginput_container_name gform-grid-row' id='input_2_1'>\n                            <span id='input_2_1_3_container' class='name_first gform-grid-col' >\n                                                    <input type='text' name='input_1.3' id='input_2_1_3' value=''   aria-required='false'    \/>\n                                                    <label for='input_2_1_3' class='gform-field-label gform-field-label--type-sub '>Pr\u00e9nom<\/label>\n                                               <\/span>\n                            <span id='input_2_1_6_container' class='name_last gform-grid-col' >\n                                                    <input type='text' name='input_1.6' id='input_2_1_6' value=''   aria-required='false'    \/>\n                                                    <label for='input_2_1_6' class='gform-field-label gform-field-label--type-sub '>Nom<\/label>\n                                                <\/span>\n                            <div class='gf_clear gf_clear_complex'><\/div>\n                        <\/div><\/li><li id=\"field_2_3\" class=\"gfield gfield--type-text field_sublabel_below gfield--no-description field_description_below field_validation_below gfield_visibility_visible\"  ><label class='gfield_label gform-field-label' for='input_2_3'>Azienda<\/label><div class='ginput_container ginput_container_text'><input name='input_3' id='input_2_3' type='text' value='' class='medium'      aria-invalid=\"false\"   \/><\/div><\/li><li id=\"field_2_2\" class=\"gfield gfield--type-email field_sublabel_below gfield--no-description field_description_below field_validation_below gfield_visibility_visible\"  ><label class='gfield_label gform-field-label' for='input_2_2'>Email<\/label><div class='ginput_container ginput_container_email'>\n                            <input name='input_2' id='input_2_2' type='email' value='' class='medium'     aria-invalid=\"false\"  \/>\n                        <\/div><\/li><li id=\"field_2_4\" class=\"gfield gfield--type-textarea field_sublabel_below gfield--no-description field_description_below field_validation_below gfield_visibility_visible\"  ><label class='gfield_label gform-field-label' for='input_2_4'>Messaggio<\/label><div class='ginput_container ginput_container_textarea'><textarea name='input_4' id='input_2_4' class='textarea medium'      aria-invalid=\"false\"   rows='10' cols='50'><\/textarea><\/div><\/li><li id=\"field_2_5\" class=\"gfield gfield--type-checkbox gfield--type-choice gfield_contains_required field_sublabel_below gfield--has-description field_description_below field_validation_below gfield_visibility_visible\"  ><label class='gfield_label gform-field-label gfield_label_before_complex' >INFORMATIVA PRIVACY<span class=\"gfield_required\"><span class=\"gfield_required gfield_required_asterisk\">*<\/span><\/span><\/label><div class='ginput_container ginput_container_checkbox'><ul class='gfield_checkbox' id='input_2_5'><li class='gchoice gchoice_2_5_1'>\n\t\t\t\t\t\t\t\t<input class='gfield-choice-input' name='input_5.1' type='checkbox'  value='ACCETTO'  id='choice_2_5_1'   aria-describedby=\"gfield_description_2_5\"\/>\n\t\t\t\t\t\t\t\t<label for='choice_2_5_1' id='label_2_5_1' class='gform-field-label gform-field-label--type-inline'>ACCETTO<\/label>\n\t\t\t\t\t\t\t<\/li><\/ul><\/div><div class='gfield_description' id='gfield_description_2_5'>(Ai sensi della nuova normativa sulla Privacy Art. 13 del Reg. Ue 679\/16 si informa che i dati inseriti saranno utilizzati esclusivamente per l\u2019espletamento della richiesta, e saranno oggetto di trattamento nel rispetto della normativa sopra citata). <a href=\"\/privacy\">Informativa completa *<\/a><\/div><\/li><li id=\"field_2_6\" class=\"gfield gfield--type-captcha field_sublabel_below gfield--no-description field_description_below field_validation_below gfield_visibility_visible\"  ><label class='gfield_label gform-field-label' for='input_2_6'>CAPTCHA<\/label><div id='input_2_6' class='ginput_container ginput_recaptcha' data-sitekey='6LesEu0SAAAAAAe70O4WIziLGqPvzolkNqH2XZgd'  data-theme='light' data-tabindex='0'  data-badge=''><\/div><\/li><\/ul><\/div>\n        <div class='gform-footer gform_footer top_label'> <input type='submit' id='gform_submit_button_2' class='gform_button button' onclick='gform.submission.handleButtonClick(this);' data-submission-type='submit' value='Invia'  \/> \n            <input type='hidden' class='gform_hidden' name='gform_submission_method' data-js='gform_submission_method_2' value='postback' \/>\n            <input type='hidden' class='gform_hidden' name='gform_theme' data-js='gform_theme_2' id='gform_theme_2' value='legacy' \/>\n            <input type='hidden' class='gform_hidden' name='gform_style_settings' data-js='gform_style_settings_2' id='gform_style_settings_2' value='[]' \/>\n            <input type='hidden' class='gform_hidden' name='is_submit_2' value='1' \/>\n            <input type='hidden' class='gform_hidden' name='gform_submit' value='2' \/>\n            \n            <input type='hidden' class='gform_hidden' name='gform_currency' data-currency='EUR' value='LsYkc19lmjz5ywzbKa5CRxpeewo+5a0BEG627QtBUurw4yYfXve2ZdDdmmaOgHr8dA54A0cqAGeHxKm7EGqawo0rnn5dTnVThMtWu3lf2QqO\/oU=' \/>\n            <input type='hidden' class='gform_hidden' name='gform_unique_id' value='' \/>\n            <input type='hidden' class='gform_hidden' name='state_2' value='WyJbXSIsIjA4YWUzZjI2MzE3OTY1Y2JiZWY4YmQxMTIzNDY1YzQ5Il0=' \/>\n            <input type='hidden' autocomplete='off' class='gform_hidden' name='gform_target_page_number_2' id='gform_target_page_number_2' value='0' \/>\n            <input type='hidden' autocomplete='off' class='gform_hidden' name='gform_source_page_number_2' id='gform_source_page_number_2' value='1' \/>\n            <input type='hidden' name='gform_field_values' value='' \/>\n            \n        <\/div>\n                        <\/form>\n                        <\/div><script type=\"text\/javascript\">\n\/* <![CDATA[ *\/\n gform.initializeOnLoaded( function() {gformInitSpinner( 2, 'https:\/\/www.enginplast.com\/wp-content\/plugins\/gravityforms\/images\/spinner.svg', true );jQuery('#gform_ajax_frame_2').on('load',function(){var contents = jQuery(this).contents().find('*').html();var is_postback = contents.indexOf('GF_AJAX_POSTBACK') >= 0;if(!is_postback){return;}var form_content = jQuery(this).contents().find('#gform_wrapper_2');var is_confirmation = jQuery(this).contents().find('#gform_confirmation_wrapper_2').length > 0;var is_redirect = contents.indexOf('gformRedirect(){') >= 0;var is_form = form_content.length > 0 && ! is_redirect && ! is_confirmation;var mt = parseInt(jQuery('html').css('margin-top'), 10) + parseInt(jQuery('body').css('margin-top'), 10) + 100;if(is_form){jQuery('#gform_wrapper_2').html(form_content.html());if(form_content.hasClass('gform_validation_error')){jQuery('#gform_wrapper_2').addClass('gform_validation_error');} else {jQuery('#gform_wrapper_2').removeClass('gform_validation_error');}setTimeout( function() { \/* delay the scroll by 50 milliseconds to fix a bug in chrome *\/  }, 50 );if(window['gformInitDatepicker']) {gformInitDatepicker();}if(window['gformInitPriceFields']) {gformInitPriceFields();}var current_page = jQuery('#gform_source_page_number_2').val();gformInitSpinner( 2, 'https:\/\/www.enginplast.com\/wp-content\/plugins\/gravityforms\/images\/spinner.svg', true );jQuery(document).trigger('gform_page_loaded', [2, current_page]);window['gf_submitting_2'] = false;}else if(!is_redirect){var confirmation_content = jQuery(this).contents().find('.GF_AJAX_POSTBACK').html();if(!confirmation_content){confirmation_content = contents;}jQuery('#gform_wrapper_2').replaceWith(confirmation_content);jQuery(document).trigger('gform_confirmation_loaded', [2]);window['gf_submitting_2'] = false;wp.a11y.speak(jQuery('#gform_confirmation_message_2').text());}else{jQuery('#gform_2').append(contents);if(window['gformRedirect']) {gformRedirect();}}jQuery(document).trigger(\"gform_pre_post_render\", [{ formId: \"2\", currentPage: \"current_page\", abort: function() { this.preventDefault(); } }]);        if (event && event.defaultPrevented) {                return;        }        const gformWrapperDiv = document.getElementById( \"gform_wrapper_2\" );        if ( gformWrapperDiv ) {            const visibilitySpan = document.createElement( \"span\" );            visibilitySpan.id = \"gform_visibility_test_2\";            gformWrapperDiv.insertAdjacentElement( \"afterend\", visibilitySpan );        }        const visibilityTestDiv = document.getElementById( \"gform_visibility_test_2\" );        let postRenderFired = false;        function triggerPostRender() {            if ( postRenderFired ) {                return;            }            postRenderFired = true;            gform.core.triggerPostRenderEvents( 2, current_page );            if ( visibilityTestDiv ) {                visibilityTestDiv.parentNode.removeChild( visibilityTestDiv );            }        }        function debounce( func, wait, immediate ) {            var timeout;            return function() {                var context = this, args = arguments;                var later = function() {                    timeout = null;                    if ( !immediate ) func.apply( context, args );                };                var callNow = immediate && !timeout;                clearTimeout( timeout );                timeout = setTimeout( later, wait );                if ( callNow ) func.apply( context, args );            };        }        const debouncedTriggerPostRender = debounce( function() {            triggerPostRender();        }, 200 );        if ( visibilityTestDiv && visibilityTestDiv.offsetParent === null ) {            const observer = new MutationObserver( ( mutations ) => {                mutations.forEach( ( mutation ) => {                    if ( mutation.type === 'attributes' && visibilityTestDiv.offsetParent !== null ) {                        debouncedTriggerPostRender();                        observer.disconnect();                    }                });            });            observer.observe( document.body, {                attributes: true,                childList: false,                subtree: true,                attributeFilter: [ 'style', 'class' ],            });        } else {            triggerPostRender();        }    } );} ); \n\/* ]]> *\/\n<\/script>\n\n<p>Ai sensi del Decreto Legislativo n. 196\/2003 La informiamo che i dati personali che ha appena inserito saranno trattati nel pieno rispetto di tale legge. Selezionando \u00ab\u00a0Acconsento\u00a0\u00bb esprime il consenso alla raccolta ed al trattamento dei dati personali da parte di Engin Plast srl. Prima di procedere leggere attentamente la nostra privacy policy.<\/p>\n<p>Acconsento al trattamento dei miei dati *<\/p>\n","protected":false},"excerpt":{"rendered":"<p>SERVICES OFFERTS PAR ENGIN PLAST Pr\u00e9-et post-vente Engin Plast con\u00e7oit et assemble ses syst\u00e8mes de fa\u00e7on autonome. Pour la r\u00e9alisation de chaque composant se r\u00e9f\u00e8re \u00e0 un r\u00e9seau d&rsquo;ateliers s\u00e9lectionn\u00e9s pour assurer des niveaux \u00e9lev\u00e9s de qualit\u00e9 et temps de r\u00e9ponse rapide. Engin Plast dispose d&rsquo;un personnel technique capable de g\u00e9rer chaque projet de mani\u00e8re [&hellip;]<\/p>\n","protected":false},"author":2,"featured_media":0,"parent":0,"menu_order":0,"comment_status":"closed","ping_status":"closed","template":"","meta":{"footnotes":""},"class_list":["post-5692","page","type-page","status-publish","hentry"],"yoast_head":"<!-- This site is optimized with the Yoast SEO plugin v27.4 - https:\/\/yoast.com\/product\/yoast-seo-wordpress\/ -->\n<title>Services offerts  - Enginplast<\/title>\n<meta name=\"robots\" content=\"index, follow, max-snippet:-1, max-image-preview:large, max-video-preview:-1\" \/>\n<link rel=\"canonical\" href=\"https:\/\/www.enginplast.com\/fr\/services-offerts\/\" \/>\n<meta property=\"og:locale\" content=\"fr_FR\" \/>\n<meta property=\"og:type\" content=\"article\" \/>\n<meta property=\"og:title\" content=\"Services offerts  - Enginplast\" \/>\n<meta property=\"og:description\" content=\"SERVICES OFFERTS PAR ENGIN PLAST Pr\u00e9-et post-vente Engin Plast con\u00e7oit et assemble ses syst\u00e8mes de fa\u00e7on autonome. Pour la r\u00e9alisation de chaque composant se r\u00e9f\u00e8re \u00e0 un r\u00e9seau d&rsquo;ateliers s\u00e9lectionn\u00e9s pour assurer des niveaux \u00e9lev\u00e9s de qualit\u00e9 et temps de r\u00e9ponse rapide. Engin Plast dispose d&rsquo;un personnel technique capable de g\u00e9rer chaque projet de mani\u00e8re [&hellip;]\" \/>\n<meta property=\"og:url\" content=\"https:\/\/www.enginplast.com\/fr\/services-offerts\/\" \/>\n<meta property=\"og:site_name\" content=\"Enginplast\" \/>\n<meta property=\"article:modified_time\" content=\"2014-12-10T12:30:24+00:00\" \/>\n<meta name=\"twitter:label1\" content=\"Dur\u00e9e de lecture estim\u00e9e\" \/>\n\t<meta name=\"twitter:data1\" content=\"2 minutes\" \/>\n<script type=\"application\/ld+json\" class=\"yoast-schema-graph\">{\"@context\":\"https:\\\/\\\/schema.org\",\"@graph\":[{\"@type\":\"WebPage\",\"@id\":\"https:\\\/\\\/www.enginplast.com\\\/fr\\\/services-offerts\\\/\",\"url\":\"https:\\\/\\\/www.enginplast.com\\\/fr\\\/services-offerts\\\/\",\"name\":\"Services offerts - Enginplast\",\"isPartOf\":{\"@id\":\"https:\\\/\\\/www.enginplast.com\\\/#website\"},\"datePublished\":\"2014-01-14T17:41:50+00:00\",\"dateModified\":\"2014-12-10T12:30:24+00:00\",\"breadcrumb\":{\"@id\":\"https:\\\/\\\/www.enginplast.com\\\/fr\\\/services-offerts\\\/#breadcrumb\"},\"inLanguage\":\"fr-FR\",\"potentialAction\":[{\"@type\":\"ReadAction\",\"target\":[\"https:\\\/\\\/www.enginplast.com\\\/fr\\\/services-offerts\\\/\"]}]},{\"@type\":\"BreadcrumbList\",\"@id\":\"https:\\\/\\\/www.enginplast.com\\\/fr\\\/services-offerts\\\/#breadcrumb\",\"itemListElement\":[{\"@type\":\"ListItem\",\"position\":1,\"name\":\"Home\",\"item\":\"https:\\\/\\\/www.enginplast.com\\\/fr\\\/\"},{\"@type\":\"ListItem\",\"position\":2,\"name\":\"Services offerts\"}]},{\"@type\":\"WebSite\",\"@id\":\"https:\\\/\\\/www.enginplast.com\\\/#website\",\"url\":\"https:\\\/\\\/www.enginplast.com\\\/\",\"name\":\"Enginplast\",\"description\":\"\",\"publisher\":{\"@id\":\"https:\\\/\\\/www.enginplast.com\\\/#organization\"},\"potentialAction\":[{\"@type\":\"SearchAction\",\"target\":{\"@type\":\"EntryPoint\",\"urlTemplate\":\"https:\\\/\\\/www.enginplast.com\\\/?s={search_term_string}\"},\"query-input\":{\"@type\":\"PropertyValueSpecification\",\"valueRequired\":true,\"valueName\":\"search_term_string\"}}],\"inLanguage\":\"fr-FR\"},{\"@type\":\"Organization\",\"@id\":\"https:\\\/\\\/www.enginplast.com\\\/#organization\",\"name\":\"Enginplast srl\",\"url\":\"https:\\\/\\\/www.enginplast.com\\\/\",\"logo\":{\"@type\":\"ImageObject\",\"inLanguage\":\"fr-FR\",\"@id\":\"https:\\\/\\\/www.enginplast.com\\\/#\\\/schema\\\/logo\\\/image\\\/\",\"url\":\"https:\\\/\\\/www.enginplast.com\\\/wp-content\\\/uploads\\\/2014\\\/02\\\/logo-splash.jpg\",\"contentUrl\":\"https:\\\/\\\/www.enginplast.com\\\/wp-content\\\/uploads\\\/2014\\\/02\\\/logo-splash.jpg\",\"width\":640,\"height\":275,\"caption\":\"Enginplast srl\"},\"image\":{\"@id\":\"https:\\\/\\\/www.enginplast.com\\\/#\\\/schema\\\/logo\\\/image\\\/\"}}]}<\/script>\n<!-- \/ Yoast SEO plugin. -->","yoast_head_json":{"title":"Services offerts  - Enginplast","robots":{"index":"index","follow":"follow","max-snippet":"max-snippet:-1","max-image-preview":"max-image-preview:large","max-video-preview":"max-video-preview:-1"},"canonical":"https:\/\/www.enginplast.com\/fr\/services-offerts\/","og_locale":"fr_FR","og_type":"article","og_title":"Services offerts  - Enginplast","og_description":"SERVICES OFFERTS PAR ENGIN PLAST Pr\u00e9-et post-vente Engin Plast con\u00e7oit et assemble ses syst\u00e8mes de fa\u00e7on autonome. Pour la r\u00e9alisation de chaque composant se r\u00e9f\u00e8re \u00e0 un r\u00e9seau d&rsquo;ateliers s\u00e9lectionn\u00e9s pour assurer des niveaux \u00e9lev\u00e9s de qualit\u00e9 et temps de r\u00e9ponse rapide. Engin Plast dispose d&rsquo;un personnel technique capable de g\u00e9rer chaque projet de mani\u00e8re [&hellip;]","og_url":"https:\/\/www.enginplast.com\/fr\/services-offerts\/","og_site_name":"Enginplast","article_modified_time":"2014-12-10T12:30:24+00:00","twitter_misc":{"Dur\u00e9e de lecture estim\u00e9e":"2 minutes"},"schema":{"@context":"https:\/\/schema.org","@graph":[{"@type":"WebPage","@id":"https:\/\/www.enginplast.com\/fr\/services-offerts\/","url":"https:\/\/www.enginplast.com\/fr\/services-offerts\/","name":"Services offerts - Enginplast","isPartOf":{"@id":"https:\/\/www.enginplast.com\/#website"},"datePublished":"2014-01-14T17:41:50+00:00","dateModified":"2014-12-10T12:30:24+00:00","breadcrumb":{"@id":"https:\/\/www.enginplast.com\/fr\/services-offerts\/#breadcrumb"},"inLanguage":"fr-FR","potentialAction":[{"@type":"ReadAction","target":["https:\/\/www.enginplast.com\/fr\/services-offerts\/"]}]},{"@type":"BreadcrumbList","@id":"https:\/\/www.enginplast.com\/fr\/services-offerts\/#breadcrumb","itemListElement":[{"@type":"ListItem","position":1,"name":"Home","item":"https:\/\/www.enginplast.com\/fr\/"},{"@type":"ListItem","position":2,"name":"Services offerts"}]},{"@type":"WebSite","@id":"https:\/\/www.enginplast.com\/#website","url":"https:\/\/www.enginplast.com\/","name":"Enginplast","description":"","publisher":{"@id":"https:\/\/www.enginplast.com\/#organization"},"potentialAction":[{"@type":"SearchAction","target":{"@type":"EntryPoint","urlTemplate":"https:\/\/www.enginplast.com\/?s={search_term_string}"},"query-input":{"@type":"PropertyValueSpecification","valueRequired":true,"valueName":"search_term_string"}}],"inLanguage":"fr-FR"},{"@type":"Organization","@id":"https:\/\/www.enginplast.com\/#organization","name":"Enginplast srl","url":"https:\/\/www.enginplast.com\/","logo":{"@type":"ImageObject","inLanguage":"fr-FR","@id":"https:\/\/www.enginplast.com\/#\/schema\/logo\/image\/","url":"https:\/\/www.enginplast.com\/wp-content\/uploads\/2014\/02\/logo-splash.jpg","contentUrl":"https:\/\/www.enginplast.com\/wp-content\/uploads\/2014\/02\/logo-splash.jpg","width":640,"height":275,"caption":"Enginplast srl"},"image":{"@id":"https:\/\/www.enginplast.com\/#\/schema\/logo\/image\/"}}]}},"_links":{"self":[{"href":"https:\/\/www.enginplast.com\/fr\/wp-json\/wp\/v2\/pages\/5692","targetHints":{"allow":["GET"]}}],"collection":[{"href":"https:\/\/www.enginplast.com\/fr\/wp-json\/wp\/v2\/pages"}],"about":[{"href":"https:\/\/www.enginplast.com\/fr\/wp-json\/wp\/v2\/types\/page"}],"author":[{"embeddable":true,"href":"https:\/\/www.enginplast.com\/fr\/wp-json\/wp\/v2\/users\/2"}],"replies":[{"embeddable":true,"href":"https:\/\/www.enginplast.com\/fr\/wp-json\/wp\/v2\/comments?post=5692"}],"version-history":[{"count":0,"href":"https:\/\/www.enginplast.com\/fr\/wp-json\/wp\/v2\/pages\/5692\/revisions"}],"wp:attachment":[{"href":"https:\/\/www.enginplast.com\/fr\/wp-json\/wp\/v2\/media?parent=5692"}],"curies":[{"name":"wp","href":"https:\/\/api.w.org\/{rel}","templated":true}]}}