{"id":5686,"date":"2013-07-02T09:52:45","date_gmt":"2013-07-02T09:52:45","guid":{"rendered":"https:\/\/www.enginplast.com\/?page_id=5686"},"modified":"2014-09-24T17:09:32","modified_gmt":"2014-09-24T15:09:32","slug":"broyeurs","status":"publish","type":"page","link":"https:\/\/www.enginplast.com\/fr\/nos-activites\/broyeurs\/","title":{"rendered":"Broyeurs"},"content":{"rendered":"<h2><a href=\"https:\/\/www.enginplast.com\/wp-content\/uploads\/2013\/07\/Impianti-Granulatori-EnginPlast-Bondeno-Ferrara-lavorazione-polimeri.jpg\"><img loading=\"lazy\" decoding=\"async\" class=\"size-full wp-image-4295 alignright\" alt=\"Impianti-Granulatori-EnginPlast-Bondeno-Ferrara-lavorazione-polimeri\" src=\"https:\/\/www.enginplast.com\/wp-content\/uploads\/2013\/07\/Impianti-Granulatori-EnginPlast-Bondeno-Ferrara-lavorazione-polimeri.jpg\" width=\"200\" height=\"300\" \/><\/a>Broyeurs<\/h2>\n<p style=\"text-align: justify;\">Les produits de ce secteur vous permettent de broyer les d\u00e9chets plastiques, provenant directement des lignes de production ou de collecte diff\u00e9renci\u00e9e obtenant un mat\u00e9riel broy\u00e9 qui gr\u00e2ce \u00e0 sa forme permet la r\u00e9utilisation compl\u00e9mentaire \u00e0 d&rsquo;autres mati\u00e8res premi\u00e8res dans l\u2019alimentation des lignes de production.<\/p>\n<p style=\"text-align: justify;\"><span style=\"line-height: 1.5em;\">Le mat\u00e9riel broy\u00e9 est obtenu par le d\u00e9coupage dynamique au moyen de lames fixes et rotatives<\/span><span style=\"line-height: 1.5em;\">.<\/span><\/p>\n<p>[separator top=\u00a0\u00bb40&Prime; style=\u00a0\u00bbshadow\u00a0\u00bb]<\/p>\n<h3>D\u00e9couvrez la gamme compl\u00e8te de nos produits:<\/h3>\n<p>[recent_works layout=\u00a0\u00bbcarousel\u00a0\u00bb filters=\u00a0\u00bbtrue\u00a0\u00bb columns=\u00a0\u00bb4&Prime; cat_slug=\u00a0\u00bbimpianti-per-recupero-e-riciclo\u00a0\u00bb number_posts=\u00a0\u00bb10&Prime; excerpt_words=\u00a0\u00bb15&Prime;][\/recent_works]<\/p>\n","protected":false},"excerpt":{"rendered":"<p>Broyeurs Les produits de ce secteur vous permettent de broyer les d\u00e9chets plastiques, provenant directement des lignes de production ou de collecte diff\u00e9renci\u00e9e obtenant un mat\u00e9riel broy\u00e9 qui gr\u00e2ce \u00e0 sa forme permet la r\u00e9utilisation compl\u00e9mentaire \u00e0 d&rsquo;autres mati\u00e8res premi\u00e8res dans l\u2019alimentation des lignes de production. Le mat\u00e9riel broy\u00e9 est obtenu par le d\u00e9coupage dynamique [&hellip;]<\/p>\n","protected":false},"author":2,"featured_media":0,"parent":5658,"menu_order":4,"comment_status":"closed","ping_status":"closed","template":"side-navigation.php","meta":{"footnotes":""},"class_list":["post-5686","page","type-page","status-publish","hentry"],"yoast_head":"<!-- This site is optimized with the Yoast SEO plugin v27.4 - https:\/\/yoast.com\/product\/yoast-seo-wordpress\/ -->\n<title>Broyeurs - Enginplast<\/title>\n<meta name=\"robots\" content=\"index, follow, max-snippet:-1, max-image-preview:large, max-video-preview:-1\" \/>\n<link rel=\"canonical\" href=\"https:\/\/www.enginplast.com\/fr\/nos-activites\/broyeurs\/\" \/>\n<meta property=\"og:locale\" content=\"fr_FR\" \/>\n<meta property=\"og:type\" content=\"article\" \/>\n<meta property=\"og:title\" content=\"Broyeurs - Enginplast\" \/>\n<meta property=\"og:description\" content=\"Broyeurs Les produits de ce secteur vous permettent de broyer les d\u00e9chets plastiques, provenant directement des lignes de production ou de collecte diff\u00e9renci\u00e9e obtenant un mat\u00e9riel broy\u00e9 qui gr\u00e2ce \u00e0 sa forme permet la r\u00e9utilisation compl\u00e9mentaire \u00e0 d&rsquo;autres mati\u00e8res premi\u00e8res dans l\u2019alimentation des lignes de production. Le mat\u00e9riel broy\u00e9 est obtenu par le d\u00e9coupage dynamique [&hellip;]\" \/>\n<meta property=\"og:url\" content=\"https:\/\/www.enginplast.com\/fr\/nos-activites\/broyeurs\/\" \/>\n<meta property=\"og:site_name\" content=\"Enginplast\" \/>\n<meta property=\"article:modified_time\" content=\"2014-09-24T15:09:32+00:00\" \/>\n<meta property=\"og:image\" content=\"https:\/\/www.enginplast.com\/wp-content\/uploads\/2013\/07\/Impianti-Granulatori-EnginPlast-Bondeno-Ferrara-lavorazione-polimeri.jpg\" \/>\n<meta name=\"twitter:label1\" content=\"Dur\u00e9e de lecture estim\u00e9e\" \/>\n\t<meta name=\"twitter:data1\" content=\"1 minute\" \/>\n<script type=\"application\/ld+json\" class=\"yoast-schema-graph\">{\"@context\":\"https:\\\/\\\/schema.org\",\"@graph\":[{\"@type\":\"WebPage\",\"@id\":\"https:\\\/\\\/www.enginplast.com\\\/fr\\\/nos-activites\\\/broyeurs\\\/\",\"url\":\"https:\\\/\\\/www.enginplast.com\\\/fr\\\/nos-activites\\\/broyeurs\\\/\",\"name\":\"Broyeurs - Enginplast\",\"isPartOf\":{\"@id\":\"https:\\\/\\\/www.enginplast.com\\\/#website\"},\"primaryImageOfPage\":{\"@id\":\"https:\\\/\\\/www.enginplast.com\\\/fr\\\/nos-activites\\\/broyeurs\\\/#primaryimage\"},\"image\":{\"@id\":\"https:\\\/\\\/www.enginplast.com\\\/fr\\\/nos-activites\\\/broyeurs\\\/#primaryimage\"},\"thumbnailUrl\":\"http:\\\/\\\/www.enginplast.com\\\/wp-content\\\/uploads\\\/2013\\\/07\\\/Impianti-Granulatori-EnginPlast-Bondeno-Ferrara-lavorazione-polimeri.jpg\",\"datePublished\":\"2013-07-02T09:52:45+00:00\",\"dateModified\":\"2014-09-24T15:09:32+00:00\",\"breadcrumb\":{\"@id\":\"https:\\\/\\\/www.enginplast.com\\\/fr\\\/nos-activites\\\/broyeurs\\\/#breadcrumb\"},\"inLanguage\":\"fr-FR\",\"potentialAction\":[{\"@type\":\"ReadAction\",\"target\":[\"https:\\\/\\\/www.enginplast.com\\\/fr\\\/nos-activites\\\/broyeurs\\\/\"]}]},{\"@type\":\"ImageObject\",\"inLanguage\":\"fr-FR\",\"@id\":\"https:\\\/\\\/www.enginplast.com\\\/fr\\\/nos-activites\\\/broyeurs\\\/#primaryimage\",\"url\":\"http:\\\/\\\/www.enginplast.com\\\/wp-content\\\/uploads\\\/2013\\\/07\\\/Impianti-Granulatori-EnginPlast-Bondeno-Ferrara-lavorazione-polimeri.jpg\",\"contentUrl\":\"http:\\\/\\\/www.enginplast.com\\\/wp-content\\\/uploads\\\/2013\\\/07\\\/Impianti-Granulatori-EnginPlast-Bondeno-Ferrara-lavorazione-polimeri.jpg\"},{\"@type\":\"BreadcrumbList\",\"@id\":\"https:\\\/\\\/www.enginplast.com\\\/fr\\\/nos-activites\\\/broyeurs\\\/#breadcrumb\",\"itemListElement\":[{\"@type\":\"ListItem\",\"position\":1,\"name\":\"Home\",\"item\":\"https:\\\/\\\/www.enginplast.com\\\/fr\\\/\"},{\"@type\":\"ListItem\",\"position\":2,\"name\":\"Nos activit\u00e9s\",\"item\":\"https:\\\/\\\/www.enginplast.com\\\/fr\\\/nos-activites\\\/\"},{\"@type\":\"ListItem\",\"position\":3,\"name\":\"Broyeurs\"}]},{\"@type\":\"WebSite\",\"@id\":\"https:\\\/\\\/www.enginplast.com\\\/#website\",\"url\":\"https:\\\/\\\/www.enginplast.com\\\/\",\"name\":\"Enginplast\",\"description\":\"\",\"publisher\":{\"@id\":\"https:\\\/\\\/www.enginplast.com\\\/#organization\"},\"potentialAction\":[{\"@type\":\"SearchAction\",\"target\":{\"@type\":\"EntryPoint\",\"urlTemplate\":\"https:\\\/\\\/www.enginplast.com\\\/?s={search_term_string}\"},\"query-input\":{\"@type\":\"PropertyValueSpecification\",\"valueRequired\":true,\"valueName\":\"search_term_string\"}}],\"inLanguage\":\"fr-FR\"},{\"@type\":\"Organization\",\"@id\":\"https:\\\/\\\/www.enginplast.com\\\/#organization\",\"name\":\"Enginplast srl\",\"url\":\"https:\\\/\\\/www.enginplast.com\\\/\",\"logo\":{\"@type\":\"ImageObject\",\"inLanguage\":\"fr-FR\",\"@id\":\"https:\\\/\\\/www.enginplast.com\\\/#\\\/schema\\\/logo\\\/image\\\/\",\"url\":\"https:\\\/\\\/www.enginplast.com\\\/wp-content\\\/uploads\\\/2014\\\/02\\\/logo-splash.jpg\",\"contentUrl\":\"https:\\\/\\\/www.enginplast.com\\\/wp-content\\\/uploads\\\/2014\\\/02\\\/logo-splash.jpg\",\"width\":640,\"height\":275,\"caption\":\"Enginplast srl\"},\"image\":{\"@id\":\"https:\\\/\\\/www.enginplast.com\\\/#\\\/schema\\\/logo\\\/image\\\/\"}}]}<\/script>\n<!-- \/ Yoast SEO plugin. -->","yoast_head_json":{"title":"Broyeurs - Enginplast","robots":{"index":"index","follow":"follow","max-snippet":"max-snippet:-1","max-image-preview":"max-image-preview:large","max-video-preview":"max-video-preview:-1"},"canonical":"https:\/\/www.enginplast.com\/fr\/nos-activites\/broyeurs\/","og_locale":"fr_FR","og_type":"article","og_title":"Broyeurs - Enginplast","og_description":"Broyeurs Les produits de ce secteur vous permettent de broyer les d\u00e9chets plastiques, provenant directement des lignes de production ou de collecte diff\u00e9renci\u00e9e obtenant un mat\u00e9riel broy\u00e9 qui gr\u00e2ce \u00e0 sa forme permet la r\u00e9utilisation compl\u00e9mentaire \u00e0 d&rsquo;autres mati\u00e8res premi\u00e8res dans l\u2019alimentation des lignes de production. Le mat\u00e9riel broy\u00e9 est obtenu par le d\u00e9coupage dynamique [&hellip;]","og_url":"https:\/\/www.enginplast.com\/fr\/nos-activites\/broyeurs\/","og_site_name":"Enginplast","article_modified_time":"2014-09-24T15:09:32+00:00","og_image":[{"url":"https:\/\/www.enginplast.com\/wp-content\/uploads\/2013\/07\/Impianti-Granulatori-EnginPlast-Bondeno-Ferrara-lavorazione-polimeri.jpg","type":"","width":"","height":""}],"twitter_misc":{"Dur\u00e9e de lecture estim\u00e9e":"1 minute"},"schema":{"@context":"https:\/\/schema.org","@graph":[{"@type":"WebPage","@id":"https:\/\/www.enginplast.com\/fr\/nos-activites\/broyeurs\/","url":"https:\/\/www.enginplast.com\/fr\/nos-activites\/broyeurs\/","name":"Broyeurs - Enginplast","isPartOf":{"@id":"https:\/\/www.enginplast.com\/#website"},"primaryImageOfPage":{"@id":"https:\/\/www.enginplast.com\/fr\/nos-activites\/broyeurs\/#primaryimage"},"image":{"@id":"https:\/\/www.enginplast.com\/fr\/nos-activites\/broyeurs\/#primaryimage"},"thumbnailUrl":"https:\/\/www.enginplast.com\/wp-content\/uploads\/2013\/07\/Impianti-Granulatori-EnginPlast-Bondeno-Ferrara-lavorazione-polimeri.jpg","datePublished":"2013-07-02T09:52:45+00:00","dateModified":"2014-09-24T15:09:32+00:00","breadcrumb":{"@id":"https:\/\/www.enginplast.com\/fr\/nos-activites\/broyeurs\/#breadcrumb"},"inLanguage":"fr-FR","potentialAction":[{"@type":"ReadAction","target":["https:\/\/www.enginplast.com\/fr\/nos-activites\/broyeurs\/"]}]},{"@type":"ImageObject","inLanguage":"fr-FR","@id":"https:\/\/www.enginplast.com\/fr\/nos-activites\/broyeurs\/#primaryimage","url":"https:\/\/www.enginplast.com\/wp-content\/uploads\/2013\/07\/Impianti-Granulatori-EnginPlast-Bondeno-Ferrara-lavorazione-polimeri.jpg","contentUrl":"https:\/\/www.enginplast.com\/wp-content\/uploads\/2013\/07\/Impianti-Granulatori-EnginPlast-Bondeno-Ferrara-lavorazione-polimeri.jpg"},{"@type":"BreadcrumbList","@id":"https:\/\/www.enginplast.com\/fr\/nos-activites\/broyeurs\/#breadcrumb","itemListElement":[{"@type":"ListItem","position":1,"name":"Home","item":"https:\/\/www.enginplast.com\/fr\/"},{"@type":"ListItem","position":2,"name":"Nos activit\u00e9s","item":"https:\/\/www.enginplast.com\/fr\/nos-activites\/"},{"@type":"ListItem","position":3,"name":"Broyeurs"}]},{"@type":"WebSite","@id":"https:\/\/www.enginplast.com\/#website","url":"https:\/\/www.enginplast.com\/","name":"Enginplast","description":"","publisher":{"@id":"https:\/\/www.enginplast.com\/#organization"},"potentialAction":[{"@type":"SearchAction","target":{"@type":"EntryPoint","urlTemplate":"https:\/\/www.enginplast.com\/?s={search_term_string}"},"query-input":{"@type":"PropertyValueSpecification","valueRequired":true,"valueName":"search_term_string"}}],"inLanguage":"fr-FR"},{"@type":"Organization","@id":"https:\/\/www.enginplast.com\/#organization","name":"Enginplast srl","url":"https:\/\/www.enginplast.com\/","logo":{"@type":"ImageObject","inLanguage":"fr-FR","@id":"https:\/\/www.enginplast.com\/#\/schema\/logo\/image\/","url":"https:\/\/www.enginplast.com\/wp-content\/uploads\/2014\/02\/logo-splash.jpg","contentUrl":"https:\/\/www.enginplast.com\/wp-content\/uploads\/2014\/02\/logo-splash.jpg","width":640,"height":275,"caption":"Enginplast srl"},"image":{"@id":"https:\/\/www.enginplast.com\/#\/schema\/logo\/image\/"}}]}},"_links":{"self":[{"href":"https:\/\/www.enginplast.com\/fr\/wp-json\/wp\/v2\/pages\/5686","targetHints":{"allow":["GET"]}}],"collection":[{"href":"https:\/\/www.enginplast.com\/fr\/wp-json\/wp\/v2\/pages"}],"about":[{"href":"https:\/\/www.enginplast.com\/fr\/wp-json\/wp\/v2\/types\/page"}],"author":[{"embeddable":true,"href":"https:\/\/www.enginplast.com\/fr\/wp-json\/wp\/v2\/users\/2"}],"replies":[{"embeddable":true,"href":"https:\/\/www.enginplast.com\/fr\/wp-json\/wp\/v2\/comments?post=5686"}],"version-history":[{"count":0,"href":"https:\/\/www.enginplast.com\/fr\/wp-json\/wp\/v2\/pages\/5686\/revisions"}],"up":[{"embeddable":true,"href":"https:\/\/www.enginplast.com\/fr\/wp-json\/wp\/v2\/pages\/5658"}],"wp:attachment":[{"href":"https:\/\/www.enginplast.com\/fr\/wp-json\/wp\/v2\/media?parent=5686"}],"curies":[{"name":"wp","href":"https:\/\/api.w.org\/{rel}","templated":true}]}}