{"id":5683,"date":"2013-07-02T09:49:59","date_gmt":"2013-07-02T09:49:59","guid":{"rendered":"https:\/\/www.enginplast.com\/?page_id=5683"},"modified":"2014-09-24T17:09:33","modified_gmt":"2014-09-24T15:09:33","slug":"transport-et-alimentation","status":"publish","type":"page","link":"https:\/\/www.enginplast.com\/fr\/nos-activites\/transport-et-alimentation\/","title":{"rendered":"Transport et alimentation"},"content":{"rendered":"<h2><a href=\"https:\/\/www.enginplast.com\/wp-content\/uploads\/2013\/07\/Impianti-Trasporto-Alimentazione-Impianti-Granulatori-EnginPlast-Bondeno-Ferrara-lavorazione-polimeri.jpg\"><img loading=\"lazy\" decoding=\"async\" class=\" wp-image-4293 alignright\" alt=\"Impianti-Trasporto-Alimentazione-Impianti-Granulatori-EnginPlast-Bondeno-Ferrara-lavorazione-polimeri\" src=\"https:\/\/www.enginplast.com\/wp-content\/uploads\/2013\/07\/Impianti-Trasporto-Alimentazione-Impianti-Granulatori-EnginPlast-Bondeno-Ferrara-lavorazione-polimeri.jpg\" width=\"277\" height=\"216\" srcset=\"https:\/\/www.enginplast.com\/wp-content\/uploads\/2013\/07\/Impianti-Trasporto-Alimentazione-Impianti-Granulatori-EnginPlast-Bondeno-Ferrara-lavorazione-polimeri.jpg 600w, https:\/\/www.enginplast.com\/wp-content\/uploads\/2013\/07\/Impianti-Trasporto-Alimentazione-Impianti-Granulatori-EnginPlast-Bondeno-Ferrara-lavorazione-polimeri-300x233.jpg 300w\" sizes=\"auto, (max-width: 277px) 100vw, 277px\" \/><\/a>Transport et alimentation<\/h2>\n<p style=\"text-align: justify;\">Engin Plast fabrique des syst\u00e8mes de convoyage pour mat\u00e9riau plastique sous forme de granul\u00e9s en utilisant la technologie de la d\u00e9pression.<\/p>\n<p style=\"text-align: justify;\">\u00a0Ces syst\u00e8mes peuvent \u00eatre caract\u00e9ris\u00e9s par des unit\u00e9s individuelles pour la gestion d&rsquo;un seul mat\u00e9riau ou par des unit\u00e9s centralis\u00e9es pour la gestion et la distribution de plusieurs mat\u00e9riaux.<\/p>\n<p>[separator top=\u00a0\u00bb40&Prime; style=\u00a0\u00bbshadow\u00a0\u00bb]<\/p>\n<h3>D\u00e9couvrez la gamme compl\u00e8te de nos produits:<\/h3>\n<p>[recent_works layout=\u00a0\u00bbcarousel\u00a0\u00bb filters=\u00a0\u00bbtrue\u00a0\u00bb columns=\u00a0\u00bb4&Prime; cat_slug=\u00a0\u00bbsistemi-di-trasporto-pneumatico\u00a0\u00bb number_posts=\u00a0\u00bb10&Prime; excerpt_words=\u00a0\u00bb15&Prime;][\/recent_works]<\/p>\n","protected":false},"excerpt":{"rendered":"<p>Transport et alimentation Engin Plast fabrique des syst\u00e8mes de convoyage pour mat\u00e9riau plastique sous forme de granul\u00e9s en utilisant la technologie de la d\u00e9pression. \u00a0Ces syst\u00e8mes peuvent \u00eatre caract\u00e9ris\u00e9s par des unit\u00e9s individuelles pour la gestion d&rsquo;un seul mat\u00e9riau ou par des unit\u00e9s centralis\u00e9es pour la gestion et la distribution de plusieurs mat\u00e9riaux. [separator top=\u00a0\u00bb40&Prime; [&hellip;]<\/p>\n","protected":false},"author":2,"featured_media":0,"parent":5658,"menu_order":3,"comment_status":"closed","ping_status":"closed","template":"side-navigation.php","meta":{"footnotes":""},"class_list":["post-5683","page","type-page","status-publish","hentry"],"yoast_head":"<!-- This site is optimized with the Yoast SEO plugin v27.4 - https:\/\/yoast.com\/product\/yoast-seo-wordpress\/ -->\n<title>Transport et alimentation - Enginplast<\/title>\n<meta name=\"robots\" content=\"index, follow, max-snippet:-1, max-image-preview:large, max-video-preview:-1\" \/>\n<link rel=\"canonical\" href=\"https:\/\/www.enginplast.com\/fr\/nos-activites\/transport-et-alimentation\/\" \/>\n<meta property=\"og:locale\" content=\"fr_FR\" \/>\n<meta property=\"og:type\" content=\"article\" \/>\n<meta property=\"og:title\" content=\"Transport et alimentation - Enginplast\" \/>\n<meta property=\"og:description\" content=\"Transport et alimentation Engin Plast fabrique des syst\u00e8mes de convoyage pour mat\u00e9riau plastique sous forme de granul\u00e9s en utilisant la technologie de la d\u00e9pression. \u00a0Ces syst\u00e8mes peuvent \u00eatre caract\u00e9ris\u00e9s par des unit\u00e9s individuelles pour la gestion d&rsquo;un seul mat\u00e9riau ou par des unit\u00e9s centralis\u00e9es pour la gestion et la distribution de plusieurs mat\u00e9riaux. [separator top=\u00a0\u00bb40&Prime; [&hellip;]\" \/>\n<meta property=\"og:url\" content=\"https:\/\/www.enginplast.com\/fr\/nos-activites\/transport-et-alimentation\/\" \/>\n<meta property=\"og:site_name\" content=\"Enginplast\" \/>\n<meta property=\"article:modified_time\" content=\"2014-09-24T15:09:33+00:00\" \/>\n<meta property=\"og:image\" content=\"https:\/\/www.enginplast.com\/wp-content\/uploads\/2013\/07\/Impianti-Trasporto-Alimentazione-Impianti-Granulatori-EnginPlast-Bondeno-Ferrara-lavorazione-polimeri.jpg\" \/>\n<script type=\"application\/ld+json\" class=\"yoast-schema-graph\">{\"@context\":\"https:\\\/\\\/schema.org\",\"@graph\":[{\"@type\":\"WebPage\",\"@id\":\"https:\\\/\\\/www.enginplast.com\\\/fr\\\/nos-activites\\\/transport-et-alimentation\\\/\",\"url\":\"https:\\\/\\\/www.enginplast.com\\\/fr\\\/nos-activites\\\/transport-et-alimentation\\\/\",\"name\":\"Transport et alimentation - Enginplast\",\"isPartOf\":{\"@id\":\"https:\\\/\\\/www.enginplast.com\\\/#website\"},\"primaryImageOfPage\":{\"@id\":\"https:\\\/\\\/www.enginplast.com\\\/fr\\\/nos-activites\\\/transport-et-alimentation\\\/#primaryimage\"},\"image\":{\"@id\":\"https:\\\/\\\/www.enginplast.com\\\/fr\\\/nos-activites\\\/transport-et-alimentation\\\/#primaryimage\"},\"thumbnailUrl\":\"http:\\\/\\\/www.enginplast.com\\\/wp-content\\\/uploads\\\/2013\\\/07\\\/Impianti-Trasporto-Alimentazione-Impianti-Granulatori-EnginPlast-Bondeno-Ferrara-lavorazione-polimeri.jpg\",\"datePublished\":\"2013-07-02T09:49:59+00:00\",\"dateModified\":\"2014-09-24T15:09:33+00:00\",\"breadcrumb\":{\"@id\":\"https:\\\/\\\/www.enginplast.com\\\/fr\\\/nos-activites\\\/transport-et-alimentation\\\/#breadcrumb\"},\"inLanguage\":\"fr-FR\",\"potentialAction\":[{\"@type\":\"ReadAction\",\"target\":[\"https:\\\/\\\/www.enginplast.com\\\/fr\\\/nos-activites\\\/transport-et-alimentation\\\/\"]}]},{\"@type\":\"ImageObject\",\"inLanguage\":\"fr-FR\",\"@id\":\"https:\\\/\\\/www.enginplast.com\\\/fr\\\/nos-activites\\\/transport-et-alimentation\\\/#primaryimage\",\"url\":\"http:\\\/\\\/www.enginplast.com\\\/wp-content\\\/uploads\\\/2013\\\/07\\\/Impianti-Trasporto-Alimentazione-Impianti-Granulatori-EnginPlast-Bondeno-Ferrara-lavorazione-polimeri.jpg\",\"contentUrl\":\"http:\\\/\\\/www.enginplast.com\\\/wp-content\\\/uploads\\\/2013\\\/07\\\/Impianti-Trasporto-Alimentazione-Impianti-Granulatori-EnginPlast-Bondeno-Ferrara-lavorazione-polimeri.jpg\"},{\"@type\":\"BreadcrumbList\",\"@id\":\"https:\\\/\\\/www.enginplast.com\\\/fr\\\/nos-activites\\\/transport-et-alimentation\\\/#breadcrumb\",\"itemListElement\":[{\"@type\":\"ListItem\",\"position\":1,\"name\":\"Home\",\"item\":\"https:\\\/\\\/www.enginplast.com\\\/fr\\\/\"},{\"@type\":\"ListItem\",\"position\":2,\"name\":\"Nos activit\u00e9s\",\"item\":\"https:\\\/\\\/www.enginplast.com\\\/fr\\\/nos-activites\\\/\"},{\"@type\":\"ListItem\",\"position\":3,\"name\":\"Transport et alimentation\"}]},{\"@type\":\"WebSite\",\"@id\":\"https:\\\/\\\/www.enginplast.com\\\/#website\",\"url\":\"https:\\\/\\\/www.enginplast.com\\\/\",\"name\":\"Enginplast\",\"description\":\"\",\"publisher\":{\"@id\":\"https:\\\/\\\/www.enginplast.com\\\/#organization\"},\"potentialAction\":[{\"@type\":\"SearchAction\",\"target\":{\"@type\":\"EntryPoint\",\"urlTemplate\":\"https:\\\/\\\/www.enginplast.com\\\/?s={search_term_string}\"},\"query-input\":{\"@type\":\"PropertyValueSpecification\",\"valueRequired\":true,\"valueName\":\"search_term_string\"}}],\"inLanguage\":\"fr-FR\"},{\"@type\":\"Organization\",\"@id\":\"https:\\\/\\\/www.enginplast.com\\\/#organization\",\"name\":\"Enginplast srl\",\"url\":\"https:\\\/\\\/www.enginplast.com\\\/\",\"logo\":{\"@type\":\"ImageObject\",\"inLanguage\":\"fr-FR\",\"@id\":\"https:\\\/\\\/www.enginplast.com\\\/#\\\/schema\\\/logo\\\/image\\\/\",\"url\":\"https:\\\/\\\/www.enginplast.com\\\/wp-content\\\/uploads\\\/2014\\\/02\\\/logo-splash.jpg\",\"contentUrl\":\"https:\\\/\\\/www.enginplast.com\\\/wp-content\\\/uploads\\\/2014\\\/02\\\/logo-splash.jpg\",\"width\":640,\"height\":275,\"caption\":\"Enginplast srl\"},\"image\":{\"@id\":\"https:\\\/\\\/www.enginplast.com\\\/#\\\/schema\\\/logo\\\/image\\\/\"}}]}<\/script>\n<!-- \/ Yoast SEO plugin. -->","yoast_head_json":{"title":"Transport et alimentation - Enginplast","robots":{"index":"index","follow":"follow","max-snippet":"max-snippet:-1","max-image-preview":"max-image-preview:large","max-video-preview":"max-video-preview:-1"},"canonical":"https:\/\/www.enginplast.com\/fr\/nos-activites\/transport-et-alimentation\/","og_locale":"fr_FR","og_type":"article","og_title":"Transport et alimentation - Enginplast","og_description":"Transport et alimentation Engin Plast fabrique des syst\u00e8mes de convoyage pour mat\u00e9riau plastique sous forme de granul\u00e9s en utilisant la technologie de la d\u00e9pression. \u00a0Ces syst\u00e8mes peuvent \u00eatre caract\u00e9ris\u00e9s par des unit\u00e9s individuelles pour la gestion d&rsquo;un seul mat\u00e9riau ou par des unit\u00e9s centralis\u00e9es pour la gestion et la distribution de plusieurs mat\u00e9riaux. [separator top=\u00a0\u00bb40&Prime; [&hellip;]","og_url":"https:\/\/www.enginplast.com\/fr\/nos-activites\/transport-et-alimentation\/","og_site_name":"Enginplast","article_modified_time":"2014-09-24T15:09:33+00:00","og_image":[{"url":"https:\/\/www.enginplast.com\/wp-content\/uploads\/2013\/07\/Impianti-Trasporto-Alimentazione-Impianti-Granulatori-EnginPlast-Bondeno-Ferrara-lavorazione-polimeri.jpg","type":"","width":"","height":""}],"schema":{"@context":"https:\/\/schema.org","@graph":[{"@type":"WebPage","@id":"https:\/\/www.enginplast.com\/fr\/nos-activites\/transport-et-alimentation\/","url":"https:\/\/www.enginplast.com\/fr\/nos-activites\/transport-et-alimentation\/","name":"Transport et alimentation - Enginplast","isPartOf":{"@id":"https:\/\/www.enginplast.com\/#website"},"primaryImageOfPage":{"@id":"https:\/\/www.enginplast.com\/fr\/nos-activites\/transport-et-alimentation\/#primaryimage"},"image":{"@id":"https:\/\/www.enginplast.com\/fr\/nos-activites\/transport-et-alimentation\/#primaryimage"},"thumbnailUrl":"https:\/\/www.enginplast.com\/wp-content\/uploads\/2013\/07\/Impianti-Trasporto-Alimentazione-Impianti-Granulatori-EnginPlast-Bondeno-Ferrara-lavorazione-polimeri.jpg","datePublished":"2013-07-02T09:49:59+00:00","dateModified":"2014-09-24T15:09:33+00:00","breadcrumb":{"@id":"https:\/\/www.enginplast.com\/fr\/nos-activites\/transport-et-alimentation\/#breadcrumb"},"inLanguage":"fr-FR","potentialAction":[{"@type":"ReadAction","target":["https:\/\/www.enginplast.com\/fr\/nos-activites\/transport-et-alimentation\/"]}]},{"@type":"ImageObject","inLanguage":"fr-FR","@id":"https:\/\/www.enginplast.com\/fr\/nos-activites\/transport-et-alimentation\/#primaryimage","url":"https:\/\/www.enginplast.com\/wp-content\/uploads\/2013\/07\/Impianti-Trasporto-Alimentazione-Impianti-Granulatori-EnginPlast-Bondeno-Ferrara-lavorazione-polimeri.jpg","contentUrl":"https:\/\/www.enginplast.com\/wp-content\/uploads\/2013\/07\/Impianti-Trasporto-Alimentazione-Impianti-Granulatori-EnginPlast-Bondeno-Ferrara-lavorazione-polimeri.jpg"},{"@type":"BreadcrumbList","@id":"https:\/\/www.enginplast.com\/fr\/nos-activites\/transport-et-alimentation\/#breadcrumb","itemListElement":[{"@type":"ListItem","position":1,"name":"Home","item":"https:\/\/www.enginplast.com\/fr\/"},{"@type":"ListItem","position":2,"name":"Nos activit\u00e9s","item":"https:\/\/www.enginplast.com\/fr\/nos-activites\/"},{"@type":"ListItem","position":3,"name":"Transport et alimentation"}]},{"@type":"WebSite","@id":"https:\/\/www.enginplast.com\/#website","url":"https:\/\/www.enginplast.com\/","name":"Enginplast","description":"","publisher":{"@id":"https:\/\/www.enginplast.com\/#organization"},"potentialAction":[{"@type":"SearchAction","target":{"@type":"EntryPoint","urlTemplate":"https:\/\/www.enginplast.com\/?s={search_term_string}"},"query-input":{"@type":"PropertyValueSpecification","valueRequired":true,"valueName":"search_term_string"}}],"inLanguage":"fr-FR"},{"@type":"Organization","@id":"https:\/\/www.enginplast.com\/#organization","name":"Enginplast srl","url":"https:\/\/www.enginplast.com\/","logo":{"@type":"ImageObject","inLanguage":"fr-FR","@id":"https:\/\/www.enginplast.com\/#\/schema\/logo\/image\/","url":"https:\/\/www.enginplast.com\/wp-content\/uploads\/2014\/02\/logo-splash.jpg","contentUrl":"https:\/\/www.enginplast.com\/wp-content\/uploads\/2014\/02\/logo-splash.jpg","width":640,"height":275,"caption":"Enginplast srl"},"image":{"@id":"https:\/\/www.enginplast.com\/#\/schema\/logo\/image\/"}}]}},"_links":{"self":[{"href":"https:\/\/www.enginplast.com\/fr\/wp-json\/wp\/v2\/pages\/5683","targetHints":{"allow":["GET"]}}],"collection":[{"href":"https:\/\/www.enginplast.com\/fr\/wp-json\/wp\/v2\/pages"}],"about":[{"href":"https:\/\/www.enginplast.com\/fr\/wp-json\/wp\/v2\/types\/page"}],"author":[{"embeddable":true,"href":"https:\/\/www.enginplast.com\/fr\/wp-json\/wp\/v2\/users\/2"}],"replies":[{"embeddable":true,"href":"https:\/\/www.enginplast.com\/fr\/wp-json\/wp\/v2\/comments?post=5683"}],"version-history":[{"count":0,"href":"https:\/\/www.enginplast.com\/fr\/wp-json\/wp\/v2\/pages\/5683\/revisions"}],"up":[{"embeddable":true,"href":"https:\/\/www.enginplast.com\/fr\/wp-json\/wp\/v2\/pages\/5658"}],"wp:attachment":[{"href":"https:\/\/www.enginplast.com\/fr\/wp-json\/wp\/v2\/media?parent=5683"}],"curies":[{"name":"wp","href":"https:\/\/api.w.org\/{rel}","templated":true}]}}