{"id":5680,"date":"2013-07-02T09:45:12","date_gmt":"2013-07-02T09:45:12","guid":{"rendered":"https:\/\/www.enginplast.com\/?page_id=5680"},"modified":"2014-09-24T17:09:33","modified_gmt":"2014-09-24T15:09:33","slug":"systemes-de-dosage-volumetrique","status":"publish","type":"page","link":"https:\/\/www.enginplast.com\/fr\/nos-activites\/systemes-de-dosage-volumetrique\/","title":{"rendered":"Syst\u00e8mes de dosage volum\u00e9trique"},"content":{"rendered":"<h3><a href=\"https:\/\/www.enginplast.com\/wp-content\/uploads\/2013\/07\/Impianti-Volumetrici-Impianti-Granulatori-EnginPlast-Bondeno-Ferrara-lavorazione-polimeri.png\"><img loading=\"lazy\" decoding=\"async\" class=\"size-full wp-image-4288 alignright\" alt=\"Impianti-Volumetrici-Impianti-Granulatori-EnginPlast-Bondeno-Ferrara-lavorazione-polimeri\" src=\"https:\/\/www.enginplast.com\/wp-content\/uploads\/2013\/07\/Impianti-Volumetrici-Impianti-Granulatori-EnginPlast-Bondeno-Ferrara-lavorazione-polimeri.png\" width=\"188\" height=\"321\" srcset=\"https:\/\/www.enginplast.com\/wp-content\/uploads\/2013\/07\/Impianti-Volumetrici-Impianti-Granulatori-EnginPlast-Bondeno-Ferrara-lavorazione-polimeri.png 188w, https:\/\/www.enginplast.com\/wp-content\/uploads\/2013\/07\/Impianti-Volumetrici-Impianti-Granulatori-EnginPlast-Bondeno-Ferrara-lavorazione-polimeri-175x300.png 175w\" sizes=\"auto, (max-width: 188px) 100vw, 188px\" \/><\/a>Syst\u00e8mes de dosage volum\u00e9trique<\/h3>\n<p style=\"text-align: justify;\">Ils sont des \u00e9quipements pour le dosage de mati\u00e8res plastiques faites en utilisant unit\u00e9s de dosage \u00e0 vis rotative; la morphologie de ces syst\u00e8mes peut \u00eatre globalement diff\u00e9rente, en fonction de l&rsquo;application et du type de technologie de dosage (\u00e0 variation de vitesse\u00a0ou \u00e0 variation de temps).<\/p>\n<p style=\"text-align: justify;\"><span style=\"line-height: 1.5em;\">La technologie utilis\u00e9e par Engin Plast, pour les syst\u00e8mes de dosage volum\u00e9trique, est de deux types:<\/span><\/p>\n<p style=\"text-align: justify;\"><span style=\"line-height: 1.5em;\">&#8211;\u00a0\u00a0\u00a0\u00a0\u00a0\u00a0\u00a0 Technologie \u00e0 variation de vitesse; chaque composant a \u00e0 sa disposition une unit\u00e9 de dosage dont le d\u00e9bit est d\u00e9termin\u00e9 par la vitesse de rotation imprim\u00e9 \u00e0 la vis de dosage.<\/span><\/p>\n<p style=\"text-align: justify;\">&#8211;\u00a0\u00a0\u00a0\u00a0\u00a0\u00a0\u00a0 Technologie \u00e0 variation de temps; chaque unit\u00e9 de dosage est actionn\u00e9e \u00e0 une vitesse d\u00e9termin\u00e9e par le syst\u00e8me de contr\u00f4le pour un intervalle de temps n\u00e9cessaire au dosage fix\u00e9.<\/p>\n<p><span style=\"line-height: 1.5em;\">[separator top=\u00a0\u00bb40&Prime; style=\u00a0\u00bbshadow\u00a0\u00bb]<\/span><\/p>\n<h3>D\u00e9couvrez la gamme compl\u00e8te de nos produits:<\/h3>\n<p>[recent_works layout=\u00a0\u00bbcarousel\u00a0\u00bb filters=\u00a0\u00bbtrue\u00a0\u00bb columns=\u00a0\u00bb2&Prime; cat_slug=\u00a0\u00bbdosaggio-volumetrico\u00a0\u00bb number_posts=\u00a0\u00bb10&Prime; excerpt_words=\u00a0\u00bb15&Prime;][\/recent_works]<\/p>\n","protected":false},"excerpt":{"rendered":"<p>Syst\u00e8mes de dosage volum\u00e9trique Ils sont des \u00e9quipements pour le dosage de mati\u00e8res plastiques faites en utilisant unit\u00e9s de dosage \u00e0 vis rotative; la morphologie de ces syst\u00e8mes peut \u00eatre globalement diff\u00e9rente, en fonction de l&rsquo;application et du type de technologie de dosage (\u00e0 variation de vitesse\u00a0ou \u00e0 variation de temps). La technologie utilis\u00e9e par [&hellip;]<\/p>\n","protected":false},"author":2,"featured_media":0,"parent":5658,"menu_order":2,"comment_status":"closed","ping_status":"closed","template":"side-navigation.php","meta":{"footnotes":""},"class_list":["post-5680","page","type-page","status-publish","hentry"],"yoast_head":"<!-- This site is optimized with the Yoast SEO plugin v27.4 - https:\/\/yoast.com\/product\/yoast-seo-wordpress\/ -->\n<title>Impianti di dosaggio Volumetrici - Bondeno - Ferrara - Enginplast srl<\/title>\n<meta name=\"description\" content=\"Gli impianti di dosaggio volumetrici Sono apparecchiature per il dosaggio di materie plastiche realizzate mediante unit\u00e0 di dosaggio a coclea rotante,\" \/>\n<meta name=\"robots\" content=\"index, follow, max-snippet:-1, max-image-preview:large, max-video-preview:-1\" \/>\n<link rel=\"canonical\" href=\"https:\/\/www.enginplast.com\/fr\/nos-activites\/systemes-de-dosage-volumetrique\/\" \/>\n<meta property=\"og:locale\" content=\"fr_FR\" \/>\n<meta property=\"og:type\" content=\"article\" \/>\n<meta property=\"og:title\" content=\"Impianti di dosaggio Volumetrici - Bondeno - Ferrara - Enginplast srl\" \/>\n<meta property=\"og:description\" content=\"Gli impianti di dosaggio volumetrici Sono apparecchiature per il dosaggio di materie plastiche realizzate mediante unit\u00e0 di dosaggio a coclea rotante,\" \/>\n<meta property=\"og:url\" content=\"https:\/\/www.enginplast.com\/fr\/nos-activites\/systemes-de-dosage-volumetrique\/\" \/>\n<meta property=\"og:site_name\" content=\"Enginplast\" \/>\n<meta property=\"article:modified_time\" content=\"2014-09-24T15:09:33+00:00\" \/>\n<meta property=\"og:image\" content=\"https:\/\/www.enginplast.com\/wp-content\/uploads\/2013\/07\/Impianti-Volumetrici-Impianti-Granulatori-EnginPlast-Bondeno-Ferrara-lavorazione-polimeri.png\" \/>\n<meta name=\"twitter:label1\" content=\"Dur\u00e9e de lecture estim\u00e9e\" \/>\n\t<meta name=\"twitter:data1\" content=\"1 minute\" \/>\n<script type=\"application\/ld+json\" class=\"yoast-schema-graph\">{\"@context\":\"https:\\\/\\\/schema.org\",\"@graph\":[{\"@type\":\"WebPage\",\"@id\":\"https:\\\/\\\/www.enginplast.com\\\/fr\\\/nos-activites\\\/systemes-de-dosage-volumetrique\\\/\",\"url\":\"https:\\\/\\\/www.enginplast.com\\\/fr\\\/nos-activites\\\/systemes-de-dosage-volumetrique\\\/\",\"name\":\"Impianti di dosaggio Volumetrici - Bondeno - Ferrara - Enginplast srl\",\"isPartOf\":{\"@id\":\"https:\\\/\\\/www.enginplast.com\\\/#website\"},\"primaryImageOfPage\":{\"@id\":\"https:\\\/\\\/www.enginplast.com\\\/fr\\\/nos-activites\\\/systemes-de-dosage-volumetrique\\\/#primaryimage\"},\"image\":{\"@id\":\"https:\\\/\\\/www.enginplast.com\\\/fr\\\/nos-activites\\\/systemes-de-dosage-volumetrique\\\/#primaryimage\"},\"thumbnailUrl\":\"http:\\\/\\\/www.enginplast.com\\\/wp-content\\\/uploads\\\/2013\\\/07\\\/Impianti-Volumetrici-Impianti-Granulatori-EnginPlast-Bondeno-Ferrara-lavorazione-polimeri.png\",\"datePublished\":\"2013-07-02T09:45:12+00:00\",\"dateModified\":\"2014-09-24T15:09:33+00:00\",\"description\":\"Gli impianti di dosaggio volumetrici Sono apparecchiature per il dosaggio di materie plastiche realizzate mediante unit\u00e0 di dosaggio a coclea rotante,\",\"breadcrumb\":{\"@id\":\"https:\\\/\\\/www.enginplast.com\\\/fr\\\/nos-activites\\\/systemes-de-dosage-volumetrique\\\/#breadcrumb\"},\"inLanguage\":\"fr-FR\",\"potentialAction\":[{\"@type\":\"ReadAction\",\"target\":[\"https:\\\/\\\/www.enginplast.com\\\/fr\\\/nos-activites\\\/systemes-de-dosage-volumetrique\\\/\"]}]},{\"@type\":\"ImageObject\",\"inLanguage\":\"fr-FR\",\"@id\":\"https:\\\/\\\/www.enginplast.com\\\/fr\\\/nos-activites\\\/systemes-de-dosage-volumetrique\\\/#primaryimage\",\"url\":\"http:\\\/\\\/www.enginplast.com\\\/wp-content\\\/uploads\\\/2013\\\/07\\\/Impianti-Volumetrici-Impianti-Granulatori-EnginPlast-Bondeno-Ferrara-lavorazione-polimeri.png\",\"contentUrl\":\"http:\\\/\\\/www.enginplast.com\\\/wp-content\\\/uploads\\\/2013\\\/07\\\/Impianti-Volumetrici-Impianti-Granulatori-EnginPlast-Bondeno-Ferrara-lavorazione-polimeri.png\"},{\"@type\":\"BreadcrumbList\",\"@id\":\"https:\\\/\\\/www.enginplast.com\\\/fr\\\/nos-activites\\\/systemes-de-dosage-volumetrique\\\/#breadcrumb\",\"itemListElement\":[{\"@type\":\"ListItem\",\"position\":1,\"name\":\"Home\",\"item\":\"https:\\\/\\\/www.enginplast.com\\\/fr\\\/\"},{\"@type\":\"ListItem\",\"position\":2,\"name\":\"Nos activit\u00e9s\",\"item\":\"https:\\\/\\\/www.enginplast.com\\\/fr\\\/nos-activites\\\/\"},{\"@type\":\"ListItem\",\"position\":3,\"name\":\"Syst\u00e8mes de dosage volum\u00e9trique\"}]},{\"@type\":\"WebSite\",\"@id\":\"https:\\\/\\\/www.enginplast.com\\\/#website\",\"url\":\"https:\\\/\\\/www.enginplast.com\\\/\",\"name\":\"Enginplast\",\"description\":\"\",\"publisher\":{\"@id\":\"https:\\\/\\\/www.enginplast.com\\\/#organization\"},\"potentialAction\":[{\"@type\":\"SearchAction\",\"target\":{\"@type\":\"EntryPoint\",\"urlTemplate\":\"https:\\\/\\\/www.enginplast.com\\\/?s={search_term_string}\"},\"query-input\":{\"@type\":\"PropertyValueSpecification\",\"valueRequired\":true,\"valueName\":\"search_term_string\"}}],\"inLanguage\":\"fr-FR\"},{\"@type\":\"Organization\",\"@id\":\"https:\\\/\\\/www.enginplast.com\\\/#organization\",\"name\":\"Enginplast srl\",\"url\":\"https:\\\/\\\/www.enginplast.com\\\/\",\"logo\":{\"@type\":\"ImageObject\",\"inLanguage\":\"fr-FR\",\"@id\":\"https:\\\/\\\/www.enginplast.com\\\/#\\\/schema\\\/logo\\\/image\\\/\",\"url\":\"https:\\\/\\\/www.enginplast.com\\\/wp-content\\\/uploads\\\/2014\\\/02\\\/logo-splash.jpg\",\"contentUrl\":\"https:\\\/\\\/www.enginplast.com\\\/wp-content\\\/uploads\\\/2014\\\/02\\\/logo-splash.jpg\",\"width\":640,\"height\":275,\"caption\":\"Enginplast srl\"},\"image\":{\"@id\":\"https:\\\/\\\/www.enginplast.com\\\/#\\\/schema\\\/logo\\\/image\\\/\"}}]}<\/script>\n<!-- \/ Yoast SEO plugin. -->","yoast_head_json":{"title":"Impianti di dosaggio Volumetrici - Bondeno - Ferrara - Enginplast srl","description":"Gli impianti di dosaggio volumetrici Sono apparecchiature per il dosaggio di materie plastiche realizzate mediante unit\u00e0 di dosaggio a coclea rotante,","robots":{"index":"index","follow":"follow","max-snippet":"max-snippet:-1","max-image-preview":"max-image-preview:large","max-video-preview":"max-video-preview:-1"},"canonical":"https:\/\/www.enginplast.com\/fr\/nos-activites\/systemes-de-dosage-volumetrique\/","og_locale":"fr_FR","og_type":"article","og_title":"Impianti di dosaggio Volumetrici - Bondeno - Ferrara - Enginplast srl","og_description":"Gli impianti di dosaggio volumetrici Sono apparecchiature per il dosaggio di materie plastiche realizzate mediante unit\u00e0 di dosaggio a coclea rotante,","og_url":"https:\/\/www.enginplast.com\/fr\/nos-activites\/systemes-de-dosage-volumetrique\/","og_site_name":"Enginplast","article_modified_time":"2014-09-24T15:09:33+00:00","og_image":[{"url":"https:\/\/www.enginplast.com\/wp-content\/uploads\/2013\/07\/Impianti-Volumetrici-Impianti-Granulatori-EnginPlast-Bondeno-Ferrara-lavorazione-polimeri.png","type":"","width":"","height":""}],"twitter_misc":{"Dur\u00e9e de lecture estim\u00e9e":"1 minute"},"schema":{"@context":"https:\/\/schema.org","@graph":[{"@type":"WebPage","@id":"https:\/\/www.enginplast.com\/fr\/nos-activites\/systemes-de-dosage-volumetrique\/","url":"https:\/\/www.enginplast.com\/fr\/nos-activites\/systemes-de-dosage-volumetrique\/","name":"Impianti di dosaggio Volumetrici - Bondeno - Ferrara - Enginplast srl","isPartOf":{"@id":"https:\/\/www.enginplast.com\/#website"},"primaryImageOfPage":{"@id":"https:\/\/www.enginplast.com\/fr\/nos-activites\/systemes-de-dosage-volumetrique\/#primaryimage"},"image":{"@id":"https:\/\/www.enginplast.com\/fr\/nos-activites\/systemes-de-dosage-volumetrique\/#primaryimage"},"thumbnailUrl":"https:\/\/www.enginplast.com\/wp-content\/uploads\/2013\/07\/Impianti-Volumetrici-Impianti-Granulatori-EnginPlast-Bondeno-Ferrara-lavorazione-polimeri.png","datePublished":"2013-07-02T09:45:12+00:00","dateModified":"2014-09-24T15:09:33+00:00","description":"Gli impianti di dosaggio volumetrici Sono apparecchiature per il dosaggio di materie plastiche realizzate mediante unit\u00e0 di dosaggio a coclea rotante,","breadcrumb":{"@id":"https:\/\/www.enginplast.com\/fr\/nos-activites\/systemes-de-dosage-volumetrique\/#breadcrumb"},"inLanguage":"fr-FR","potentialAction":[{"@type":"ReadAction","target":["https:\/\/www.enginplast.com\/fr\/nos-activites\/systemes-de-dosage-volumetrique\/"]}]},{"@type":"ImageObject","inLanguage":"fr-FR","@id":"https:\/\/www.enginplast.com\/fr\/nos-activites\/systemes-de-dosage-volumetrique\/#primaryimage","url":"https:\/\/www.enginplast.com\/wp-content\/uploads\/2013\/07\/Impianti-Volumetrici-Impianti-Granulatori-EnginPlast-Bondeno-Ferrara-lavorazione-polimeri.png","contentUrl":"https:\/\/www.enginplast.com\/wp-content\/uploads\/2013\/07\/Impianti-Volumetrici-Impianti-Granulatori-EnginPlast-Bondeno-Ferrara-lavorazione-polimeri.png"},{"@type":"BreadcrumbList","@id":"https:\/\/www.enginplast.com\/fr\/nos-activites\/systemes-de-dosage-volumetrique\/#breadcrumb","itemListElement":[{"@type":"ListItem","position":1,"name":"Home","item":"https:\/\/www.enginplast.com\/fr\/"},{"@type":"ListItem","position":2,"name":"Nos activit\u00e9s","item":"https:\/\/www.enginplast.com\/fr\/nos-activites\/"},{"@type":"ListItem","position":3,"name":"Syst\u00e8mes de dosage volum\u00e9trique"}]},{"@type":"WebSite","@id":"https:\/\/www.enginplast.com\/#website","url":"https:\/\/www.enginplast.com\/","name":"Enginplast","description":"","publisher":{"@id":"https:\/\/www.enginplast.com\/#organization"},"potentialAction":[{"@type":"SearchAction","target":{"@type":"EntryPoint","urlTemplate":"https:\/\/www.enginplast.com\/?s={search_term_string}"},"query-input":{"@type":"PropertyValueSpecification","valueRequired":true,"valueName":"search_term_string"}}],"inLanguage":"fr-FR"},{"@type":"Organization","@id":"https:\/\/www.enginplast.com\/#organization","name":"Enginplast srl","url":"https:\/\/www.enginplast.com\/","logo":{"@type":"ImageObject","inLanguage":"fr-FR","@id":"https:\/\/www.enginplast.com\/#\/schema\/logo\/image\/","url":"https:\/\/www.enginplast.com\/wp-content\/uploads\/2014\/02\/logo-splash.jpg","contentUrl":"https:\/\/www.enginplast.com\/wp-content\/uploads\/2014\/02\/logo-splash.jpg","width":640,"height":275,"caption":"Enginplast srl"},"image":{"@id":"https:\/\/www.enginplast.com\/#\/schema\/logo\/image\/"}}]}},"_links":{"self":[{"href":"https:\/\/www.enginplast.com\/fr\/wp-json\/wp\/v2\/pages\/5680","targetHints":{"allow":["GET"]}}],"collection":[{"href":"https:\/\/www.enginplast.com\/fr\/wp-json\/wp\/v2\/pages"}],"about":[{"href":"https:\/\/www.enginplast.com\/fr\/wp-json\/wp\/v2\/types\/page"}],"author":[{"embeddable":true,"href":"https:\/\/www.enginplast.com\/fr\/wp-json\/wp\/v2\/users\/2"}],"replies":[{"embeddable":true,"href":"https:\/\/www.enginplast.com\/fr\/wp-json\/wp\/v2\/comments?post=5680"}],"version-history":[{"count":0,"href":"https:\/\/www.enginplast.com\/fr\/wp-json\/wp\/v2\/pages\/5680\/revisions"}],"up":[{"embeddable":true,"href":"https:\/\/www.enginplast.com\/fr\/wp-json\/wp\/v2\/pages\/5658"}],"wp:attachment":[{"href":"https:\/\/www.enginplast.com\/fr\/wp-json\/wp\/v2\/media?parent=5680"}],"curies":[{"name":"wp","href":"https:\/\/api.w.org\/{rel}","templated":true}]}}