{"id":5668,"date":"2014-09-19T09:01:23","date_gmt":"2014-09-19T07:01:23","guid":{"rendered":"https:\/\/www.enginplast.com\/?page_id=5668"},"modified":"2014-09-19T09:11:40","modified_gmt":"2014-09-19T07:11:40","slug":"sitemap-fra","status":"publish","type":"page","link":"https:\/\/www.enginplast.com\/fr\/sitemap-fra\/","title":{"rendered":"Sitemap"},"content":{"rendered":"<div class=\"wsp-container\"><h2 class=\"wsp-pages-title\">Pages<\/h2>\n<ul class=\"wsp-pages-list\">\n<li class=\"page_item page-item-5615 page_item_has_children\"><a href=\"https:\/\/www.enginplast.com\/fr\/propos-de-nous\/\">\u00c0 propos de nous<\/a>\n<ul class='children'>\n\t<li class=\"page_item page-item-5623\"><a href=\"https:\/\/www.enginplast.com\/fr\/propos-de-nous\/histoire\/\">Histoire<\/a><\/li>\n\t<li class=\"page_item page-item-5626\"><a href=\"https:\/\/www.enginplast.com\/fr\/propos-de-nous\/vision\/\">Vision<\/a><\/li>\n\t<li class=\"page_item page-item-5629\"><a href=\"https:\/\/www.enginplast.com\/fr\/propos-de-nous\/mission\/\">Mission<\/a><\/li>\n\t<li class=\"page_item page-item-5634\"><a href=\"https:\/\/www.enginplast.com\/fr\/propos-de-nous\/les-valeurs-engin-plast\/\">Les valeurs Engin Plast<\/a><\/li>\n\t<li class=\"page_item page-item-6401\"><a href=\"https:\/\/www.enginplast.com\/fr\/propos-de-nous\/brochure-dentreprise\/\">Brochure d&rsquo;Entrepise<\/a><\/li>\n\t<li class=\"page_item page-item-6492\"><a href=\"https:\/\/www.enginplast.com\/fr\/propos-de-nous\/video-dentreprise\/\">Vid\u00e9o d&rsquo;Entreprise<\/a><\/li>\n\t<li class=\"page_item page-item-5689\"><a href=\"https:\/\/www.enginplast.com\/fr\/propos-de-nous\/dans-le-monde\/\">Dans le monde<\/a><\/li>\n<\/ul>\n<\/li>\n<li class=\"page_item page-item-9149 page_item_has_children\"><a href=\"https:\/\/www.enginplast.com\/fr\/a-propos-de-nous\/\">\u00c0 propos de nous<\/a>\n<ul class='children'>\n\t<li class=\"page_item page-item-9153\"><a href=\"https:\/\/www.enginplast.com\/fr\/a-propos-de-nous\/les-valeurs-engin-plast\/\">Les valeurs Engin Plast<\/a><\/li>\n<\/ul>\n<\/li>\n<li class=\"page_item page-item-6403 page_item_has_children\"><a href=\"https:\/\/www.enginplast.com\/fr\/aire-clients\/\">Aire Clients<\/a>\n<ul class='children'>\n\t<li class=\"page_item page-item-6468\"><a href=\"https:\/\/www.enginplast.com\/fr\/aire-clients\/dashboard\/\">Dashboard<\/a><\/li>\n\t<li class=\"page_item page-item-6406\"><a href=\"https:\/\/www.enginplast.com\/fr\/aire-clients\/file\/\">File<\/a><\/li>\n\t<li class=\"page_item page-item-6470\"><a href=\"https:\/\/www.enginplast.com\/fr\/aire-clients\/mes-files\/\">Mes Files<\/a><\/li>\n\t<li class=\"page_item page-item-6407\"><a href=\"https:\/\/www.enginplast.com\/fr\/aire-clients\/pages\/\">Pages<\/a><\/li>\n\t<li class=\"page_item page-item-6474\"><a href=\"https:\/\/www.enginplast.com\/fr\/aire-clients\/mes-pages\/\">Mes pages<\/a><\/li>\n\t<li class=\"page_item page-item-6480\"><a href=\"https:\/\/www.enginplast.com\/fr\/aire-clients\/mon-account\/\">Mon account<\/a><\/li>\n\t<li class=\"page_item page-item-6484\"><a href=\"https:\/\/www.enginplast.com\/fr\/aire-clients\/details-account\/\">D\u00e9tails account<\/a><\/li>\n\t<li class=\"page_item page-item-6488\"><a href=\"https:\/\/www.enginplast.com\/fr\/aire-clients\/edit-account\/\">Edit account<\/a><\/li>\n\t<li class=\"page_item page-item-6490\"><a href=\"https:\/\/www.enginplast.com\/fr\/aire-clients\/logout\/\">Logout<\/a><\/li>\n<\/ul>\n<\/li>\n<li class=\"page_item page-item-5696\"><a href=\"https:\/\/www.enginplast.com\/fr\/applications\/\">Applications<\/a><\/li>\n<li class=\"page_item page-item-5763\"><a href=\"https:\/\/www.enginplast.com\/fr\/broyeurs\/\">Broyeurs<\/a><\/li>\n<li class=\"page_item page-item-9355\"><a href=\"https:\/\/www.enginplast.com\/fr\/cables-tuyaux-et-profiles\/\">C\u00e2bles, Tuyaux et Profil\u00e9s<\/a><\/li>\n<li class=\"page_item page-item-9359\"><a href=\"https:\/\/www.enginplast.com\/fr\/compound\/\">Compound<\/a><\/li>\n<li class=\"page_item page-item-5641\"><a href=\"https:\/\/www.enginplast.com\/fr\/nos-contacts\/\">Contacts<\/a><\/li>\n<li class=\"page_item page-item-9157\"><a href=\"https:\/\/www.enginplast.com\/fr\/contacts\/\">Contacts<\/a><\/li>\n<li class=\"page_item page-item-8027\"><a href=\"https:\/\/www.enginplast.com\/fr\/demande-fiche-produit\/\">Demande Fiche produit<\/a><\/li>\n<li class=\"page_item page-item-5770\"><a href=\"https:\/\/www.enginplast.com\/fr\/dosage-gravimetrique\/\">Dosage gravim\u00e9trique<\/a><\/li>\n<li class=\"page_item page-item-5766\"><a href=\"https:\/\/www.enginplast.com\/fr\/dosage-volumetrique\/\">Dosage volum\u00e9trique<\/a><\/li>\n<li class=\"page_item page-item-9363\"><a href=\"https:\/\/www.enginplast.com\/fr\/film\/\">Film<\/a><\/li>\n<li class=\"page_item page-item-9410\"><a href=\"https:\/\/www.enginplast.com\/fr\/\">Home<\/a><\/li>\n<li class=\"page_item page-item-9393\"><a href=\"https:\/\/www.enginplast.com\/fr\/medical\/\">M\u00e9dical<\/a><\/li>\n<li class=\"page_item page-item-5609 page_item_has_children\"><a href=\"https:\/\/www.enginplast.com\/fr\/news\/\">News<\/a>\n<ul class='children'>\n\t<li class=\"page_item page-item-5814\"><a href=\"https:\/\/www.enginplast.com\/fr\/news\/events\/\">Events<\/a><\/li>\n<\/ul>\n<\/li>\n<li class=\"page_item page-item-6380\"><a href=\"https:\/\/www.enginplast.com\/fr\/newsletter\/\">Newsletter<\/a><\/li>\n<li class=\"page_item page-item-5562\"><a href=\"https:\/\/www.enginplast.com\/fr\/home-2-3\/\">Page d&rsquo;accueil<\/a><\/li>\n<li class=\"page_item page-item-6494\"><a href=\"https:\/\/www.enginplast.com\/fr\/privacy-fr\/\">Privacy<\/a><\/li>\n<li class=\"page_item page-item-6103 page_item_has_children\"><a href=\"https:\/\/www.enginplast.com\/fr\/produits\/\">Produits<\/a>\n<ul class='children'>\n\t<li class=\"page_item page-item-6369\"><a href=\"https:\/\/www.enginplast.com\/fr\/produits\/alimentation-forcee-af\/\">Alimentation Forc\u00e9e \u201cAF\u201d<\/a><\/li>\n\t<li class=\"page_item page-item-6119\"><a href=\"https:\/\/www.enginplast.com\/fr\/produits\/dosage-gravimetrique\/\">Dosage gravim\u00e9trique<\/a><\/li>\n\t<li class=\"page_item page-item-6131\"><a href=\"https:\/\/www.enginplast.com\/fr\/produits\/dosage-volumetrique\/\">Dosage volum\u00e9trique<\/a><\/li>\n\t<li class=\"page_item page-item-6123\"><a href=\"https:\/\/www.enginplast.com\/fr\/produits\/systemes-de-transport-pneumatique\/\">Syst\u00e8mes de transport pneumatique<\/a><\/li>\n\t<li class=\"page_item page-item-6129\"><a href=\"https:\/\/www.enginplast.com\/fr\/produits\/systemes-pour-la-recuperation-et-le-recyclage\/\">Syst\u00e8mes pour la r\u00e9cup\u00e9ration et le recyclage<\/a><\/li>\n<\/ul>\n<\/li>\n<li class=\"page_item page-item-9397\"><a href=\"https:\/\/www.enginplast.com\/fr\/recyclage\/\">Recyclage<\/a><\/li>\n<li class=\"page_item page-item-5692\"><a href=\"https:\/\/www.enginplast.com\/fr\/services-offerts\/\">Services offerts<\/a><\/li>\n<li class=\"page_item page-item-5668\"><a href=\"https:\/\/www.enginplast.com\/fr\/sitemap-fra\/\">Sitemap<\/a><\/li>\n<li class=\"page_item page-item-9401\"><a href=\"https:\/\/www.enginplast.com\/fr\/soufflage\/\">Soufflage<\/a><\/li>\n<li class=\"page_item page-item-5757\"><a href=\"https:\/\/www.enginplast.com\/fr\/systeme-dalimentation-forcee-af\/\">Syst\u00e8me d&rsquo;alimentation forc\u00e9e \u201cAF\u201d<\/a><\/li>\n<li class=\"page_item page-item-9316 page_item_has_children\"><a href=\"https:\/\/www.enginplast.com\/fr\/systemes-de-dosage\/\">Syst\u00e8mes de dosage<\/a>\n<ul class='children'>\n\t<li class=\"page_item page-item-7783\"><a href=\"https:\/\/www.enginplast.com\/fr\/systemes-de-dosage\/systemes-de-dosage-gravimetrique\/\">Syst\u00e8mes de dosage gravim\u00e9trique<\/a><\/li>\n\t<li class=\"page_item page-item-8267\"><a href=\"https:\/\/www.enginplast.com\/fr\/systemes-de-dosage\/systemes-de-dosage-volumetrique\/\">Syst\u00e8mes de dosage volum\u00e9trique<\/a><\/li>\n<\/ul>\n<\/li>\n<li class=\"page_item page-item-9376 page_item_has_children\"><a href=\"https:\/\/www.enginplast.com\/fr\/systemes-de-transport-pneumatique\/\">Syst\u00e8mes de transport pneumatique<\/a>\n<ul class='children'>\n\t<li class=\"page_item page-item-7806\"><a href=\"https:\/\/www.enginplast.com\/fr\/systemes-de-transport-pneumatique\/implant-unique\/\">Implant unique<\/a><\/li>\n\t<li class=\"page_item page-item-7812\"><a href=\"https:\/\/www.enginplast.com\/fr\/systemes-de-transport-pneumatique\/systeme-centralise\/\">Syst\u00e8me centralis\u00e9<\/a><\/li>\n<\/ul>\n<\/li>\n<li class=\"page_item page-item-9329 page_item_has_children\"><a href=\"https:\/\/www.enginplast.com\/fr\/systemes-pour-la-recuperation-et-le-recyclage\/\">Syst\u00e8mes pour la r\u00e9cup\u00e9ration et le recyclage<\/a>\n<ul class='children'>\n\t<li class=\"page_item page-item-7793\"><a href=\"https:\/\/www.enginplast.com\/fr\/systemes-pour-la-recuperation-et-le-recyclage\/installations-de-post-consommation\/\">Installations de post-consommation<\/a><\/li>\n\t<li class=\"page_item page-item-7800\"><a href=\"https:\/\/www.enginplast.com\/fr\/systemes-pour-la-recuperation-et-le-recyclage\/installations-pour-freinages-de-production\/\">Installations pour freinages de production<\/a><\/li>\n<\/ul>\n<\/li>\n<li class=\"page_item page-item-9406\"><a href=\"https:\/\/www.enginplast.com\/fr\/thermoformage\/\">Thermoformage<\/a><\/li>\n<li class=\"page_item page-item-5760\"><a href=\"https:\/\/www.enginplast.com\/fr\/transport-materiaux\/\">Transport mat\u00e9riaux<\/a><\/li>\n<li class=\"page_item page-item-9161\"><a href=\"https:\/\/www.enginplast.com\/fr\/travaille-avec-nous\/\">Travaille avec nous<\/a><\/li>\n<li class=\"page_item page-item-5658 page_item_has_children\"><a href=\"https:\/\/www.enginplast.com\/fr\/nos-activites\/\">Nos activit\u00e9s<\/a>\n<ul class='children'>\n\t<li class=\"page_item page-item-5661\"><a href=\"https:\/\/www.enginplast.com\/fr\/nos-activites\/systemes-de-dosage-gravimetrique\/\">Syst\u00e8mes de dosage gravim\u00e9trique<\/a><\/li>\n\t<li class=\"page_item page-item-5680\"><a href=\"https:\/\/www.enginplast.com\/fr\/nos-activites\/systemes-de-dosage-volumetrique\/\">Syst\u00e8mes de dosage volum\u00e9trique<\/a><\/li>\n\t<li class=\"page_item page-item-5683\"><a href=\"https:\/\/www.enginplast.com\/fr\/nos-activites\/transport-et-alimentation\/\">Transport et alimentation<\/a><\/li>\n\t<li class=\"page_item page-item-5686\"><a href=\"https:\/\/www.enginplast.com\/fr\/nos-activites\/broyeurs\/\">Broyeurs<\/a><\/li>\n<\/ul>\n<\/li>\n<\/ul>\n<h2 class=\"wsp-posts-title\">Articles par cat\u00e9gorie<\/h2>\n<ul class=\"wsp-posts-list\">\n\t<li><strong class=\"wsp-category-title\">Cat\u00e9gorie\u00a0: <a href=\"https:\/\/www.enginplast.com\/fr\/category\/comunicati-fr\/\">Comunicati<\/a><\/strong>\n<ul class=\"wsp-posts-list\">\t\t<li class=\"wsp-post\"><a href=\"https:\/\/www.enginplast.com\/fr\/happy-easter-2026\/\">Happy Easter 2026<\/a><\/li>\n\t\t<li class=\"wsp-post\"><a href=\"https:\/\/www.enginplast.com\/fr\/bienvenue-sur-le-nouveau-site-dengin-plast\/\">Bienvenue sur le nouveau site d&rsquo;Engin Plast<\/a><\/li>\n<\/ul><\/li>\n\t<li><strong class=\"wsp-category-title\">Cat\u00e9gorie\u00a0: <a href=\"https:\/\/www.enginplast.com\/fr\/category\/evenements\/\">\u00c9v\u00e9nements<\/a><\/strong>\n<ul class=\"wsp-posts-list\">\t\t<li class=\"wsp-post\"><a href=\"https:\/\/www.enginplast.com\/fr\/engin-plast-a-le-plaisir-dannoncer-quelle-sera-presente-a-equiplast-2023-un-evenement-international-axe-sur-les-plastiques-et-le-caoutchouc-qui-se-tiendra-du-30-mai-au-2-juin-2023-a-barcelone\/\">Salon international Equiplast 2023 du plastique et du caoutchouc en Espagne<\/a><\/li>\n<\/ul><\/li>\n\t<li><strong class=\"wsp-category-title\">Cat\u00e9gorie\u00a0: <a href=\"https:\/\/www.enginplast.com\/fr\/category\/news-fr\/\">News<\/a><\/strong>\n<ul class=\"wsp-posts-list\">\t\t<li class=\"wsp-post\"><a href=\"https:\/\/www.enginplast.com\/fr\/plast-2026-milano-rho\/\">PLAST 2026 Milano RHO<\/a><\/li>\n\t\t<li class=\"wsp-post\"><a href=\"https:\/\/www.enginplast.com\/fr\/8-edizione-club-vecchie-ruote-bondeno-2024\/\">8&prime; Edizione Club Vecchie Ruote Bondeno 2024<\/a><\/li>\n\t\t<li class=\"wsp-post\"><a href=\"https:\/\/www.enginplast.com\/fr\/fip-2024-lyon-france\/\">FIP 2024 &#8211; Lyon &#8211; France<\/a><\/li>\n\t\t<li class=\"wsp-post\"><a href=\"https:\/\/www.enginplast.com\/fr\/ete-2025\/\">Engin Plast &#8211; Chiusura estiva 2022<\/a><\/li>\n\t\t<li class=\"wsp-post\"><a href=\"https:\/\/www.enginplast.com\/fr\/k2022\/\">K2022<\/a><\/li>\n<\/ul><\/li>\n\t<li><strong class=\"wsp-category-title\">Cat\u00e9gorie\u00a0: <a href=\"https:\/\/www.enginplast.com\/fr\/category\/presentation-produits\/\">Pr\u00e9sentation produits<\/a><\/strong>\n<\/li>\n<\/ul>\n<h2 class=\"wsp-portfolios-title\">Items de Portfolio<\/h2>\n<ul class=\"wsp-portfolios-list\">\n<li><a href=\"https:\/\/www.enginplast.com\/fr\/portfolio-articoli\/doseurs-gravimetriques-micro\/\">Doseurs gravim\u00e9triques \u2013 Micro<\/a><\/li>\n<li><a href=\"https:\/\/www.enginplast.com\/fr\/portfolio-articoli\/doseurs-gravimetriques-trio-t\/\">Doseurs gravim\u00e9triques \u2013 Trio T<\/a><\/li>\n<li><a href=\"https:\/\/www.enginplast.com\/fr\/portfolio-articoli\/doseurs-gravimetriques-trio-m\/\">Doseurs gravim\u00e9triques \u2013 Trio M<\/a><\/li>\n<li><a href=\"https:\/\/www.enginplast.com\/fr\/portfolio-articoli\/doseurs-gravimetriques-trio-p\/\">Doseurs gravim\u00e9triques \u2013 Trio P<\/a><\/li>\n<li><a href=\"https:\/\/www.enginplast.com\/fr\/portfolio-articoli\/doseurs-volumetriques-dmv\/\">Doseurs volum\u00e9triques \u2013 DMV<\/a><\/li>\n<li><a href=\"https:\/\/www.enginplast.com\/fr\/portfolio-articoli\/doseurs-volumetriques-dmt\/\">Doseurs volum\u00e9triques \u2013 DMT<\/a><\/li>\n<li><a href=\"https:\/\/www.enginplast.com\/fr\/portfolio-articoli\/doseurs-volumetriques-dmix\/\">Doseurs volum\u00e9triques \u2013 DMIX<\/a><\/li>\n<li><a href=\"https:\/\/www.enginplast.com\/fr\/portfolio-articoli\/doseurs-volumetriques-dpm-35\/\">Doseurs volum\u00e9triques \u2013 DPM 35<\/a><\/li>\n<li><a href=\"https:\/\/www.enginplast.com\/fr\/portfolio-articoli\/doseurs-volumetriques-dpm-2v\/\">Doseurs volum\u00e9triques \u2013 DPM 2V<\/a><\/li>\n<li><a href=\"https:\/\/www.enginplast.com\/fr\/portfolio-articoli\/doseurs-volumetriques-dpp\/\">Doseurs volum\u00e9triques \u2013 DPP<\/a><\/li>\n<li><a href=\"https:\/\/www.enginplast.com\/fr\/portfolio-articoli\/broyeurs-insonorises-pour-plastique-t-69-130\/\">BROYEURS INSONORIS\u00c9S POUR PLASTIQUE T 69 \u2013 130<\/a><\/li>\n<li><a href=\"https:\/\/www.enginplast.com\/fr\/portfolio-articoli\/broyeurs-insonorises-pour-plastique-modele-tt-22-36\/\">BROYEURS INSONORIS\u00c9S POUR PLASTIQUE MOD\u00c8LE TT 22 \u2013 36<\/a><\/li>\n<li><a href=\"https:\/\/www.enginplast.com\/fr\/portfolio-articoli\/broyeurs-insonorises-pour-plastique-modele-r80-150\/\">BROYEURS INSONORIS\u00c9S POUR PLASTIQUE MOD\u00c8LE R80-150<\/a><\/li>\n<li><a href=\"https:\/\/www.enginplast.com\/fr\/portfolio-articoli\/les-broyeurs-insonorises-pour-plastique-x-40-60\/\">LES BROYEURS INSONORIS\u00c9S POUR PLASTIQUE X 40 \u2013 60<\/a><\/li>\n<li><a href=\"https:\/\/www.enginplast.com\/fr\/portfolio-articoli\/broyeurs-insonorises-pour-plastique-modele-i-33-26\/\">BROYEURS INSONORIS\u00c9S POUR PLASTIQUE MOD\u00c8LE I 33.26<\/a><\/li>\n<li><a href=\"https:\/\/www.enginplast.com\/fr\/portfolio-articoli\/alimentation-pneumatique-asm-asmt\/\">Alimentation pneumatique \u2013 ASM \u2013 ASMT<\/a><\/li>\n<li><a href=\"https:\/\/www.enginplast.com\/fr\/portfolio-articoli\/alimentation-pneumatique-cp\/\">Alimentation pneumatique \u2013 CP<\/a><\/li>\n<li><a href=\"https:\/\/www.enginplast.com\/fr\/portfolio-articoli\/doseurs-gravimetriques-dg-15\/\">Doseurs Gravim\u00e9triques \u2013 DG 15<\/a><\/li>\n<li><a href=\"https:\/\/www.enginplast.com\/fr\/portfolio-articoli\/doseurs-gravimetriques-dg1sp\/\">Doseurs gravim\u00e9triques \u2013 DG1SP<\/a><\/li>\n<li><a href=\"https:\/\/www.enginplast.com\/fr\/portfolio-articoli\/doseurs-gravimetriques-modele-cws-2023\/\">Doseurs gravim\u00e9triques mod\u00e8le CWS 2023<\/a><\/li>\n<li><a href=\"https:\/\/www.enginplast.com\/fr\/portfolio-articoli\/doseurs-volumetriques-dpm\/\">Doseurs volum\u00e9triques \u2013 DPM<\/a><\/li>\n<\/ul>\n<h2 class=\"wsp-portfolio_entriess-title\">Cat\u00e9gories de Portfolio<\/h2>\n<ul class=\"wsp-portfolio_entriess-list\">\n<li><a href=\"https:\/\/www.enginplast.com\/fr\/portfolio_voci\/dosage-gravimetrique-a-perte-de-poids\/\">Dosage gravim\u00e9trique \u00e0 perte de poids<\/a><\/li>\n<li><a href=\"https:\/\/www.enginplast.com\/fr\/portfolio_voci\/dosage-gravimetrique-a-somme-de-poids\/\">Dosage gravim\u00e9trique \u00e0 somme de poids<\/a><\/li>\n<li><a href=\"https:\/\/www.enginplast.com\/fr\/portfolio_voci\/dosage-gravimetrique-centralise\/\">Dosage gravim\u00e9trique centralis\u00e9<\/a><\/li>\n<li><a href=\"https:\/\/www.enginplast.com\/fr\/portfolio_voci\/implant-unique\/\">Implant unique<\/a><\/li>\n<li><a href=\"https:\/\/www.enginplast.com\/fr\/portfolio_voci\/installations-pour-dechets-de-production\/\">installations pour d\u00e9chets de production<\/a><\/li>\n<li><a href=\"https:\/\/www.enginplast.com\/fr\/portfolio_voci\/produits\/\">Produits<\/a><\/li>\n<li><a href=\"https:\/\/www.enginplast.com\/fr\/portfolio_voci\/systemes-de-dosage\/\">Syst\u00e8mes de dosage<\/a><\/li>\n<li><a href=\"https:\/\/www.enginplast.com\/fr\/portfolio_voci\/systemes-de-dosage-gravimetrique\/\">Syst\u00e8mes de dosage gravim\u00e9trique<\/a><\/li>\n<li><a href=\"https:\/\/www.enginplast.com\/fr\/portfolio_voci\/systemes-de-dosage-volumetrique\/\">Syst\u00e8mes de dosage volum\u00e9trique<\/a><\/li>\n<li><a href=\"https:\/\/www.enginplast.com\/fr\/portfolio_voci\/systemes-de-transport\/\">Syst\u00e8mes de transport<\/a><\/li>\n<li><a href=\"https:\/\/www.enginplast.com\/fr\/portfolio_voci\/systemes-post-consommation\/\">Syst\u00e8mes post-consommation<\/a><\/li>\n<li><a href=\"https:\/\/www.enginplast.com\/fr\/portfolio_voci\/systemes-pour-la-recuperation-et-le-recyclage\/\">Syst\u00e8mes pour la r\u00e9cup\u00e9ration et le recyclage<\/a><\/li>\n<\/ul>\n<\/div>\n","protected":false},"excerpt":{"rendered":"","protected":false},"author":2,"featured_media":0,"parent":0,"menu_order":0,"comment_status":"closed","ping_status":"closed","template":"","meta":{"footnotes":""},"class_list":["post-5668","page","type-page","status-publish","hentry"],"yoast_head":"<!-- This site is optimized with the Yoast SEO plugin v27.4 - https:\/\/yoast.com\/product\/yoast-seo-wordpress\/ -->\n<title>Sitemap - Enginplast<\/title>\n<meta name=\"robots\" content=\"index, follow, max-snippet:-1, max-image-preview:large, max-video-preview:-1\" \/>\n<link rel=\"canonical\" href=\"https:\/\/www.enginplast.com\/fr\/sitemap-fra\/\" \/>\n<meta property=\"og:locale\" content=\"fr_FR\" \/>\n<meta property=\"og:type\" content=\"article\" \/>\n<meta property=\"og:title\" content=\"Sitemap - Enginplast\" \/>\n<meta property=\"og:url\" content=\"https:\/\/www.enginplast.com\/fr\/sitemap-fra\/\" \/>\n<meta property=\"og:site_name\" content=\"Enginplast\" \/>\n<meta property=\"article:modified_time\" content=\"2014-09-19T07:11:40+00:00\" \/>\n<script type=\"application\/ld+json\" class=\"yoast-schema-graph\">{\"@context\":\"https:\\\/\\\/schema.org\",\"@graph\":[{\"@type\":\"WebPage\",\"@id\":\"https:\\\/\\\/www.enginplast.com\\\/fr\\\/sitemap-fra\\\/\",\"url\":\"https:\\\/\\\/www.enginplast.com\\\/fr\\\/sitemap-fra\\\/\",\"name\":\"Sitemap - Enginplast\",\"isPartOf\":{\"@id\":\"https:\\\/\\\/www.enginplast.com\\\/#website\"},\"datePublished\":\"2014-09-19T07:01:23+00:00\",\"dateModified\":\"2014-09-19T07:11:40+00:00\",\"breadcrumb\":{\"@id\":\"https:\\\/\\\/www.enginplast.com\\\/fr\\\/sitemap-fra\\\/#breadcrumb\"},\"inLanguage\":\"fr-FR\",\"potentialAction\":[{\"@type\":\"ReadAction\",\"target\":[\"https:\\\/\\\/www.enginplast.com\\\/fr\\\/sitemap-fra\\\/\"]}]},{\"@type\":\"BreadcrumbList\",\"@id\":\"https:\\\/\\\/www.enginplast.com\\\/fr\\\/sitemap-fra\\\/#breadcrumb\",\"itemListElement\":[{\"@type\":\"ListItem\",\"position\":1,\"name\":\"Home\",\"item\":\"https:\\\/\\\/www.enginplast.com\\\/fr\\\/\"},{\"@type\":\"ListItem\",\"position\":2,\"name\":\"Sitemap\"}]},{\"@type\":\"WebSite\",\"@id\":\"https:\\\/\\\/www.enginplast.com\\\/#website\",\"url\":\"https:\\\/\\\/www.enginplast.com\\\/\",\"name\":\"Enginplast\",\"description\":\"\",\"publisher\":{\"@id\":\"https:\\\/\\\/www.enginplast.com\\\/#organization\"},\"potentialAction\":[{\"@type\":\"SearchAction\",\"target\":{\"@type\":\"EntryPoint\",\"urlTemplate\":\"https:\\\/\\\/www.enginplast.com\\\/?s={search_term_string}\"},\"query-input\":{\"@type\":\"PropertyValueSpecification\",\"valueRequired\":true,\"valueName\":\"search_term_string\"}}],\"inLanguage\":\"fr-FR\"},{\"@type\":\"Organization\",\"@id\":\"https:\\\/\\\/www.enginplast.com\\\/#organization\",\"name\":\"Enginplast srl\",\"url\":\"https:\\\/\\\/www.enginplast.com\\\/\",\"logo\":{\"@type\":\"ImageObject\",\"inLanguage\":\"fr-FR\",\"@id\":\"https:\\\/\\\/www.enginplast.com\\\/#\\\/schema\\\/logo\\\/image\\\/\",\"url\":\"https:\\\/\\\/www.enginplast.com\\\/wp-content\\\/uploads\\\/2014\\\/02\\\/logo-splash.jpg\",\"contentUrl\":\"https:\\\/\\\/www.enginplast.com\\\/wp-content\\\/uploads\\\/2014\\\/02\\\/logo-splash.jpg\",\"width\":640,\"height\":275,\"caption\":\"Enginplast srl\"},\"image\":{\"@id\":\"https:\\\/\\\/www.enginplast.com\\\/#\\\/schema\\\/logo\\\/image\\\/\"}}]}<\/script>\n<!-- \/ Yoast SEO plugin. -->","yoast_head_json":{"title":"Sitemap - Enginplast","robots":{"index":"index","follow":"follow","max-snippet":"max-snippet:-1","max-image-preview":"max-image-preview:large","max-video-preview":"max-video-preview:-1"},"canonical":"https:\/\/www.enginplast.com\/fr\/sitemap-fra\/","og_locale":"fr_FR","og_type":"article","og_title":"Sitemap - Enginplast","og_url":"https:\/\/www.enginplast.com\/fr\/sitemap-fra\/","og_site_name":"Enginplast","article_modified_time":"2014-09-19T07:11:40+00:00","schema":{"@context":"https:\/\/schema.org","@graph":[{"@type":"WebPage","@id":"https:\/\/www.enginplast.com\/fr\/sitemap-fra\/","url":"https:\/\/www.enginplast.com\/fr\/sitemap-fra\/","name":"Sitemap - Enginplast","isPartOf":{"@id":"https:\/\/www.enginplast.com\/#website"},"datePublished":"2014-09-19T07:01:23+00:00","dateModified":"2014-09-19T07:11:40+00:00","breadcrumb":{"@id":"https:\/\/www.enginplast.com\/fr\/sitemap-fra\/#breadcrumb"},"inLanguage":"fr-FR","potentialAction":[{"@type":"ReadAction","target":["https:\/\/www.enginplast.com\/fr\/sitemap-fra\/"]}]},{"@type":"BreadcrumbList","@id":"https:\/\/www.enginplast.com\/fr\/sitemap-fra\/#breadcrumb","itemListElement":[{"@type":"ListItem","position":1,"name":"Home","item":"https:\/\/www.enginplast.com\/fr\/"},{"@type":"ListItem","position":2,"name":"Sitemap"}]},{"@type":"WebSite","@id":"https:\/\/www.enginplast.com\/#website","url":"https:\/\/www.enginplast.com\/","name":"Enginplast","description":"","publisher":{"@id":"https:\/\/www.enginplast.com\/#organization"},"potentialAction":[{"@type":"SearchAction","target":{"@type":"EntryPoint","urlTemplate":"https:\/\/www.enginplast.com\/?s={search_term_string}"},"query-input":{"@type":"PropertyValueSpecification","valueRequired":true,"valueName":"search_term_string"}}],"inLanguage":"fr-FR"},{"@type":"Organization","@id":"https:\/\/www.enginplast.com\/#organization","name":"Enginplast srl","url":"https:\/\/www.enginplast.com\/","logo":{"@type":"ImageObject","inLanguage":"fr-FR","@id":"https:\/\/www.enginplast.com\/#\/schema\/logo\/image\/","url":"https:\/\/www.enginplast.com\/wp-content\/uploads\/2014\/02\/logo-splash.jpg","contentUrl":"https:\/\/www.enginplast.com\/wp-content\/uploads\/2014\/02\/logo-splash.jpg","width":640,"height":275,"caption":"Enginplast srl"},"image":{"@id":"https:\/\/www.enginplast.com\/#\/schema\/logo\/image\/"}}]}},"_links":{"self":[{"href":"https:\/\/www.enginplast.com\/fr\/wp-json\/wp\/v2\/pages\/5668","targetHints":{"allow":["GET"]}}],"collection":[{"href":"https:\/\/www.enginplast.com\/fr\/wp-json\/wp\/v2\/pages"}],"about":[{"href":"https:\/\/www.enginplast.com\/fr\/wp-json\/wp\/v2\/types\/page"}],"author":[{"embeddable":true,"href":"https:\/\/www.enginplast.com\/fr\/wp-json\/wp\/v2\/users\/2"}],"replies":[{"embeddable":true,"href":"https:\/\/www.enginplast.com\/fr\/wp-json\/wp\/v2\/comments?post=5668"}],"version-history":[{"count":0,"href":"https:\/\/www.enginplast.com\/fr\/wp-json\/wp\/v2\/pages\/5668\/revisions"}],"wp:attachment":[{"href":"https:\/\/www.enginplast.com\/fr\/wp-json\/wp\/v2\/media?parent=5668"}],"curies":[{"name":"wp","href":"https:\/\/api.w.org\/{rel}","templated":true}]}}