{"id":5629,"date":"2013-07-02T09:41:54","date_gmt":"2013-07-02T09:41:54","guid":{"rendered":"https:\/\/www.enginplast.com\/?page_id=5629"},"modified":"2014-09-24T17:08:47","modified_gmt":"2014-09-24T15:08:47","slug":"mission","status":"publish","type":"page","link":"https:\/\/www.enginplast.com\/fr\/propos-de-nous\/mission\/","title":{"rendered":"Mission"},"content":{"rendered":"<blockquote>\n<p style=\"text-align: justify;\">Engin Plast S.r.l. veut \u00eatre une entreprise de r\u00e9f\u00e9rence en \u00e9volution dans le temps, capable de capturer les besoins de l&rsquo;ing\u00e9nierie en aval et en amont du processus de fabrication dans son march\u00e9.<\/p>\n<\/blockquote>\n<p style=\"text-align: justify;\">Nous cr\u00e9ons des solutions innovantes et personnalis\u00e9es qui vous garantissent un avantage tangible et durable.<\/p>\n<p style=\"text-align: justify;\">Nous sommes dans le domaine du dosage, du contr\u00f4le, de la r\u00e9cup\u00e9ration et du transport des mati\u00e8res plastiques et non plastiques.<\/p>\n","protected":false},"excerpt":{"rendered":"<p>Engin Plast S.r.l. veut \u00eatre une entreprise de r\u00e9f\u00e9rence en \u00e9volution dans le temps, capable de capturer les besoins de l&rsquo;ing\u00e9nierie en aval et en amont du processus de fabrication dans son march\u00e9. Nous cr\u00e9ons des solutions innovantes et personnalis\u00e9es qui vous garantissent un avantage tangible et durable. Nous sommes dans le domaine du dosage, [&hellip;]<\/p>\n","protected":false},"author":2,"featured_media":4341,"parent":5615,"menu_order":2,"comment_status":"closed","ping_status":"closed","template":"side-navigation.php","meta":{"footnotes":""},"class_list":["post-5629","page","type-page","status-publish","has-post-thumbnail","hentry"],"yoast_head":"<!-- This site is optimized with the Yoast SEO plugin v27.4 - https:\/\/yoast.com\/product\/yoast-seo-wordpress\/ -->\n<title>Mission - Enginplast<\/title>\n<meta name=\"robots\" content=\"index, follow, max-snippet:-1, max-image-preview:large, max-video-preview:-1\" \/>\n<link rel=\"canonical\" href=\"https:\/\/www.enginplast.com\/fr\/propos-de-nous\/mission\/\" \/>\n<meta property=\"og:locale\" content=\"fr_FR\" \/>\n<meta property=\"og:type\" content=\"article\" \/>\n<meta property=\"og:title\" content=\"Mission - Enginplast\" \/>\n<meta property=\"og:description\" content=\"Engin Plast S.r.l. veut \u00eatre une entreprise de r\u00e9f\u00e9rence en \u00e9volution dans le temps, capable de capturer les besoins de l&rsquo;ing\u00e9nierie en aval et en amont du processus de fabrication dans son march\u00e9. Nous cr\u00e9ons des solutions innovantes et personnalis\u00e9es qui vous garantissent un avantage tangible et durable. Nous sommes dans le domaine du dosage, [&hellip;]\" \/>\n<meta property=\"og:url\" content=\"https:\/\/www.enginplast.com\/fr\/propos-de-nous\/mission\/\" \/>\n<meta property=\"og:site_name\" content=\"Enginplast\" \/>\n<meta property=\"article:modified_time\" content=\"2014-09-24T15:08:47+00:00\" \/>\n<meta property=\"og:image\" content=\"https:\/\/www.enginplast.com\/wp-content\/uploads\/2013\/07\/Mission-Impianti-Granulatori-EnginPlast-Bondeno-Ferrara-lavorazione-polimeri1.jpg\" \/>\n\t<meta property=\"og:image:width\" content=\"640\" \/>\n\t<meta property=\"og:image:height\" content=\"275\" \/>\n\t<meta property=\"og:image:type\" content=\"image\/jpeg\" \/>\n<script type=\"application\/ld+json\" class=\"yoast-schema-graph\">{\"@context\":\"https:\\\/\\\/schema.org\",\"@graph\":[{\"@type\":\"WebPage\",\"@id\":\"https:\\\/\\\/www.enginplast.com\\\/fr\\\/propos-de-nous\\\/mission\\\/\",\"url\":\"https:\\\/\\\/www.enginplast.com\\\/fr\\\/propos-de-nous\\\/mission\\\/\",\"name\":\"Mission - Enginplast\",\"isPartOf\":{\"@id\":\"https:\\\/\\\/www.enginplast.com\\\/#website\"},\"primaryImageOfPage\":{\"@id\":\"https:\\\/\\\/www.enginplast.com\\\/fr\\\/propos-de-nous\\\/mission\\\/#primaryimage\"},\"image\":{\"@id\":\"https:\\\/\\\/www.enginplast.com\\\/fr\\\/propos-de-nous\\\/mission\\\/#primaryimage\"},\"thumbnailUrl\":\"https:\\\/\\\/www.enginplast.com\\\/wp-content\\\/uploads\\\/2013\\\/07\\\/Mission-Impianti-Granulatori-EnginPlast-Bondeno-Ferrara-lavorazione-polimeri1.jpg\",\"datePublished\":\"2013-07-02T09:41:54+00:00\",\"dateModified\":\"2014-09-24T15:08:47+00:00\",\"breadcrumb\":{\"@id\":\"https:\\\/\\\/www.enginplast.com\\\/fr\\\/propos-de-nous\\\/mission\\\/#breadcrumb\"},\"inLanguage\":\"fr-FR\",\"potentialAction\":[{\"@type\":\"ReadAction\",\"target\":[\"https:\\\/\\\/www.enginplast.com\\\/fr\\\/propos-de-nous\\\/mission\\\/\"]}]},{\"@type\":\"ImageObject\",\"inLanguage\":\"fr-FR\",\"@id\":\"https:\\\/\\\/www.enginplast.com\\\/fr\\\/propos-de-nous\\\/mission\\\/#primaryimage\",\"url\":\"https:\\\/\\\/www.enginplast.com\\\/wp-content\\\/uploads\\\/2013\\\/07\\\/Mission-Impianti-Granulatori-EnginPlast-Bondeno-Ferrara-lavorazione-polimeri1.jpg\",\"contentUrl\":\"https:\\\/\\\/www.enginplast.com\\\/wp-content\\\/uploads\\\/2013\\\/07\\\/Mission-Impianti-Granulatori-EnginPlast-Bondeno-Ferrara-lavorazione-polimeri1.jpg\",\"width\":640,\"height\":275},{\"@type\":\"BreadcrumbList\",\"@id\":\"https:\\\/\\\/www.enginplast.com\\\/fr\\\/propos-de-nous\\\/mission\\\/#breadcrumb\",\"itemListElement\":[{\"@type\":\"ListItem\",\"position\":1,\"name\":\"Home\",\"item\":\"https:\\\/\\\/www.enginplast.com\\\/fr\\\/\"},{\"@type\":\"ListItem\",\"position\":2,\"name\":\"\u00c0 propos de nous\",\"item\":\"https:\\\/\\\/www.enginplast.com\\\/fr\\\/propos-de-nous\\\/\"},{\"@type\":\"ListItem\",\"position\":3,\"name\":\"Mission\"}]},{\"@type\":\"WebSite\",\"@id\":\"https:\\\/\\\/www.enginplast.com\\\/#website\",\"url\":\"https:\\\/\\\/www.enginplast.com\\\/\",\"name\":\"Enginplast\",\"description\":\"\",\"publisher\":{\"@id\":\"https:\\\/\\\/www.enginplast.com\\\/#organization\"},\"potentialAction\":[{\"@type\":\"SearchAction\",\"target\":{\"@type\":\"EntryPoint\",\"urlTemplate\":\"https:\\\/\\\/www.enginplast.com\\\/?s={search_term_string}\"},\"query-input\":{\"@type\":\"PropertyValueSpecification\",\"valueRequired\":true,\"valueName\":\"search_term_string\"}}],\"inLanguage\":\"fr-FR\"},{\"@type\":\"Organization\",\"@id\":\"https:\\\/\\\/www.enginplast.com\\\/#organization\",\"name\":\"Enginplast srl\",\"url\":\"https:\\\/\\\/www.enginplast.com\\\/\",\"logo\":{\"@type\":\"ImageObject\",\"inLanguage\":\"fr-FR\",\"@id\":\"https:\\\/\\\/www.enginplast.com\\\/#\\\/schema\\\/logo\\\/image\\\/\",\"url\":\"https:\\\/\\\/www.enginplast.com\\\/wp-content\\\/uploads\\\/2014\\\/02\\\/logo-splash.jpg\",\"contentUrl\":\"https:\\\/\\\/www.enginplast.com\\\/wp-content\\\/uploads\\\/2014\\\/02\\\/logo-splash.jpg\",\"width\":640,\"height\":275,\"caption\":\"Enginplast srl\"},\"image\":{\"@id\":\"https:\\\/\\\/www.enginplast.com\\\/#\\\/schema\\\/logo\\\/image\\\/\"}}]}<\/script>\n<!-- \/ Yoast SEO plugin. -->","yoast_head_json":{"title":"Mission - Enginplast","robots":{"index":"index","follow":"follow","max-snippet":"max-snippet:-1","max-image-preview":"max-image-preview:large","max-video-preview":"max-video-preview:-1"},"canonical":"https:\/\/www.enginplast.com\/fr\/propos-de-nous\/mission\/","og_locale":"fr_FR","og_type":"article","og_title":"Mission - Enginplast","og_description":"Engin Plast S.r.l. veut \u00eatre une entreprise de r\u00e9f\u00e9rence en \u00e9volution dans le temps, capable de capturer les besoins de l&rsquo;ing\u00e9nierie en aval et en amont du processus de fabrication dans son march\u00e9. Nous cr\u00e9ons des solutions innovantes et personnalis\u00e9es qui vous garantissent un avantage tangible et durable. Nous sommes dans le domaine du dosage, [&hellip;]","og_url":"https:\/\/www.enginplast.com\/fr\/propos-de-nous\/mission\/","og_site_name":"Enginplast","article_modified_time":"2014-09-24T15:08:47+00:00","og_image":[{"width":640,"height":275,"url":"https:\/\/www.enginplast.com\/wp-content\/uploads\/2013\/07\/Mission-Impianti-Granulatori-EnginPlast-Bondeno-Ferrara-lavorazione-polimeri1.jpg","type":"image\/jpeg"}],"schema":{"@context":"https:\/\/schema.org","@graph":[{"@type":"WebPage","@id":"https:\/\/www.enginplast.com\/fr\/propos-de-nous\/mission\/","url":"https:\/\/www.enginplast.com\/fr\/propos-de-nous\/mission\/","name":"Mission - Enginplast","isPartOf":{"@id":"https:\/\/www.enginplast.com\/#website"},"primaryImageOfPage":{"@id":"https:\/\/www.enginplast.com\/fr\/propos-de-nous\/mission\/#primaryimage"},"image":{"@id":"https:\/\/www.enginplast.com\/fr\/propos-de-nous\/mission\/#primaryimage"},"thumbnailUrl":"https:\/\/www.enginplast.com\/wp-content\/uploads\/2013\/07\/Mission-Impianti-Granulatori-EnginPlast-Bondeno-Ferrara-lavorazione-polimeri1.jpg","datePublished":"2013-07-02T09:41:54+00:00","dateModified":"2014-09-24T15:08:47+00:00","breadcrumb":{"@id":"https:\/\/www.enginplast.com\/fr\/propos-de-nous\/mission\/#breadcrumb"},"inLanguage":"fr-FR","potentialAction":[{"@type":"ReadAction","target":["https:\/\/www.enginplast.com\/fr\/propos-de-nous\/mission\/"]}]},{"@type":"ImageObject","inLanguage":"fr-FR","@id":"https:\/\/www.enginplast.com\/fr\/propos-de-nous\/mission\/#primaryimage","url":"https:\/\/www.enginplast.com\/wp-content\/uploads\/2013\/07\/Mission-Impianti-Granulatori-EnginPlast-Bondeno-Ferrara-lavorazione-polimeri1.jpg","contentUrl":"https:\/\/www.enginplast.com\/wp-content\/uploads\/2013\/07\/Mission-Impianti-Granulatori-EnginPlast-Bondeno-Ferrara-lavorazione-polimeri1.jpg","width":640,"height":275},{"@type":"BreadcrumbList","@id":"https:\/\/www.enginplast.com\/fr\/propos-de-nous\/mission\/#breadcrumb","itemListElement":[{"@type":"ListItem","position":1,"name":"Home","item":"https:\/\/www.enginplast.com\/fr\/"},{"@type":"ListItem","position":2,"name":"\u00c0 propos de nous","item":"https:\/\/www.enginplast.com\/fr\/propos-de-nous\/"},{"@type":"ListItem","position":3,"name":"Mission"}]},{"@type":"WebSite","@id":"https:\/\/www.enginplast.com\/#website","url":"https:\/\/www.enginplast.com\/","name":"Enginplast","description":"","publisher":{"@id":"https:\/\/www.enginplast.com\/#organization"},"potentialAction":[{"@type":"SearchAction","target":{"@type":"EntryPoint","urlTemplate":"https:\/\/www.enginplast.com\/?s={search_term_string}"},"query-input":{"@type":"PropertyValueSpecification","valueRequired":true,"valueName":"search_term_string"}}],"inLanguage":"fr-FR"},{"@type":"Organization","@id":"https:\/\/www.enginplast.com\/#organization","name":"Enginplast srl","url":"https:\/\/www.enginplast.com\/","logo":{"@type":"ImageObject","inLanguage":"fr-FR","@id":"https:\/\/www.enginplast.com\/#\/schema\/logo\/image\/","url":"https:\/\/www.enginplast.com\/wp-content\/uploads\/2014\/02\/logo-splash.jpg","contentUrl":"https:\/\/www.enginplast.com\/wp-content\/uploads\/2014\/02\/logo-splash.jpg","width":640,"height":275,"caption":"Enginplast srl"},"image":{"@id":"https:\/\/www.enginplast.com\/#\/schema\/logo\/image\/"}}]}},"_links":{"self":[{"href":"https:\/\/www.enginplast.com\/fr\/wp-json\/wp\/v2\/pages\/5629","targetHints":{"allow":["GET"]}}],"collection":[{"href":"https:\/\/www.enginplast.com\/fr\/wp-json\/wp\/v2\/pages"}],"about":[{"href":"https:\/\/www.enginplast.com\/fr\/wp-json\/wp\/v2\/types\/page"}],"author":[{"embeddable":true,"href":"https:\/\/www.enginplast.com\/fr\/wp-json\/wp\/v2\/users\/2"}],"replies":[{"embeddable":true,"href":"https:\/\/www.enginplast.com\/fr\/wp-json\/wp\/v2\/comments?post=5629"}],"version-history":[{"count":0,"href":"https:\/\/www.enginplast.com\/fr\/wp-json\/wp\/v2\/pages\/5629\/revisions"}],"up":[{"embeddable":true,"href":"https:\/\/www.enginplast.com\/fr\/wp-json\/wp\/v2\/pages\/5615"}],"wp:featuredmedia":[{"embeddable":true,"href":"https:\/\/www.enginplast.com\/fr\/wp-json\/wp\/v2\/media\/4341"}],"wp:attachment":[{"href":"https:\/\/www.enginplast.com\/fr\/wp-json\/wp\/v2\/media?parent=5629"}],"curies":[{"name":"wp","href":"https:\/\/api.w.org\/{rel}","templated":true}]}}