{"id":5623,"date":"2013-07-02T09:40:28","date_gmt":"2013-07-02T09:40:28","guid":{"rendered":"https:\/\/www.enginplast.com\/?page_id=5623"},"modified":"2014-09-24T17:09:35","modified_gmt":"2014-09-24T15:09:35","slug":"histoire","status":"publish","type":"page","link":"https:\/\/www.enginplast.com\/fr\/propos-de-nous\/histoire\/","title":{"rendered":"Histoire"},"content":{"rendered":"<blockquote><p>Engin Plast S.r.l. a \u00e9t\u00e9 fond\u00e9 en 1975, \u00e0 Casumaro (Ferrara), par un groupe de personnes ayant une exp\u00e9rience sp\u00e9cifique dans les syst\u00e8mes de transport et de dosage.<\/p><\/blockquote>\n<p>&nbsp;<\/p>\n<p>La forte pr\u00e9disposition \u00e0 la recherche de solutions innovantes \u00e0 permis \u00e0 la soci\u00e9t\u00e9 d\u2019assister \u00e0 des expositions les plus importantes dans le monde entier.<\/p>\n<p>Dans quelques ann\u00e9es, Engin Plast a gagn\u00e9 une position dominante dans un march\u00e9 jeune et en pleine expansion.<\/p>\n<p>En 1993 l&rsquo;entreprise a chang\u00e9 de propri\u00e9taire et aussi le nom en devenant Engin Plast Due S.r.l. en r\u00e9alisant sa gamme de produit.<\/p>\n<p>Engin Plast S.r.l. est un fabricant de syst\u00e8mes, accessoires et machines auxiliaires utilis\u00e9es comme compl\u00e9ment pour les lignes de processus dans la production de mati\u00e8res plastiques et de caoutchouc.<\/p>\n","protected":false},"excerpt":{"rendered":"<p>Engin Plast S.r.l. a \u00e9t\u00e9 fond\u00e9 en 1975, \u00e0 Casumaro (Ferrara), par un groupe de personnes ayant une exp\u00e9rience sp\u00e9cifique dans les syst\u00e8mes de transport et de dosage. &nbsp; La forte pr\u00e9disposition \u00e0 la recherche de solutions innovantes \u00e0 permis \u00e0 la soci\u00e9t\u00e9 d\u2019assister \u00e0 des expositions les plus importantes dans le monde entier. Dans [&hellip;]<\/p>\n","protected":false},"author":4,"featured_media":4260,"parent":5615,"menu_order":0,"comment_status":"closed","ping_status":"closed","template":"side-navigation.php","meta":{"footnotes":""},"class_list":["post-5623","page","type-page","status-publish","has-post-thumbnail","hentry"],"yoast_head":"<!-- This site is optimized with the Yoast SEO plugin v27.4 - https:\/\/yoast.com\/product\/yoast-seo-wordpress\/ -->\n<title>Histoire - Enginplast<\/title>\n<meta name=\"robots\" content=\"index, follow, max-snippet:-1, max-image-preview:large, max-video-preview:-1\" \/>\n<link rel=\"canonical\" href=\"https:\/\/www.enginplast.com\/fr\/propos-de-nous\/histoire\/\" \/>\n<meta property=\"og:locale\" content=\"fr_FR\" \/>\n<meta property=\"og:type\" content=\"article\" \/>\n<meta property=\"og:title\" content=\"Histoire - Enginplast\" \/>\n<meta property=\"og:description\" content=\"Engin Plast S.r.l. a \u00e9t\u00e9 fond\u00e9 en 1975, \u00e0 Casumaro (Ferrara), par un groupe de personnes ayant une exp\u00e9rience sp\u00e9cifique dans les syst\u00e8mes de transport et de dosage. &nbsp; La forte pr\u00e9disposition \u00e0 la recherche de solutions innovantes \u00e0 permis \u00e0 la soci\u00e9t\u00e9 d\u2019assister \u00e0 des expositions les plus importantes dans le monde entier. Dans [&hellip;]\" \/>\n<meta property=\"og:url\" content=\"https:\/\/www.enginplast.com\/fr\/propos-de-nous\/histoire\/\" \/>\n<meta property=\"og:site_name\" content=\"Enginplast\" \/>\n<meta property=\"article:modified_time\" content=\"2014-09-24T15:09:35+00:00\" \/>\n<meta property=\"og:image\" content=\"https:\/\/www.enginplast.com\/wp-content\/uploads\/2013\/07\/storia-enginplast-bondeno-ferrara.jpg\" \/>\n\t<meta property=\"og:image:width\" content=\"680\" \/>\n\t<meta property=\"og:image:height\" content=\"283\" \/>\n\t<meta property=\"og:image:type\" content=\"image\/jpeg\" \/>\n<meta name=\"twitter:label1\" content=\"Dur\u00e9e de lecture estim\u00e9e\" \/>\n\t<meta name=\"twitter:data1\" content=\"1 minute\" \/>\n<script type=\"application\/ld+json\" class=\"yoast-schema-graph\">{\"@context\":\"https:\\\/\\\/schema.org\",\"@graph\":[{\"@type\":\"WebPage\",\"@id\":\"https:\\\/\\\/www.enginplast.com\\\/fr\\\/propos-de-nous\\\/histoire\\\/\",\"url\":\"https:\\\/\\\/www.enginplast.com\\\/fr\\\/propos-de-nous\\\/histoire\\\/\",\"name\":\"Histoire - Enginplast\",\"isPartOf\":{\"@id\":\"https:\\\/\\\/www.enginplast.com\\\/#website\"},\"primaryImageOfPage\":{\"@id\":\"https:\\\/\\\/www.enginplast.com\\\/fr\\\/propos-de-nous\\\/histoire\\\/#primaryimage\"},\"image\":{\"@id\":\"https:\\\/\\\/www.enginplast.com\\\/fr\\\/propos-de-nous\\\/histoire\\\/#primaryimage\"},\"thumbnailUrl\":\"https:\\\/\\\/www.enginplast.com\\\/wp-content\\\/uploads\\\/2013\\\/07\\\/storia-enginplast-bondeno-ferrara.jpg\",\"datePublished\":\"2013-07-02T09:40:28+00:00\",\"dateModified\":\"2014-09-24T15:09:35+00:00\",\"breadcrumb\":{\"@id\":\"https:\\\/\\\/www.enginplast.com\\\/fr\\\/propos-de-nous\\\/histoire\\\/#breadcrumb\"},\"inLanguage\":\"fr-FR\",\"potentialAction\":[{\"@type\":\"ReadAction\",\"target\":[\"https:\\\/\\\/www.enginplast.com\\\/fr\\\/propos-de-nous\\\/histoire\\\/\"]}]},{\"@type\":\"ImageObject\",\"inLanguage\":\"fr-FR\",\"@id\":\"https:\\\/\\\/www.enginplast.com\\\/fr\\\/propos-de-nous\\\/histoire\\\/#primaryimage\",\"url\":\"https:\\\/\\\/www.enginplast.com\\\/wp-content\\\/uploads\\\/2013\\\/07\\\/storia-enginplast-bondeno-ferrara.jpg\",\"contentUrl\":\"https:\\\/\\\/www.enginplast.com\\\/wp-content\\\/uploads\\\/2013\\\/07\\\/storia-enginplast-bondeno-ferrara.jpg\",\"width\":680,\"height\":283},{\"@type\":\"BreadcrumbList\",\"@id\":\"https:\\\/\\\/www.enginplast.com\\\/fr\\\/propos-de-nous\\\/histoire\\\/#breadcrumb\",\"itemListElement\":[{\"@type\":\"ListItem\",\"position\":1,\"name\":\"Home\",\"item\":\"https:\\\/\\\/www.enginplast.com\\\/fr\\\/\"},{\"@type\":\"ListItem\",\"position\":2,\"name\":\"\u00c0 propos de nous\",\"item\":\"https:\\\/\\\/www.enginplast.com\\\/fr\\\/propos-de-nous\\\/\"},{\"@type\":\"ListItem\",\"position\":3,\"name\":\"Histoire\"}]},{\"@type\":\"WebSite\",\"@id\":\"https:\\\/\\\/www.enginplast.com\\\/#website\",\"url\":\"https:\\\/\\\/www.enginplast.com\\\/\",\"name\":\"Enginplast\",\"description\":\"\",\"publisher\":{\"@id\":\"https:\\\/\\\/www.enginplast.com\\\/#organization\"},\"potentialAction\":[{\"@type\":\"SearchAction\",\"target\":{\"@type\":\"EntryPoint\",\"urlTemplate\":\"https:\\\/\\\/www.enginplast.com\\\/?s={search_term_string}\"},\"query-input\":{\"@type\":\"PropertyValueSpecification\",\"valueRequired\":true,\"valueName\":\"search_term_string\"}}],\"inLanguage\":\"fr-FR\"},{\"@type\":\"Organization\",\"@id\":\"https:\\\/\\\/www.enginplast.com\\\/#organization\",\"name\":\"Enginplast srl\",\"url\":\"https:\\\/\\\/www.enginplast.com\\\/\",\"logo\":{\"@type\":\"ImageObject\",\"inLanguage\":\"fr-FR\",\"@id\":\"https:\\\/\\\/www.enginplast.com\\\/#\\\/schema\\\/logo\\\/image\\\/\",\"url\":\"https:\\\/\\\/www.enginplast.com\\\/wp-content\\\/uploads\\\/2014\\\/02\\\/logo-splash.jpg\",\"contentUrl\":\"https:\\\/\\\/www.enginplast.com\\\/wp-content\\\/uploads\\\/2014\\\/02\\\/logo-splash.jpg\",\"width\":640,\"height\":275,\"caption\":\"Enginplast srl\"},\"image\":{\"@id\":\"https:\\\/\\\/www.enginplast.com\\\/#\\\/schema\\\/logo\\\/image\\\/\"}}]}<\/script>\n<!-- \/ Yoast SEO plugin. -->","yoast_head_json":{"title":"Histoire - Enginplast","robots":{"index":"index","follow":"follow","max-snippet":"max-snippet:-1","max-image-preview":"max-image-preview:large","max-video-preview":"max-video-preview:-1"},"canonical":"https:\/\/www.enginplast.com\/fr\/propos-de-nous\/histoire\/","og_locale":"fr_FR","og_type":"article","og_title":"Histoire - Enginplast","og_description":"Engin Plast S.r.l. a \u00e9t\u00e9 fond\u00e9 en 1975, \u00e0 Casumaro (Ferrara), par un groupe de personnes ayant une exp\u00e9rience sp\u00e9cifique dans les syst\u00e8mes de transport et de dosage. &nbsp; La forte pr\u00e9disposition \u00e0 la recherche de solutions innovantes \u00e0 permis \u00e0 la soci\u00e9t\u00e9 d\u2019assister \u00e0 des expositions les plus importantes dans le monde entier. Dans [&hellip;]","og_url":"https:\/\/www.enginplast.com\/fr\/propos-de-nous\/histoire\/","og_site_name":"Enginplast","article_modified_time":"2014-09-24T15:09:35+00:00","og_image":[{"width":680,"height":283,"url":"https:\/\/www.enginplast.com\/wp-content\/uploads\/2013\/07\/storia-enginplast-bondeno-ferrara.jpg","type":"image\/jpeg"}],"twitter_misc":{"Dur\u00e9e de lecture estim\u00e9e":"1 minute"},"schema":{"@context":"https:\/\/schema.org","@graph":[{"@type":"WebPage","@id":"https:\/\/www.enginplast.com\/fr\/propos-de-nous\/histoire\/","url":"https:\/\/www.enginplast.com\/fr\/propos-de-nous\/histoire\/","name":"Histoire - Enginplast","isPartOf":{"@id":"https:\/\/www.enginplast.com\/#website"},"primaryImageOfPage":{"@id":"https:\/\/www.enginplast.com\/fr\/propos-de-nous\/histoire\/#primaryimage"},"image":{"@id":"https:\/\/www.enginplast.com\/fr\/propos-de-nous\/histoire\/#primaryimage"},"thumbnailUrl":"https:\/\/www.enginplast.com\/wp-content\/uploads\/2013\/07\/storia-enginplast-bondeno-ferrara.jpg","datePublished":"2013-07-02T09:40:28+00:00","dateModified":"2014-09-24T15:09:35+00:00","breadcrumb":{"@id":"https:\/\/www.enginplast.com\/fr\/propos-de-nous\/histoire\/#breadcrumb"},"inLanguage":"fr-FR","potentialAction":[{"@type":"ReadAction","target":["https:\/\/www.enginplast.com\/fr\/propos-de-nous\/histoire\/"]}]},{"@type":"ImageObject","inLanguage":"fr-FR","@id":"https:\/\/www.enginplast.com\/fr\/propos-de-nous\/histoire\/#primaryimage","url":"https:\/\/www.enginplast.com\/wp-content\/uploads\/2013\/07\/storia-enginplast-bondeno-ferrara.jpg","contentUrl":"https:\/\/www.enginplast.com\/wp-content\/uploads\/2013\/07\/storia-enginplast-bondeno-ferrara.jpg","width":680,"height":283},{"@type":"BreadcrumbList","@id":"https:\/\/www.enginplast.com\/fr\/propos-de-nous\/histoire\/#breadcrumb","itemListElement":[{"@type":"ListItem","position":1,"name":"Home","item":"https:\/\/www.enginplast.com\/fr\/"},{"@type":"ListItem","position":2,"name":"\u00c0 propos de nous","item":"https:\/\/www.enginplast.com\/fr\/propos-de-nous\/"},{"@type":"ListItem","position":3,"name":"Histoire"}]},{"@type":"WebSite","@id":"https:\/\/www.enginplast.com\/#website","url":"https:\/\/www.enginplast.com\/","name":"Enginplast","description":"","publisher":{"@id":"https:\/\/www.enginplast.com\/#organization"},"potentialAction":[{"@type":"SearchAction","target":{"@type":"EntryPoint","urlTemplate":"https:\/\/www.enginplast.com\/?s={search_term_string}"},"query-input":{"@type":"PropertyValueSpecification","valueRequired":true,"valueName":"search_term_string"}}],"inLanguage":"fr-FR"},{"@type":"Organization","@id":"https:\/\/www.enginplast.com\/#organization","name":"Enginplast srl","url":"https:\/\/www.enginplast.com\/","logo":{"@type":"ImageObject","inLanguage":"fr-FR","@id":"https:\/\/www.enginplast.com\/#\/schema\/logo\/image\/","url":"https:\/\/www.enginplast.com\/wp-content\/uploads\/2014\/02\/logo-splash.jpg","contentUrl":"https:\/\/www.enginplast.com\/wp-content\/uploads\/2014\/02\/logo-splash.jpg","width":640,"height":275,"caption":"Enginplast srl"},"image":{"@id":"https:\/\/www.enginplast.com\/#\/schema\/logo\/image\/"}}]}},"_links":{"self":[{"href":"https:\/\/www.enginplast.com\/fr\/wp-json\/wp\/v2\/pages\/5623","targetHints":{"allow":["GET"]}}],"collection":[{"href":"https:\/\/www.enginplast.com\/fr\/wp-json\/wp\/v2\/pages"}],"about":[{"href":"https:\/\/www.enginplast.com\/fr\/wp-json\/wp\/v2\/types\/page"}],"author":[{"embeddable":true,"href":"https:\/\/www.enginplast.com\/fr\/wp-json\/wp\/v2\/users\/4"}],"replies":[{"embeddable":true,"href":"https:\/\/www.enginplast.com\/fr\/wp-json\/wp\/v2\/comments?post=5623"}],"version-history":[{"count":0,"href":"https:\/\/www.enginplast.com\/fr\/wp-json\/wp\/v2\/pages\/5623\/revisions"}],"up":[{"embeddable":true,"href":"https:\/\/www.enginplast.com\/fr\/wp-json\/wp\/v2\/pages\/5615"}],"wp:featuredmedia":[{"embeddable":true,"href":"https:\/\/www.enginplast.com\/fr\/wp-json\/wp\/v2\/media\/4260"}],"wp:attachment":[{"href":"https:\/\/www.enginplast.com\/fr\/wp-json\/wp\/v2\/media?parent=5623"}],"curies":[{"name":"wp","href":"https:\/\/api.w.org\/{rel}","templated":true}]}}