{"id":5615,"date":"2013-07-02T09:39:36","date_gmt":"2013-07-02T09:39:36","guid":{"rendered":"https:\/\/www.enginplast.com\/?page_id=5615"},"modified":"2014-09-05T15:57:25","modified_gmt":"2014-09-05T13:57:25","slug":"propos-de-nous","status":"publish","type":"page","link":"https:\/\/www.enginplast.com\/fr\/propos-de-nous\/","title":{"rendered":"\u00c0 propos de nous"},"content":{"rendered":"<blockquote>\n<p style=\"text-align: justify;\">Depuis 1975, quand Engin Plast \u00e0 \u00e9t\u00e9 fond\u00e9, la mission a toujours \u00e9t\u00e9 concentr\u00e9e sur la cr\u00e9ation de solutions innovantes et sur mesure capable d&rsquo;assurer un avantage durable et tangible.<\/p>\n<\/blockquote>\n<p style=\"text-align: justify;\">Nous sommes dans le domaine du dosage, du contr\u00f4le, de la r\u00e9cup\u00e9ration et du transport des mati\u00e8res plastiques et non plastiques.<\/p>\n<p style=\"text-align: justify;\">Aujourd&rsquo;hui, nous repr\u00e9sentons un point de r\u00e9f\u00e9rence dans la conception, la fabrication, la commercialisation et l&rsquo;installation de syst\u00e8mes de dosage, de transport de polym\u00e8res en granules, mat\u00e9riel broy\u00e9, poudres, et broyeurs robustes \u00e0 faible impact environnemental.<\/p>\n<p style=\"text-align: justify;\">De la tendance naturelle \u00e0 chercher des solutions sur mesure, afin d&rsquo;assurer une bonne r\u00e9ponse aux besoins demand\u00e9s, nous avons affin\u00e9 notre sp\u00e9cialisation technique et commerciale.<\/p>\n<p style=\"text-align: justify;\">Nous sommes tenaces dans la poursuite d&rsquo;un objectif qui est commun dans le monde des affaires: avoir excellents produits en minimisant les co\u00fbts.<\/p>\n<p style=\"text-align: justify;\">La recherche facilite la r\u00e9alisation de cet objectif et les avantages ont aussi un impact sur l&rsquo;environnement, avec des solutions technologiquement avanc\u00e9es et des \u00e9conomes en \u00e9nergie.<\/p>\n","protected":false},"excerpt":{"rendered":"<p>Depuis 1975, quand Engin Plast \u00e0 \u00e9t\u00e9 fond\u00e9, la mission a toujours \u00e9t\u00e9 concentr\u00e9e sur la cr\u00e9ation de solutions innovantes et sur mesure capable d&rsquo;assurer un avantage durable et tangible. Nous sommes dans le domaine du dosage, du contr\u00f4le, de la r\u00e9cup\u00e9ration et du transport des mati\u00e8res plastiques et non plastiques. Aujourd&rsquo;hui, nous repr\u00e9sentons un [&hellip;]<\/p>\n","protected":false},"author":2,"featured_media":4274,"parent":0,"menu_order":0,"comment_status":"closed","ping_status":"closed","template":"side-navigation.php","meta":{"footnotes":""},"class_list":["post-5615","page","type-page","status-publish","has-post-thumbnail","hentry"],"yoast_head":"<!-- This site is optimized with the Yoast SEO plugin v27.4 - https:\/\/yoast.com\/product\/yoast-seo-wordpress\/ -->\n<title>\u00c0 propos de nous - Enginplast<\/title>\n<meta name=\"robots\" content=\"index, follow, max-snippet:-1, max-image-preview:large, max-video-preview:-1\" \/>\n<link rel=\"canonical\" href=\"https:\/\/www.enginplast.com\/fr\/propos-de-nous\/\" \/>\n<meta property=\"og:locale\" content=\"fr_FR\" \/>\n<meta property=\"og:type\" content=\"article\" \/>\n<meta property=\"og:title\" content=\"\u00c0 propos de nous - Enginplast\" \/>\n<meta property=\"og:description\" content=\"Depuis 1975, quand Engin Plast \u00e0 \u00e9t\u00e9 fond\u00e9, la mission a toujours \u00e9t\u00e9 concentr\u00e9e sur la cr\u00e9ation de solutions innovantes et sur mesure capable d&rsquo;assurer un avantage durable et tangible. Nous sommes dans le domaine du dosage, du contr\u00f4le, de la r\u00e9cup\u00e9ration et du transport des mati\u00e8res plastiques et non plastiques. Aujourd&rsquo;hui, nous repr\u00e9sentons un [&hellip;]\" \/>\n<meta property=\"og:url\" content=\"https:\/\/www.enginplast.com\/fr\/propos-de-nous\/\" \/>\n<meta property=\"og:site_name\" content=\"Enginplast\" \/>\n<meta property=\"article:modified_time\" content=\"2014-09-05T13:57:25+00:00\" \/>\n<meta property=\"og:image\" content=\"https:\/\/www.enginplast.com\/wp-content\/uploads\/2013\/07\/Chi-siamo-Impianti-Granulatori-EnginPlast-Bondeno-Ferrara-lavorazione-polimeri.jpg\" \/>\n\t<meta property=\"og:image:width\" content=\"640\" \/>\n\t<meta property=\"og:image:height\" content=\"275\" \/>\n\t<meta property=\"og:image:type\" content=\"image\/jpeg\" \/>\n<meta name=\"twitter:label1\" content=\"Dur\u00e9e de lecture estim\u00e9e\" \/>\n\t<meta name=\"twitter:data1\" content=\"1 minute\" \/>\n<script type=\"application\/ld+json\" class=\"yoast-schema-graph\">{\"@context\":\"https:\\\/\\\/schema.org\",\"@graph\":[{\"@type\":\"WebPage\",\"@id\":\"https:\\\/\\\/www.enginplast.com\\\/fr\\\/propos-de-nous\\\/\",\"url\":\"https:\\\/\\\/www.enginplast.com\\\/fr\\\/propos-de-nous\\\/\",\"name\":\"\u00c0 propos de nous - Enginplast\",\"isPartOf\":{\"@id\":\"https:\\\/\\\/www.enginplast.com\\\/#website\"},\"primaryImageOfPage\":{\"@id\":\"https:\\\/\\\/www.enginplast.com\\\/fr\\\/propos-de-nous\\\/#primaryimage\"},\"image\":{\"@id\":\"https:\\\/\\\/www.enginplast.com\\\/fr\\\/propos-de-nous\\\/#primaryimage\"},\"thumbnailUrl\":\"https:\\\/\\\/www.enginplast.com\\\/wp-content\\\/uploads\\\/2013\\\/07\\\/Chi-siamo-Impianti-Granulatori-EnginPlast-Bondeno-Ferrara-lavorazione-polimeri.jpg\",\"datePublished\":\"2013-07-02T09:39:36+00:00\",\"dateModified\":\"2014-09-05T13:57:25+00:00\",\"breadcrumb\":{\"@id\":\"https:\\\/\\\/www.enginplast.com\\\/fr\\\/propos-de-nous\\\/#breadcrumb\"},\"inLanguage\":\"fr-FR\",\"potentialAction\":[{\"@type\":\"ReadAction\",\"target\":[\"https:\\\/\\\/www.enginplast.com\\\/fr\\\/propos-de-nous\\\/\"]}]},{\"@type\":\"ImageObject\",\"inLanguage\":\"fr-FR\",\"@id\":\"https:\\\/\\\/www.enginplast.com\\\/fr\\\/propos-de-nous\\\/#primaryimage\",\"url\":\"https:\\\/\\\/www.enginplast.com\\\/wp-content\\\/uploads\\\/2013\\\/07\\\/Chi-siamo-Impianti-Granulatori-EnginPlast-Bondeno-Ferrara-lavorazione-polimeri.jpg\",\"contentUrl\":\"https:\\\/\\\/www.enginplast.com\\\/wp-content\\\/uploads\\\/2013\\\/07\\\/Chi-siamo-Impianti-Granulatori-EnginPlast-Bondeno-Ferrara-lavorazione-polimeri.jpg\",\"width\":640,\"height\":275},{\"@type\":\"BreadcrumbList\",\"@id\":\"https:\\\/\\\/www.enginplast.com\\\/fr\\\/propos-de-nous\\\/#breadcrumb\",\"itemListElement\":[{\"@type\":\"ListItem\",\"position\":1,\"name\":\"Home\",\"item\":\"https:\\\/\\\/www.enginplast.com\\\/fr\\\/\"},{\"@type\":\"ListItem\",\"position\":2,\"name\":\"\u00c0 propos de nous\"}]},{\"@type\":\"WebSite\",\"@id\":\"https:\\\/\\\/www.enginplast.com\\\/#website\",\"url\":\"https:\\\/\\\/www.enginplast.com\\\/\",\"name\":\"Enginplast\",\"description\":\"\",\"publisher\":{\"@id\":\"https:\\\/\\\/www.enginplast.com\\\/#organization\"},\"potentialAction\":[{\"@type\":\"SearchAction\",\"target\":{\"@type\":\"EntryPoint\",\"urlTemplate\":\"https:\\\/\\\/www.enginplast.com\\\/?s={search_term_string}\"},\"query-input\":{\"@type\":\"PropertyValueSpecification\",\"valueRequired\":true,\"valueName\":\"search_term_string\"}}],\"inLanguage\":\"fr-FR\"},{\"@type\":\"Organization\",\"@id\":\"https:\\\/\\\/www.enginplast.com\\\/#organization\",\"name\":\"Enginplast srl\",\"url\":\"https:\\\/\\\/www.enginplast.com\\\/\",\"logo\":{\"@type\":\"ImageObject\",\"inLanguage\":\"fr-FR\",\"@id\":\"https:\\\/\\\/www.enginplast.com\\\/#\\\/schema\\\/logo\\\/image\\\/\",\"url\":\"https:\\\/\\\/www.enginplast.com\\\/wp-content\\\/uploads\\\/2014\\\/02\\\/logo-splash.jpg\",\"contentUrl\":\"https:\\\/\\\/www.enginplast.com\\\/wp-content\\\/uploads\\\/2014\\\/02\\\/logo-splash.jpg\",\"width\":640,\"height\":275,\"caption\":\"Enginplast srl\"},\"image\":{\"@id\":\"https:\\\/\\\/www.enginplast.com\\\/#\\\/schema\\\/logo\\\/image\\\/\"}}]}<\/script>\n<!-- \/ Yoast SEO plugin. -->","yoast_head_json":{"title":"\u00c0 propos de nous - Enginplast","robots":{"index":"index","follow":"follow","max-snippet":"max-snippet:-1","max-image-preview":"max-image-preview:large","max-video-preview":"max-video-preview:-1"},"canonical":"https:\/\/www.enginplast.com\/fr\/propos-de-nous\/","og_locale":"fr_FR","og_type":"article","og_title":"\u00c0 propos de nous - Enginplast","og_description":"Depuis 1975, quand Engin Plast \u00e0 \u00e9t\u00e9 fond\u00e9, la mission a toujours \u00e9t\u00e9 concentr\u00e9e sur la cr\u00e9ation de solutions innovantes et sur mesure capable d&rsquo;assurer un avantage durable et tangible. Nous sommes dans le domaine du dosage, du contr\u00f4le, de la r\u00e9cup\u00e9ration et du transport des mati\u00e8res plastiques et non plastiques. Aujourd&rsquo;hui, nous repr\u00e9sentons un [&hellip;]","og_url":"https:\/\/www.enginplast.com\/fr\/propos-de-nous\/","og_site_name":"Enginplast","article_modified_time":"2014-09-05T13:57:25+00:00","og_image":[{"width":640,"height":275,"url":"https:\/\/www.enginplast.com\/wp-content\/uploads\/2013\/07\/Chi-siamo-Impianti-Granulatori-EnginPlast-Bondeno-Ferrara-lavorazione-polimeri.jpg","type":"image\/jpeg"}],"twitter_misc":{"Dur\u00e9e de lecture estim\u00e9e":"1 minute"},"schema":{"@context":"https:\/\/schema.org","@graph":[{"@type":"WebPage","@id":"https:\/\/www.enginplast.com\/fr\/propos-de-nous\/","url":"https:\/\/www.enginplast.com\/fr\/propos-de-nous\/","name":"\u00c0 propos de nous - Enginplast","isPartOf":{"@id":"https:\/\/www.enginplast.com\/#website"},"primaryImageOfPage":{"@id":"https:\/\/www.enginplast.com\/fr\/propos-de-nous\/#primaryimage"},"image":{"@id":"https:\/\/www.enginplast.com\/fr\/propos-de-nous\/#primaryimage"},"thumbnailUrl":"https:\/\/www.enginplast.com\/wp-content\/uploads\/2013\/07\/Chi-siamo-Impianti-Granulatori-EnginPlast-Bondeno-Ferrara-lavorazione-polimeri.jpg","datePublished":"2013-07-02T09:39:36+00:00","dateModified":"2014-09-05T13:57:25+00:00","breadcrumb":{"@id":"https:\/\/www.enginplast.com\/fr\/propos-de-nous\/#breadcrumb"},"inLanguage":"fr-FR","potentialAction":[{"@type":"ReadAction","target":["https:\/\/www.enginplast.com\/fr\/propos-de-nous\/"]}]},{"@type":"ImageObject","inLanguage":"fr-FR","@id":"https:\/\/www.enginplast.com\/fr\/propos-de-nous\/#primaryimage","url":"https:\/\/www.enginplast.com\/wp-content\/uploads\/2013\/07\/Chi-siamo-Impianti-Granulatori-EnginPlast-Bondeno-Ferrara-lavorazione-polimeri.jpg","contentUrl":"https:\/\/www.enginplast.com\/wp-content\/uploads\/2013\/07\/Chi-siamo-Impianti-Granulatori-EnginPlast-Bondeno-Ferrara-lavorazione-polimeri.jpg","width":640,"height":275},{"@type":"BreadcrumbList","@id":"https:\/\/www.enginplast.com\/fr\/propos-de-nous\/#breadcrumb","itemListElement":[{"@type":"ListItem","position":1,"name":"Home","item":"https:\/\/www.enginplast.com\/fr\/"},{"@type":"ListItem","position":2,"name":"\u00c0 propos de nous"}]},{"@type":"WebSite","@id":"https:\/\/www.enginplast.com\/#website","url":"https:\/\/www.enginplast.com\/","name":"Enginplast","description":"","publisher":{"@id":"https:\/\/www.enginplast.com\/#organization"},"potentialAction":[{"@type":"SearchAction","target":{"@type":"EntryPoint","urlTemplate":"https:\/\/www.enginplast.com\/?s={search_term_string}"},"query-input":{"@type":"PropertyValueSpecification","valueRequired":true,"valueName":"search_term_string"}}],"inLanguage":"fr-FR"},{"@type":"Organization","@id":"https:\/\/www.enginplast.com\/#organization","name":"Enginplast srl","url":"https:\/\/www.enginplast.com\/","logo":{"@type":"ImageObject","inLanguage":"fr-FR","@id":"https:\/\/www.enginplast.com\/#\/schema\/logo\/image\/","url":"https:\/\/www.enginplast.com\/wp-content\/uploads\/2014\/02\/logo-splash.jpg","contentUrl":"https:\/\/www.enginplast.com\/wp-content\/uploads\/2014\/02\/logo-splash.jpg","width":640,"height":275,"caption":"Enginplast srl"},"image":{"@id":"https:\/\/www.enginplast.com\/#\/schema\/logo\/image\/"}}]}},"_links":{"self":[{"href":"https:\/\/www.enginplast.com\/fr\/wp-json\/wp\/v2\/pages\/5615","targetHints":{"allow":["GET"]}}],"collection":[{"href":"https:\/\/www.enginplast.com\/fr\/wp-json\/wp\/v2\/pages"}],"about":[{"href":"https:\/\/www.enginplast.com\/fr\/wp-json\/wp\/v2\/types\/page"}],"author":[{"embeddable":true,"href":"https:\/\/www.enginplast.com\/fr\/wp-json\/wp\/v2\/users\/2"}],"replies":[{"embeddable":true,"href":"https:\/\/www.enginplast.com\/fr\/wp-json\/wp\/v2\/comments?post=5615"}],"version-history":[{"count":0,"href":"https:\/\/www.enginplast.com\/fr\/wp-json\/wp\/v2\/pages\/5615\/revisions"}],"wp:featuredmedia":[{"embeddable":true,"href":"https:\/\/www.enginplast.com\/fr\/wp-json\/wp\/v2\/media\/4274"}],"wp:attachment":[{"href":"https:\/\/www.enginplast.com\/fr\/wp-json\/wp\/v2\/media?parent=5615"}],"curies":[{"name":"wp","href":"https:\/\/api.w.org\/{rel}","templated":true}]}}