{"id":6375,"date":"2013-07-02T09:52:45","date_gmt":"2013-07-02T09:52:45","guid":{"rendered":"https:\/\/www.enginplast.com\/cosa-facciamo\/granulatori\/"},"modified":"2014-11-27T09:42:17","modified_gmt":"2014-11-27T08:42:17","slug":"molinos","status":"publish","type":"page","link":"https:\/\/www.enginplast.com\/es\/que-hacemos\/molinos\/","title":{"rendered":"Molinos"},"content":{"rendered":"<h2><a href=\"https:\/\/www.enginplast.com\/wp-content\/uploads\/2013\/07\/Impianti-Granulatori-EnginPlast-Bondeno-Ferrara-lavorazione-polimeri.jpg\"><img loading=\"lazy\" decoding=\"async\" class=\"size-full wp-image-4295 alignright\" src=\"https:\/\/www.enginplast.com\/wp-content\/uploads\/2013\/07\/Impianti-Granulatori-EnginPlast-Bondeno-Ferrara-lavorazione-polimeri.jpg\" alt=\"Impianti-Granulatori-EnginPlast-Bondeno-Ferrara-lavorazione-polimeri\" width=\"200\" height=\"300\" \/><\/a>Molinos<\/h2>\n<p>Los productos de ese sector premiten desmenuzar descartes pl\u00e1sticos, procedentes directamente de l\u00edneas de producci\u00f3n o de recogidas diferenciadas obteniendo un \u201cmolido\u201d que gracias a su forma permite la reutilizaci\u00f3n complementaria a otras materias primas en la alimentaci\u00f3n de l\u00edneas de producci\u00f3n.<\/p>\n<p>El \u201cmolido\u201d se obtiene gracias a la acci\u00f3n din\u00e1mica de corte con cuchillos giratorios y fijos.<\/p>\n<p>[separator top=\u00bb40&#8243; style=\u00bbshadow\u00bb]<\/p>\n<h3>Descubre la gama completa de nuestros productos:<\/h3>\n<p>[recent_works layout=\u00bbcarousel\u00bb filters=\u00bbtrue\u00bb columns=\u00bb4&#8243; cat_slug=\u00bbimpianti-per-recupero-e-riciclo\u00bb number_posts=\u00bb10&#8243; excerpt_words=\u00bb15&#8243;][\/recent_works]<\/p>\n","protected":false},"excerpt":{"rendered":"<p>Molinos Los productos de ese sector premiten desmenuzar descartes pl\u00e1sticos, procedentes directamente de l\u00edneas de producci\u00f3n o de recogidas diferenciadas obteniendo un \u201cmolido\u201d que gracias a su forma permite la reutilizaci\u00f3n complementaria a otras materias primas en la alimentaci\u00f3n de l\u00edneas de producci\u00f3n. El \u201cmolido\u201d se obtiene gracias a la acci\u00f3n din\u00e1mica de corte con [&hellip;]<\/p>\n","protected":false},"author":2,"featured_media":0,"parent":6352,"menu_order":4,"comment_status":"closed","ping_status":"closed","template":"side-navigation.php","meta":{"footnotes":""},"class_list":["post-6375","page","type-page","status-publish","hentry"],"yoast_head":"<!-- This site is optimized with the Yoast SEO plugin v27.4 - https:\/\/yoast.com\/product\/yoast-seo-wordpress\/ -->\n<title>Molinos - Enginplast<\/title>\n<meta name=\"robots\" content=\"index, follow, max-snippet:-1, max-image-preview:large, max-video-preview:-1\" \/>\n<link rel=\"canonical\" href=\"https:\/\/www.enginplast.com\/es\/que-hacemos\/molinos\/\" \/>\n<meta property=\"og:locale\" content=\"es_ES\" \/>\n<meta property=\"og:type\" content=\"article\" \/>\n<meta property=\"og:title\" content=\"Molinos - Enginplast\" \/>\n<meta property=\"og:description\" content=\"Molinos Los productos de ese sector premiten desmenuzar descartes pl\u00e1sticos, procedentes directamente de l\u00edneas de producci\u00f3n o de recogidas diferenciadas obteniendo un \u201cmolido\u201d que gracias a su forma permite la reutilizaci\u00f3n complementaria a otras materias primas en la alimentaci\u00f3n de l\u00edneas de producci\u00f3n. El \u201cmolido\u201d se obtiene gracias a la acci\u00f3n din\u00e1mica de corte con [&hellip;]\" \/>\n<meta property=\"og:url\" content=\"https:\/\/www.enginplast.com\/es\/que-hacemos\/molinos\/\" \/>\n<meta property=\"og:site_name\" content=\"Enginplast\" \/>\n<meta property=\"article:modified_time\" content=\"2014-11-27T08:42:17+00:00\" \/>\n<meta property=\"og:image\" content=\"https:\/\/www.enginplast.com\/wp-content\/uploads\/2013\/07\/Impianti-Granulatori-EnginPlast-Bondeno-Ferrara-lavorazione-polimeri.jpg\" \/>\n<script type=\"application\/ld+json\" class=\"yoast-schema-graph\">{\"@context\":\"https:\\\/\\\/schema.org\",\"@graph\":[{\"@type\":\"WebPage\",\"@id\":\"https:\\\/\\\/www.enginplast.com\\\/es\\\/que-hacemos\\\/molinos\\\/\",\"url\":\"https:\\\/\\\/www.enginplast.com\\\/es\\\/que-hacemos\\\/molinos\\\/\",\"name\":\"Molinos - Enginplast\",\"isPartOf\":{\"@id\":\"https:\\\/\\\/www.enginplast.com\\\/#website\"},\"primaryImageOfPage\":{\"@id\":\"https:\\\/\\\/www.enginplast.com\\\/es\\\/que-hacemos\\\/molinos\\\/#primaryimage\"},\"image\":{\"@id\":\"https:\\\/\\\/www.enginplast.com\\\/es\\\/que-hacemos\\\/molinos\\\/#primaryimage\"},\"thumbnailUrl\":\"http:\\\/\\\/www.enginplast.com\\\/wp-content\\\/uploads\\\/2013\\\/07\\\/Impianti-Granulatori-EnginPlast-Bondeno-Ferrara-lavorazione-polimeri.jpg\",\"datePublished\":\"2013-07-02T09:52:45+00:00\",\"dateModified\":\"2014-11-27T08:42:17+00:00\",\"breadcrumb\":{\"@id\":\"https:\\\/\\\/www.enginplast.com\\\/es\\\/que-hacemos\\\/molinos\\\/#breadcrumb\"},\"inLanguage\":\"es\",\"potentialAction\":[{\"@type\":\"ReadAction\",\"target\":[\"https:\\\/\\\/www.enginplast.com\\\/es\\\/que-hacemos\\\/molinos\\\/\"]}]},{\"@type\":\"ImageObject\",\"inLanguage\":\"es\",\"@id\":\"https:\\\/\\\/www.enginplast.com\\\/es\\\/que-hacemos\\\/molinos\\\/#primaryimage\",\"url\":\"http:\\\/\\\/www.enginplast.com\\\/wp-content\\\/uploads\\\/2013\\\/07\\\/Impianti-Granulatori-EnginPlast-Bondeno-Ferrara-lavorazione-polimeri.jpg\",\"contentUrl\":\"http:\\\/\\\/www.enginplast.com\\\/wp-content\\\/uploads\\\/2013\\\/07\\\/Impianti-Granulatori-EnginPlast-Bondeno-Ferrara-lavorazione-polimeri.jpg\"},{\"@type\":\"BreadcrumbList\",\"@id\":\"https:\\\/\\\/www.enginplast.com\\\/es\\\/que-hacemos\\\/molinos\\\/#breadcrumb\",\"itemListElement\":[{\"@type\":\"ListItem\",\"position\":1,\"name\":\"Home\",\"item\":\"https:\\\/\\\/www.enginplast.com\\\/es\\\/\"},{\"@type\":\"ListItem\",\"position\":2,\"name\":\"Qu\u00e9 hacemos\",\"item\":\"https:\\\/\\\/www.enginplast.com\\\/es\\\/que-hacemos\\\/\"},{\"@type\":\"ListItem\",\"position\":3,\"name\":\"Molinos\"}]},{\"@type\":\"WebSite\",\"@id\":\"https:\\\/\\\/www.enginplast.com\\\/#website\",\"url\":\"https:\\\/\\\/www.enginplast.com\\\/\",\"name\":\"Enginplast\",\"description\":\"\",\"publisher\":{\"@id\":\"https:\\\/\\\/www.enginplast.com\\\/#organization\"},\"potentialAction\":[{\"@type\":\"SearchAction\",\"target\":{\"@type\":\"EntryPoint\",\"urlTemplate\":\"https:\\\/\\\/www.enginplast.com\\\/?s={search_term_string}\"},\"query-input\":{\"@type\":\"PropertyValueSpecification\",\"valueRequired\":true,\"valueName\":\"search_term_string\"}}],\"inLanguage\":\"es\"},{\"@type\":\"Organization\",\"@id\":\"https:\\\/\\\/www.enginplast.com\\\/#organization\",\"name\":\"Enginplast srl\",\"url\":\"https:\\\/\\\/www.enginplast.com\\\/\",\"logo\":{\"@type\":\"ImageObject\",\"inLanguage\":\"es\",\"@id\":\"https:\\\/\\\/www.enginplast.com\\\/#\\\/schema\\\/logo\\\/image\\\/\",\"url\":\"https:\\\/\\\/www.enginplast.com\\\/wp-content\\\/uploads\\\/2014\\\/02\\\/logo-splash.jpg\",\"contentUrl\":\"https:\\\/\\\/www.enginplast.com\\\/wp-content\\\/uploads\\\/2014\\\/02\\\/logo-splash.jpg\",\"width\":640,\"height\":275,\"caption\":\"Enginplast srl\"},\"image\":{\"@id\":\"https:\\\/\\\/www.enginplast.com\\\/#\\\/schema\\\/logo\\\/image\\\/\"}}]}<\/script>\n<!-- \/ Yoast SEO plugin. -->","yoast_head_json":{"title":"Molinos - Enginplast","robots":{"index":"index","follow":"follow","max-snippet":"max-snippet:-1","max-image-preview":"max-image-preview:large","max-video-preview":"max-video-preview:-1"},"canonical":"https:\/\/www.enginplast.com\/es\/que-hacemos\/molinos\/","og_locale":"es_ES","og_type":"article","og_title":"Molinos - Enginplast","og_description":"Molinos Los productos de ese sector premiten desmenuzar descartes pl\u00e1sticos, procedentes directamente de l\u00edneas de producci\u00f3n o de recogidas diferenciadas obteniendo un \u201cmolido\u201d que gracias a su forma permite la reutilizaci\u00f3n complementaria a otras materias primas en la alimentaci\u00f3n de l\u00edneas de producci\u00f3n. El \u201cmolido\u201d se obtiene gracias a la acci\u00f3n din\u00e1mica de corte con [&hellip;]","og_url":"https:\/\/www.enginplast.com\/es\/que-hacemos\/molinos\/","og_site_name":"Enginplast","article_modified_time":"2014-11-27T08:42:17+00:00","og_image":[{"url":"https:\/\/www.enginplast.com\/wp-content\/uploads\/2013\/07\/Impianti-Granulatori-EnginPlast-Bondeno-Ferrara-lavorazione-polimeri.jpg","type":"","width":"","height":""}],"schema":{"@context":"https:\/\/schema.org","@graph":[{"@type":"WebPage","@id":"https:\/\/www.enginplast.com\/es\/que-hacemos\/molinos\/","url":"https:\/\/www.enginplast.com\/es\/que-hacemos\/molinos\/","name":"Molinos - Enginplast","isPartOf":{"@id":"https:\/\/www.enginplast.com\/#website"},"primaryImageOfPage":{"@id":"https:\/\/www.enginplast.com\/es\/que-hacemos\/molinos\/#primaryimage"},"image":{"@id":"https:\/\/www.enginplast.com\/es\/que-hacemos\/molinos\/#primaryimage"},"thumbnailUrl":"https:\/\/www.enginplast.com\/wp-content\/uploads\/2013\/07\/Impianti-Granulatori-EnginPlast-Bondeno-Ferrara-lavorazione-polimeri.jpg","datePublished":"2013-07-02T09:52:45+00:00","dateModified":"2014-11-27T08:42:17+00:00","breadcrumb":{"@id":"https:\/\/www.enginplast.com\/es\/que-hacemos\/molinos\/#breadcrumb"},"inLanguage":"es","potentialAction":[{"@type":"ReadAction","target":["https:\/\/www.enginplast.com\/es\/que-hacemos\/molinos\/"]}]},{"@type":"ImageObject","inLanguage":"es","@id":"https:\/\/www.enginplast.com\/es\/que-hacemos\/molinos\/#primaryimage","url":"https:\/\/www.enginplast.com\/wp-content\/uploads\/2013\/07\/Impianti-Granulatori-EnginPlast-Bondeno-Ferrara-lavorazione-polimeri.jpg","contentUrl":"https:\/\/www.enginplast.com\/wp-content\/uploads\/2013\/07\/Impianti-Granulatori-EnginPlast-Bondeno-Ferrara-lavorazione-polimeri.jpg"},{"@type":"BreadcrumbList","@id":"https:\/\/www.enginplast.com\/es\/que-hacemos\/molinos\/#breadcrumb","itemListElement":[{"@type":"ListItem","position":1,"name":"Home","item":"https:\/\/www.enginplast.com\/es\/"},{"@type":"ListItem","position":2,"name":"Qu\u00e9 hacemos","item":"https:\/\/www.enginplast.com\/es\/que-hacemos\/"},{"@type":"ListItem","position":3,"name":"Molinos"}]},{"@type":"WebSite","@id":"https:\/\/www.enginplast.com\/#website","url":"https:\/\/www.enginplast.com\/","name":"Enginplast","description":"","publisher":{"@id":"https:\/\/www.enginplast.com\/#organization"},"potentialAction":[{"@type":"SearchAction","target":{"@type":"EntryPoint","urlTemplate":"https:\/\/www.enginplast.com\/?s={search_term_string}"},"query-input":{"@type":"PropertyValueSpecification","valueRequired":true,"valueName":"search_term_string"}}],"inLanguage":"es"},{"@type":"Organization","@id":"https:\/\/www.enginplast.com\/#organization","name":"Enginplast srl","url":"https:\/\/www.enginplast.com\/","logo":{"@type":"ImageObject","inLanguage":"es","@id":"https:\/\/www.enginplast.com\/#\/schema\/logo\/image\/","url":"https:\/\/www.enginplast.com\/wp-content\/uploads\/2014\/02\/logo-splash.jpg","contentUrl":"https:\/\/www.enginplast.com\/wp-content\/uploads\/2014\/02\/logo-splash.jpg","width":640,"height":275,"caption":"Enginplast srl"},"image":{"@id":"https:\/\/www.enginplast.com\/#\/schema\/logo\/image\/"}}]}},"_links":{"self":[{"href":"https:\/\/www.enginplast.com\/es\/wp-json\/wp\/v2\/pages\/6375","targetHints":{"allow":["GET"]}}],"collection":[{"href":"https:\/\/www.enginplast.com\/es\/wp-json\/wp\/v2\/pages"}],"about":[{"href":"https:\/\/www.enginplast.com\/es\/wp-json\/wp\/v2\/types\/page"}],"author":[{"embeddable":true,"href":"https:\/\/www.enginplast.com\/es\/wp-json\/wp\/v2\/users\/2"}],"replies":[{"embeddable":true,"href":"https:\/\/www.enginplast.com\/es\/wp-json\/wp\/v2\/comments?post=6375"}],"version-history":[{"count":0,"href":"https:\/\/www.enginplast.com\/es\/wp-json\/wp\/v2\/pages\/6375\/revisions"}],"up":[{"embeddable":true,"href":"https:\/\/www.enginplast.com\/es\/wp-json\/wp\/v2\/pages\/6352"}],"wp:attachment":[{"href":"https:\/\/www.enginplast.com\/es\/wp-json\/wp\/v2\/media?parent=6375"}],"curies":[{"name":"wp","href":"https:\/\/api.w.org\/{rel}","templated":true}]}}