{"id":6360,"date":"2013-07-02T09:45:12","date_gmt":"2013-07-02T09:45:12","guid":{"rendered":"https:\/\/www.enginplast.com\/cosa-facciamo\/impianti-di-dosaggio-volumetrici\/"},"modified":"2014-11-27T09:36:51","modified_gmt":"2014-11-27T08:36:51","slug":"equipos-de-dosificacion-volumetrica","status":"publish","type":"page","link":"https:\/\/www.enginplast.com\/es\/que-hacemos\/equipos-de-dosificacion-volumetrica\/","title":{"rendered":"Equipos de dosificaci\u00f3n Volum\u00e9trica"},"content":{"rendered":"<h3><a href=\"https:\/\/www.enginplast.com\/wp-content\/uploads\/2013\/07\/Impianti-Volumetrici-Impianti-Granulatori-EnginPlast-Bondeno-Ferrara-lavorazione-polimeri.png\"><img loading=\"lazy\" decoding=\"async\" class=\"size-full wp-image-4288 alignright\" src=\"https:\/\/www.enginplast.com\/wp-content\/uploads\/2013\/07\/Impianti-Volumetrici-Impianti-Granulatori-EnginPlast-Bondeno-Ferrara-lavorazione-polimeri.png\" alt=\"Impianti-Volumetrici-Impianti-Granulatori-EnginPlast-Bondeno-Ferrara-lavorazione-polimeri\" width=\"188\" height=\"321\" srcset=\"https:\/\/www.enginplast.com\/wp-content\/uploads\/2013\/07\/Impianti-Volumetrici-Impianti-Granulatori-EnginPlast-Bondeno-Ferrara-lavorazione-polimeri.png 188w, https:\/\/www.enginplast.com\/wp-content\/uploads\/2013\/07\/Impianti-Volumetrici-Impianti-Granulatori-EnginPlast-Bondeno-Ferrara-lavorazione-polimeri-175x300.png 175w\" sizes=\"auto, (max-width: 188px) 100vw, 188px\" \/><\/a>Equipos de dosificaci\u00f3n volum\u00e9trica<\/h3>\n<p>Son instrumentos para la dosificaci\u00f3n de materias pl\u00e1sticas hechas con unidades de dosificaci\u00f3n a c\u00f3clea giratoria, la morfolog\u00eda de esos equipos puede ser en general diferente en funci\u00f3n de la aplicaci\u00f3n y del tipo de la tecnolog\u00eda de dosificaci\u00f3n (a a variaci\u00f3n de velocidad o a variaci\u00f3n de tiempo).<\/p>\n<p>La tecnolog\u00eda utilizada por los equipos de dosificaci\u00f3n volumetrica por Engin Plast es de dos tipos:<\/p>\n<p>\u00b7\tTecnolog\u00eda de dosificaci\u00f3n a variaci\u00f3n de velocidad<\/p>\n<p>Cada componente tiene a disposici\u00f3n una unidad de dosificaci\u00f3n la cuya pesada es determinada por la velocidad de rotaci\u00f3n imprimida en la c\u00f3clea de dosificaci\u00f3n<\/p>\n<p>\u00b7\tTecnolog\u00eda de dosificaci\u00f3n a variaci\u00f3n de tiempo<\/p>\n<p>Cada unidad de dosificaci\u00f3n se gestiona a velocidad fija por el sistema de control para un intervalo de tiempo necesario a la dosificaci\u00f3n programada.<\/p>\n<p>[separator top=\u00bb40&#8243; style=\u00bbshadow\u00bb]<\/p>\n<h3>Descubre la gama completa de nuestros productos:<\/h3>\n<p>[recent_works layout=\u00bbcarousel\u00bb filters=\u00bbtrue\u00bb columns=\u00bb2&#8243; cat_slug=\u00bbdosaggio-volumetrico\u00bb number_posts=\u00bb10&#8243; excerpt_words=\u00bb15&#8243;][\/recent_works]<\/p>\n","protected":false},"excerpt":{"rendered":"<p>Equipos de dosificaci\u00f3n volum\u00e9trica Son instrumentos para la dosificaci\u00f3n de materias pl\u00e1sticas hechas con unidades de dosificaci\u00f3n a c\u00f3clea giratoria, la morfolog\u00eda de esos equipos puede ser en general diferente en funci\u00f3n de la aplicaci\u00f3n y del tipo de la tecnolog\u00eda de dosificaci\u00f3n (a a variaci\u00f3n de velocidad o a variaci\u00f3n de tiempo). La tecnolog\u00eda [&hellip;]<\/p>\n","protected":false},"author":2,"featured_media":0,"parent":6352,"menu_order":2,"comment_status":"closed","ping_status":"closed","template":"side-navigation.php","meta":{"footnotes":""},"class_list":["post-6360","page","type-page","status-publish","hentry"],"yoast_head":"<!-- This site is optimized with the Yoast SEO plugin v27.4 - https:\/\/yoast.com\/product\/yoast-seo-wordpress\/ -->\n<title>Equipos de dosificaci\u00f3n volum\u00e9trica-Ferrara - Enginplast<\/title>\n<meta name=\"description\" content=\"Los equipos de dosificaci\u00f3n volum\u00e9trica son instrumentos para la dosificaci\u00f3n de materias plasticas hechas con unidades de dosificaci\u00f3n a c\u00f3clea rotatoria,\" \/>\n<meta name=\"robots\" content=\"index, follow, max-snippet:-1, max-image-preview:large, max-video-preview:-1\" \/>\n<link rel=\"canonical\" href=\"https:\/\/www.enginplast.com\/es\/que-hacemos\/equipos-de-dosificacion-volumetrica\/\" \/>\n<meta property=\"og:locale\" content=\"es_ES\" \/>\n<meta property=\"og:type\" content=\"article\" \/>\n<meta property=\"og:title\" content=\"Equipos de dosificaci\u00f3n volum\u00e9trica-Ferrara - Enginplast\" \/>\n<meta property=\"og:description\" content=\"Los equipos de dosificaci\u00f3n volum\u00e9trica son instrumentos para la dosificaci\u00f3n de materias plasticas hechas con unidades de dosificaci\u00f3n a c\u00f3clea rotatoria,\" \/>\n<meta property=\"og:url\" content=\"https:\/\/www.enginplast.com\/es\/que-hacemos\/equipos-de-dosificacion-volumetrica\/\" \/>\n<meta property=\"og:site_name\" content=\"Enginplast\" \/>\n<meta property=\"article:modified_time\" content=\"2014-11-27T08:36:51+00:00\" \/>\n<meta property=\"og:image\" content=\"https:\/\/www.enginplast.com\/wp-content\/uploads\/2013\/07\/Impianti-Volumetrici-Impianti-Granulatori-EnginPlast-Bondeno-Ferrara-lavorazione-polimeri.png\" \/>\n<meta name=\"twitter:label1\" content=\"Tiempo de lectura\" \/>\n\t<meta name=\"twitter:data1\" content=\"1 minuto\" \/>\n<script type=\"application\/ld+json\" class=\"yoast-schema-graph\">{\"@context\":\"https:\\\/\\\/schema.org\",\"@graph\":[{\"@type\":\"WebPage\",\"@id\":\"https:\\\/\\\/www.enginplast.com\\\/es\\\/que-hacemos\\\/equipos-de-dosificacion-volumetrica\\\/\",\"url\":\"https:\\\/\\\/www.enginplast.com\\\/es\\\/que-hacemos\\\/equipos-de-dosificacion-volumetrica\\\/\",\"name\":\"Equipos de dosificaci\u00f3n volum\u00e9trica-Ferrara - Enginplast\",\"isPartOf\":{\"@id\":\"https:\\\/\\\/www.enginplast.com\\\/#website\"},\"primaryImageOfPage\":{\"@id\":\"https:\\\/\\\/www.enginplast.com\\\/es\\\/que-hacemos\\\/equipos-de-dosificacion-volumetrica\\\/#primaryimage\"},\"image\":{\"@id\":\"https:\\\/\\\/www.enginplast.com\\\/es\\\/que-hacemos\\\/equipos-de-dosificacion-volumetrica\\\/#primaryimage\"},\"thumbnailUrl\":\"http:\\\/\\\/www.enginplast.com\\\/wp-content\\\/uploads\\\/2013\\\/07\\\/Impianti-Volumetrici-Impianti-Granulatori-EnginPlast-Bondeno-Ferrara-lavorazione-polimeri.png\",\"datePublished\":\"2013-07-02T09:45:12+00:00\",\"dateModified\":\"2014-11-27T08:36:51+00:00\",\"description\":\"Los equipos de dosificaci\u00f3n volum\u00e9trica son instrumentos para la dosificaci\u00f3n de materias plasticas hechas con unidades de dosificaci\u00f3n a c\u00f3clea rotatoria,\",\"breadcrumb\":{\"@id\":\"https:\\\/\\\/www.enginplast.com\\\/es\\\/que-hacemos\\\/equipos-de-dosificacion-volumetrica\\\/#breadcrumb\"},\"inLanguage\":\"es\",\"potentialAction\":[{\"@type\":\"ReadAction\",\"target\":[\"https:\\\/\\\/www.enginplast.com\\\/es\\\/que-hacemos\\\/equipos-de-dosificacion-volumetrica\\\/\"]}]},{\"@type\":\"ImageObject\",\"inLanguage\":\"es\",\"@id\":\"https:\\\/\\\/www.enginplast.com\\\/es\\\/que-hacemos\\\/equipos-de-dosificacion-volumetrica\\\/#primaryimage\",\"url\":\"http:\\\/\\\/www.enginplast.com\\\/wp-content\\\/uploads\\\/2013\\\/07\\\/Impianti-Volumetrici-Impianti-Granulatori-EnginPlast-Bondeno-Ferrara-lavorazione-polimeri.png\",\"contentUrl\":\"http:\\\/\\\/www.enginplast.com\\\/wp-content\\\/uploads\\\/2013\\\/07\\\/Impianti-Volumetrici-Impianti-Granulatori-EnginPlast-Bondeno-Ferrara-lavorazione-polimeri.png\"},{\"@type\":\"BreadcrumbList\",\"@id\":\"https:\\\/\\\/www.enginplast.com\\\/es\\\/que-hacemos\\\/equipos-de-dosificacion-volumetrica\\\/#breadcrumb\",\"itemListElement\":[{\"@type\":\"ListItem\",\"position\":1,\"name\":\"Home\",\"item\":\"https:\\\/\\\/www.enginplast.com\\\/es\\\/\"},{\"@type\":\"ListItem\",\"position\":2,\"name\":\"Qu\u00e9 hacemos\",\"item\":\"https:\\\/\\\/www.enginplast.com\\\/es\\\/que-hacemos\\\/\"},{\"@type\":\"ListItem\",\"position\":3,\"name\":\"Equipos de dosificaci\u00f3n Volum\u00e9trica\"}]},{\"@type\":\"WebSite\",\"@id\":\"https:\\\/\\\/www.enginplast.com\\\/#website\",\"url\":\"https:\\\/\\\/www.enginplast.com\\\/\",\"name\":\"Enginplast\",\"description\":\"\",\"publisher\":{\"@id\":\"https:\\\/\\\/www.enginplast.com\\\/#organization\"},\"potentialAction\":[{\"@type\":\"SearchAction\",\"target\":{\"@type\":\"EntryPoint\",\"urlTemplate\":\"https:\\\/\\\/www.enginplast.com\\\/?s={search_term_string}\"},\"query-input\":{\"@type\":\"PropertyValueSpecification\",\"valueRequired\":true,\"valueName\":\"search_term_string\"}}],\"inLanguage\":\"es\"},{\"@type\":\"Organization\",\"@id\":\"https:\\\/\\\/www.enginplast.com\\\/#organization\",\"name\":\"Enginplast srl\",\"url\":\"https:\\\/\\\/www.enginplast.com\\\/\",\"logo\":{\"@type\":\"ImageObject\",\"inLanguage\":\"es\",\"@id\":\"https:\\\/\\\/www.enginplast.com\\\/#\\\/schema\\\/logo\\\/image\\\/\",\"url\":\"https:\\\/\\\/www.enginplast.com\\\/wp-content\\\/uploads\\\/2014\\\/02\\\/logo-splash.jpg\",\"contentUrl\":\"https:\\\/\\\/www.enginplast.com\\\/wp-content\\\/uploads\\\/2014\\\/02\\\/logo-splash.jpg\",\"width\":640,\"height\":275,\"caption\":\"Enginplast srl\"},\"image\":{\"@id\":\"https:\\\/\\\/www.enginplast.com\\\/#\\\/schema\\\/logo\\\/image\\\/\"}}]}<\/script>\n<!-- \/ Yoast SEO plugin. -->","yoast_head_json":{"title":"Equipos de dosificaci\u00f3n volum\u00e9trica-Ferrara - Enginplast","description":"Los equipos de dosificaci\u00f3n volum\u00e9trica son instrumentos para la dosificaci\u00f3n de materias plasticas hechas con unidades de dosificaci\u00f3n a c\u00f3clea rotatoria,","robots":{"index":"index","follow":"follow","max-snippet":"max-snippet:-1","max-image-preview":"max-image-preview:large","max-video-preview":"max-video-preview:-1"},"canonical":"https:\/\/www.enginplast.com\/es\/que-hacemos\/equipos-de-dosificacion-volumetrica\/","og_locale":"es_ES","og_type":"article","og_title":"Equipos de dosificaci\u00f3n volum\u00e9trica-Ferrara - Enginplast","og_description":"Los equipos de dosificaci\u00f3n volum\u00e9trica son instrumentos para la dosificaci\u00f3n de materias plasticas hechas con unidades de dosificaci\u00f3n a c\u00f3clea rotatoria,","og_url":"https:\/\/www.enginplast.com\/es\/que-hacemos\/equipos-de-dosificacion-volumetrica\/","og_site_name":"Enginplast","article_modified_time":"2014-11-27T08:36:51+00:00","og_image":[{"url":"https:\/\/www.enginplast.com\/wp-content\/uploads\/2013\/07\/Impianti-Volumetrici-Impianti-Granulatori-EnginPlast-Bondeno-Ferrara-lavorazione-polimeri.png","type":"","width":"","height":""}],"twitter_misc":{"Tiempo de lectura":"1 minuto"},"schema":{"@context":"https:\/\/schema.org","@graph":[{"@type":"WebPage","@id":"https:\/\/www.enginplast.com\/es\/que-hacemos\/equipos-de-dosificacion-volumetrica\/","url":"https:\/\/www.enginplast.com\/es\/que-hacemos\/equipos-de-dosificacion-volumetrica\/","name":"Equipos de dosificaci\u00f3n volum\u00e9trica-Ferrara - Enginplast","isPartOf":{"@id":"https:\/\/www.enginplast.com\/#website"},"primaryImageOfPage":{"@id":"https:\/\/www.enginplast.com\/es\/que-hacemos\/equipos-de-dosificacion-volumetrica\/#primaryimage"},"image":{"@id":"https:\/\/www.enginplast.com\/es\/que-hacemos\/equipos-de-dosificacion-volumetrica\/#primaryimage"},"thumbnailUrl":"https:\/\/www.enginplast.com\/wp-content\/uploads\/2013\/07\/Impianti-Volumetrici-Impianti-Granulatori-EnginPlast-Bondeno-Ferrara-lavorazione-polimeri.png","datePublished":"2013-07-02T09:45:12+00:00","dateModified":"2014-11-27T08:36:51+00:00","description":"Los equipos de dosificaci\u00f3n volum\u00e9trica son instrumentos para la dosificaci\u00f3n de materias plasticas hechas con unidades de dosificaci\u00f3n a c\u00f3clea rotatoria,","breadcrumb":{"@id":"https:\/\/www.enginplast.com\/es\/que-hacemos\/equipos-de-dosificacion-volumetrica\/#breadcrumb"},"inLanguage":"es","potentialAction":[{"@type":"ReadAction","target":["https:\/\/www.enginplast.com\/es\/que-hacemos\/equipos-de-dosificacion-volumetrica\/"]}]},{"@type":"ImageObject","inLanguage":"es","@id":"https:\/\/www.enginplast.com\/es\/que-hacemos\/equipos-de-dosificacion-volumetrica\/#primaryimage","url":"https:\/\/www.enginplast.com\/wp-content\/uploads\/2013\/07\/Impianti-Volumetrici-Impianti-Granulatori-EnginPlast-Bondeno-Ferrara-lavorazione-polimeri.png","contentUrl":"https:\/\/www.enginplast.com\/wp-content\/uploads\/2013\/07\/Impianti-Volumetrici-Impianti-Granulatori-EnginPlast-Bondeno-Ferrara-lavorazione-polimeri.png"},{"@type":"BreadcrumbList","@id":"https:\/\/www.enginplast.com\/es\/que-hacemos\/equipos-de-dosificacion-volumetrica\/#breadcrumb","itemListElement":[{"@type":"ListItem","position":1,"name":"Home","item":"https:\/\/www.enginplast.com\/es\/"},{"@type":"ListItem","position":2,"name":"Qu\u00e9 hacemos","item":"https:\/\/www.enginplast.com\/es\/que-hacemos\/"},{"@type":"ListItem","position":3,"name":"Equipos de dosificaci\u00f3n Volum\u00e9trica"}]},{"@type":"WebSite","@id":"https:\/\/www.enginplast.com\/#website","url":"https:\/\/www.enginplast.com\/","name":"Enginplast","description":"","publisher":{"@id":"https:\/\/www.enginplast.com\/#organization"},"potentialAction":[{"@type":"SearchAction","target":{"@type":"EntryPoint","urlTemplate":"https:\/\/www.enginplast.com\/?s={search_term_string}"},"query-input":{"@type":"PropertyValueSpecification","valueRequired":true,"valueName":"search_term_string"}}],"inLanguage":"es"},{"@type":"Organization","@id":"https:\/\/www.enginplast.com\/#organization","name":"Enginplast srl","url":"https:\/\/www.enginplast.com\/","logo":{"@type":"ImageObject","inLanguage":"es","@id":"https:\/\/www.enginplast.com\/#\/schema\/logo\/image\/","url":"https:\/\/www.enginplast.com\/wp-content\/uploads\/2014\/02\/logo-splash.jpg","contentUrl":"https:\/\/www.enginplast.com\/wp-content\/uploads\/2014\/02\/logo-splash.jpg","width":640,"height":275,"caption":"Enginplast srl"},"image":{"@id":"https:\/\/www.enginplast.com\/#\/schema\/logo\/image\/"}}]}},"_links":{"self":[{"href":"https:\/\/www.enginplast.com\/es\/wp-json\/wp\/v2\/pages\/6360","targetHints":{"allow":["GET"]}}],"collection":[{"href":"https:\/\/www.enginplast.com\/es\/wp-json\/wp\/v2\/pages"}],"about":[{"href":"https:\/\/www.enginplast.com\/es\/wp-json\/wp\/v2\/types\/page"}],"author":[{"embeddable":true,"href":"https:\/\/www.enginplast.com\/es\/wp-json\/wp\/v2\/users\/2"}],"replies":[{"embeddable":true,"href":"https:\/\/www.enginplast.com\/es\/wp-json\/wp\/v2\/comments?post=6360"}],"version-history":[{"count":0,"href":"https:\/\/www.enginplast.com\/es\/wp-json\/wp\/v2\/pages\/6360\/revisions"}],"up":[{"embeddable":true,"href":"https:\/\/www.enginplast.com\/es\/wp-json\/wp\/v2\/pages\/6352"}],"wp:attachment":[{"href":"https:\/\/www.enginplast.com\/es\/wp-json\/wp\/v2\/media?parent=6360"}],"curies":[{"name":"wp","href":"https:\/\/api.w.org\/{rel}","templated":true}]}}