{"id":6359,"date":"2013-07-02T09:44:37","date_gmt":"2013-07-02T09:44:37","guid":{"rendered":"https:\/\/www.enginplast.com\/cosa-facciamo\/impianti-di-dosaggio-gravimetrici\/"},"modified":"2014-11-27T09:31:42","modified_gmt":"2014-11-27T08:31:42","slug":"equipos-de-dosificacion-gravimetrica","status":"publish","type":"page","link":"https:\/\/www.enginplast.com\/es\/que-hacemos\/equipos-de-dosificacion-gravimetrica\/","title":{"rendered":"Equipos de dosificaci\u00f3n Gravim\u00e9trica"},"content":{"rendered":"<h3><a href=\"https:\/\/www.enginplast.com\/wp-content\/uploads\/2013\/07\/DG1SP2V_SCONTORNATO.jpg\"><img loading=\"lazy\" decoding=\"async\" class=\"size-medium wp-image-3928 alignright\" src=\"https:\/\/www.enginplast.com\/wp-content\/uploads\/2013\/07\/DG1SP2V_SCONTORNATO-199x300.jpg\" alt=\"DG1SP2V_SCONTORNATO\" width=\"199\" height=\"300\" srcset=\"https:\/\/www.enginplast.com\/wp-content\/uploads\/2013\/07\/DG1SP2V_SCONTORNATO-199x300.jpg 199w, https:\/\/www.enginplast.com\/wp-content\/uploads\/2013\/07\/DG1SP2V_SCONTORNATO-682x1024.jpg 682w, https:\/\/www.enginplast.com\/wp-content\/uploads\/2013\/07\/DG1SP2V_SCONTORNATO.jpg 1267w\" sizes=\"auto, (max-width: 199px) 100vw, 199px\" \/><\/a>Equipos de dosificaci\u00f3n gravim\u00e9trica<\/h3>\n<p>Los equipos gravim\u00e9tricos est\u00e1n constituidos por instrumentos para la dosificaci\u00f3n de materias pl\u00e1sticas hechas con balanzas electr\u00f3nicas puestas en las unidades de dosificaci\u00f3n, la morfolog\u00eda de esos esquipos puede ser en general diferente en funci\u00f3n de la aplicaci\u00f3n y del tipo de dosificaci\u00f3n gravim\u00e9trica (a suma de peso [batch] o p\u00e9rdida de peso).<\/p>\n<p><strong>Dosificaci\u00f3n gravim\u00e9trica<\/strong><\/p>\n<p>Las tecnolog\u00edas utilizadas por Engin Plast para la lectura del material procesado por las unidades de dosificaci\u00f3n gravim\u00e9trica son dos tipos:<\/p>\n<p>a p\u00e9rdida de peso, cada material a dosificar es pesado  individualmente y continuamente DG15, CWS2023, DG1SP<\/p>\n<p>a suma de peso, los diferente materiales a dosificar se pesan en una \u00fanica balanza en modo secuencial TRIO \u201cT\u201d \u201cM\u201d.<\/p>\n<p>[separator top=\u00bb40&#8243; style=\u00bbshadow\u00bb]<\/p>\n<h3>Descubre la gama completa de nuestros productos:<\/h3>\n<p>[recent_works layout=\u00bbcarousel\u00bb filters=\u00bbtrue\u00bb columns=\u00bb4&#8243; cat_slug=\u00bbdosaggio-gravimetrico\u00bb number_posts=\u00bb10&#8243; excerpt_words=\u00bb15&#8243;][\/recent_works]<\/p>\n","protected":false},"excerpt":{"rendered":"<p>Equipos de dosificaci\u00f3n gravim\u00e9trica Los equipos gravim\u00e9tricos est\u00e1n constituidos por instrumentos para la dosificaci\u00f3n de materias pl\u00e1sticas hechas con balanzas electr\u00f3nicas puestas en las unidades de dosificaci\u00f3n, la morfolog\u00eda de esos esquipos puede ser en general diferente en funci\u00f3n de la aplicaci\u00f3n y del tipo de dosificaci\u00f3n gravim\u00e9trica (a suma de peso [batch] o p\u00e9rdida [&hellip;]<\/p>\n","protected":false},"author":2,"featured_media":0,"parent":6352,"menu_order":1,"comment_status":"closed","ping_status":"closed","template":"","meta":{"footnotes":""},"class_list":["post-6359","page","type-page","status-publish","hentry"],"yoast_head":"<!-- This site is optimized with the Yoast SEO plugin v27.4 - https:\/\/yoast.com\/product\/yoast-seo-wordpress\/ -->\n<title>Equipos de dosificaci\u00f3n gravim\u00e9trica - Ferrara - Enginplast<\/title>\n<meta name=\"description\" content=\"Los equipos de dosificaci\u00f3n gravim\u00e9trica sirven para la dosificaci\u00f3n de materias plasticas.\" \/>\n<meta name=\"robots\" content=\"index, follow, max-snippet:-1, max-image-preview:large, max-video-preview:-1\" \/>\n<link rel=\"canonical\" href=\"https:\/\/www.enginplast.com\/es\/que-hacemos\/equipos-de-dosificacion-gravimetrica\/\" \/>\n<meta property=\"og:locale\" content=\"es_ES\" \/>\n<meta property=\"og:type\" content=\"article\" \/>\n<meta property=\"og:title\" content=\"Equipos de dosificaci\u00f3n gravim\u00e9trica - Ferrara - Enginplast\" \/>\n<meta property=\"og:description\" content=\"Los equipos de dosificaci\u00f3n gravim\u00e9trica sirven para la dosificaci\u00f3n de materias plasticas.\" \/>\n<meta property=\"og:url\" content=\"https:\/\/www.enginplast.com\/es\/que-hacemos\/equipos-de-dosificacion-gravimetrica\/\" \/>\n<meta property=\"og:site_name\" content=\"Enginplast\" \/>\n<meta property=\"article:modified_time\" content=\"2014-11-27T08:31:42+00:00\" \/>\n<meta property=\"og:image\" content=\"https:\/\/www.enginplast.com\/wp-content\/uploads\/2013\/07\/DG1SP2V_SCONTORNATO-199x300.jpg\" \/>\n<meta name=\"twitter:label1\" content=\"Tiempo de lectura\" \/>\n\t<meta name=\"twitter:data1\" content=\"1 minuto\" \/>\n<script type=\"application\/ld+json\" class=\"yoast-schema-graph\">{\"@context\":\"https:\\\/\\\/schema.org\",\"@graph\":[{\"@type\":\"WebPage\",\"@id\":\"https:\\\/\\\/www.enginplast.com\\\/es\\\/que-hacemos\\\/equipos-de-dosificacion-gravimetrica\\\/\",\"url\":\"https:\\\/\\\/www.enginplast.com\\\/es\\\/que-hacemos\\\/equipos-de-dosificacion-gravimetrica\\\/\",\"name\":\"Equipos de dosificaci\u00f3n gravim\u00e9trica - Ferrara - Enginplast\",\"isPartOf\":{\"@id\":\"https:\\\/\\\/www.enginplast.com\\\/#website\"},\"primaryImageOfPage\":{\"@id\":\"https:\\\/\\\/www.enginplast.com\\\/es\\\/que-hacemos\\\/equipos-de-dosificacion-gravimetrica\\\/#primaryimage\"},\"image\":{\"@id\":\"https:\\\/\\\/www.enginplast.com\\\/es\\\/que-hacemos\\\/equipos-de-dosificacion-gravimetrica\\\/#primaryimage\"},\"thumbnailUrl\":\"http:\\\/\\\/www.enginplast.com\\\/wp-content\\\/uploads\\\/2013\\\/07\\\/DG1SP2V_SCONTORNATO-199x300.jpg\",\"datePublished\":\"2013-07-02T09:44:37+00:00\",\"dateModified\":\"2014-11-27T08:31:42+00:00\",\"description\":\"Los equipos de dosificaci\u00f3n gravim\u00e9trica sirven para la dosificaci\u00f3n de materias plasticas.\",\"breadcrumb\":{\"@id\":\"https:\\\/\\\/www.enginplast.com\\\/es\\\/que-hacemos\\\/equipos-de-dosificacion-gravimetrica\\\/#breadcrumb\"},\"inLanguage\":\"es\",\"potentialAction\":[{\"@type\":\"ReadAction\",\"target\":[\"https:\\\/\\\/www.enginplast.com\\\/es\\\/que-hacemos\\\/equipos-de-dosificacion-gravimetrica\\\/\"]}]},{\"@type\":\"ImageObject\",\"inLanguage\":\"es\",\"@id\":\"https:\\\/\\\/www.enginplast.com\\\/es\\\/que-hacemos\\\/equipos-de-dosificacion-gravimetrica\\\/#primaryimage\",\"url\":\"http:\\\/\\\/www.enginplast.com\\\/wp-content\\\/uploads\\\/2013\\\/07\\\/DG1SP2V_SCONTORNATO-199x300.jpg\",\"contentUrl\":\"http:\\\/\\\/www.enginplast.com\\\/wp-content\\\/uploads\\\/2013\\\/07\\\/DG1SP2V_SCONTORNATO-199x300.jpg\"},{\"@type\":\"BreadcrumbList\",\"@id\":\"https:\\\/\\\/www.enginplast.com\\\/es\\\/que-hacemos\\\/equipos-de-dosificacion-gravimetrica\\\/#breadcrumb\",\"itemListElement\":[{\"@type\":\"ListItem\",\"position\":1,\"name\":\"Home\",\"item\":\"https:\\\/\\\/www.enginplast.com\\\/es\\\/\"},{\"@type\":\"ListItem\",\"position\":2,\"name\":\"Qu\u00e9 hacemos\",\"item\":\"https:\\\/\\\/www.enginplast.com\\\/es\\\/que-hacemos\\\/\"},{\"@type\":\"ListItem\",\"position\":3,\"name\":\"Equipos de dosificaci\u00f3n Gravim\u00e9trica\"}]},{\"@type\":\"WebSite\",\"@id\":\"https:\\\/\\\/www.enginplast.com\\\/#website\",\"url\":\"https:\\\/\\\/www.enginplast.com\\\/\",\"name\":\"Enginplast\",\"description\":\"\",\"publisher\":{\"@id\":\"https:\\\/\\\/www.enginplast.com\\\/#organization\"},\"potentialAction\":[{\"@type\":\"SearchAction\",\"target\":{\"@type\":\"EntryPoint\",\"urlTemplate\":\"https:\\\/\\\/www.enginplast.com\\\/?s={search_term_string}\"},\"query-input\":{\"@type\":\"PropertyValueSpecification\",\"valueRequired\":true,\"valueName\":\"search_term_string\"}}],\"inLanguage\":\"es\"},{\"@type\":\"Organization\",\"@id\":\"https:\\\/\\\/www.enginplast.com\\\/#organization\",\"name\":\"Enginplast srl\",\"url\":\"https:\\\/\\\/www.enginplast.com\\\/\",\"logo\":{\"@type\":\"ImageObject\",\"inLanguage\":\"es\",\"@id\":\"https:\\\/\\\/www.enginplast.com\\\/#\\\/schema\\\/logo\\\/image\\\/\",\"url\":\"https:\\\/\\\/www.enginplast.com\\\/wp-content\\\/uploads\\\/2014\\\/02\\\/logo-splash.jpg\",\"contentUrl\":\"https:\\\/\\\/www.enginplast.com\\\/wp-content\\\/uploads\\\/2014\\\/02\\\/logo-splash.jpg\",\"width\":640,\"height\":275,\"caption\":\"Enginplast srl\"},\"image\":{\"@id\":\"https:\\\/\\\/www.enginplast.com\\\/#\\\/schema\\\/logo\\\/image\\\/\"}}]}<\/script>\n<!-- \/ Yoast SEO plugin. -->","yoast_head_json":{"title":"Equipos de dosificaci\u00f3n gravim\u00e9trica - Ferrara - Enginplast","description":"Los equipos de dosificaci\u00f3n gravim\u00e9trica sirven para la dosificaci\u00f3n de materias plasticas.","robots":{"index":"index","follow":"follow","max-snippet":"max-snippet:-1","max-image-preview":"max-image-preview:large","max-video-preview":"max-video-preview:-1"},"canonical":"https:\/\/www.enginplast.com\/es\/que-hacemos\/equipos-de-dosificacion-gravimetrica\/","og_locale":"es_ES","og_type":"article","og_title":"Equipos de dosificaci\u00f3n gravim\u00e9trica - Ferrara - Enginplast","og_description":"Los equipos de dosificaci\u00f3n gravim\u00e9trica sirven para la dosificaci\u00f3n de materias plasticas.","og_url":"https:\/\/www.enginplast.com\/es\/que-hacemos\/equipos-de-dosificacion-gravimetrica\/","og_site_name":"Enginplast","article_modified_time":"2014-11-27T08:31:42+00:00","og_image":[{"url":"https:\/\/www.enginplast.com\/wp-content\/uploads\/2013\/07\/DG1SP2V_SCONTORNATO-199x300.jpg","type":"","width":"","height":""}],"twitter_misc":{"Tiempo de lectura":"1 minuto"},"schema":{"@context":"https:\/\/schema.org","@graph":[{"@type":"WebPage","@id":"https:\/\/www.enginplast.com\/es\/que-hacemos\/equipos-de-dosificacion-gravimetrica\/","url":"https:\/\/www.enginplast.com\/es\/que-hacemos\/equipos-de-dosificacion-gravimetrica\/","name":"Equipos de dosificaci\u00f3n gravim\u00e9trica - Ferrara - Enginplast","isPartOf":{"@id":"https:\/\/www.enginplast.com\/#website"},"primaryImageOfPage":{"@id":"https:\/\/www.enginplast.com\/es\/que-hacemos\/equipos-de-dosificacion-gravimetrica\/#primaryimage"},"image":{"@id":"https:\/\/www.enginplast.com\/es\/que-hacemos\/equipos-de-dosificacion-gravimetrica\/#primaryimage"},"thumbnailUrl":"https:\/\/www.enginplast.com\/wp-content\/uploads\/2013\/07\/DG1SP2V_SCONTORNATO-199x300.jpg","datePublished":"2013-07-02T09:44:37+00:00","dateModified":"2014-11-27T08:31:42+00:00","description":"Los equipos de dosificaci\u00f3n gravim\u00e9trica sirven para la dosificaci\u00f3n de materias plasticas.","breadcrumb":{"@id":"https:\/\/www.enginplast.com\/es\/que-hacemos\/equipos-de-dosificacion-gravimetrica\/#breadcrumb"},"inLanguage":"es","potentialAction":[{"@type":"ReadAction","target":["https:\/\/www.enginplast.com\/es\/que-hacemos\/equipos-de-dosificacion-gravimetrica\/"]}]},{"@type":"ImageObject","inLanguage":"es","@id":"https:\/\/www.enginplast.com\/es\/que-hacemos\/equipos-de-dosificacion-gravimetrica\/#primaryimage","url":"https:\/\/www.enginplast.com\/wp-content\/uploads\/2013\/07\/DG1SP2V_SCONTORNATO-199x300.jpg","contentUrl":"https:\/\/www.enginplast.com\/wp-content\/uploads\/2013\/07\/DG1SP2V_SCONTORNATO-199x300.jpg"},{"@type":"BreadcrumbList","@id":"https:\/\/www.enginplast.com\/es\/que-hacemos\/equipos-de-dosificacion-gravimetrica\/#breadcrumb","itemListElement":[{"@type":"ListItem","position":1,"name":"Home","item":"https:\/\/www.enginplast.com\/es\/"},{"@type":"ListItem","position":2,"name":"Qu\u00e9 hacemos","item":"https:\/\/www.enginplast.com\/es\/que-hacemos\/"},{"@type":"ListItem","position":3,"name":"Equipos de dosificaci\u00f3n Gravim\u00e9trica"}]},{"@type":"WebSite","@id":"https:\/\/www.enginplast.com\/#website","url":"https:\/\/www.enginplast.com\/","name":"Enginplast","description":"","publisher":{"@id":"https:\/\/www.enginplast.com\/#organization"},"potentialAction":[{"@type":"SearchAction","target":{"@type":"EntryPoint","urlTemplate":"https:\/\/www.enginplast.com\/?s={search_term_string}"},"query-input":{"@type":"PropertyValueSpecification","valueRequired":true,"valueName":"search_term_string"}}],"inLanguage":"es"},{"@type":"Organization","@id":"https:\/\/www.enginplast.com\/#organization","name":"Enginplast srl","url":"https:\/\/www.enginplast.com\/","logo":{"@type":"ImageObject","inLanguage":"es","@id":"https:\/\/www.enginplast.com\/#\/schema\/logo\/image\/","url":"https:\/\/www.enginplast.com\/wp-content\/uploads\/2014\/02\/logo-splash.jpg","contentUrl":"https:\/\/www.enginplast.com\/wp-content\/uploads\/2014\/02\/logo-splash.jpg","width":640,"height":275,"caption":"Enginplast srl"},"image":{"@id":"https:\/\/www.enginplast.com\/#\/schema\/logo\/image\/"}}]}},"_links":{"self":[{"href":"https:\/\/www.enginplast.com\/es\/wp-json\/wp\/v2\/pages\/6359","targetHints":{"allow":["GET"]}}],"collection":[{"href":"https:\/\/www.enginplast.com\/es\/wp-json\/wp\/v2\/pages"}],"about":[{"href":"https:\/\/www.enginplast.com\/es\/wp-json\/wp\/v2\/types\/page"}],"author":[{"embeddable":true,"href":"https:\/\/www.enginplast.com\/es\/wp-json\/wp\/v2\/users\/2"}],"replies":[{"embeddable":true,"href":"https:\/\/www.enginplast.com\/es\/wp-json\/wp\/v2\/comments?post=6359"}],"version-history":[{"count":0,"href":"https:\/\/www.enginplast.com\/es\/wp-json\/wp\/v2\/pages\/6359\/revisions"}],"up":[{"embeddable":true,"href":"https:\/\/www.enginplast.com\/es\/wp-json\/wp\/v2\/pages\/6352"}],"wp:attachment":[{"href":"https:\/\/www.enginplast.com\/es\/wp-json\/wp\/v2\/media?parent=6359"}],"curies":[{"name":"wp","href":"https:\/\/api.w.org\/{rel}","templated":true}]}}