{"id":6358,"date":"2013-07-02T09:49:59","date_gmt":"2013-07-02T09:49:59","guid":{"rendered":"https:\/\/www.enginplast.com\/cosa-facciamo\/trasporto-ed-alimentazione\/"},"modified":"2014-11-27T09:38:58","modified_gmt":"2014-11-27T08:38:58","slug":"transporte-y-alimentacion","status":"publish","type":"page","link":"https:\/\/www.enginplast.com\/es\/que-hacemos\/transporte-y-alimentacion\/","title":{"rendered":"Transporte y Alimentaci\u00f3n"},"content":{"rendered":"<h2><a href=\"https:\/\/www.enginplast.com\/wp-content\/uploads\/2013\/07\/Impianti-Trasporto-Alimentazione-Impianti-Granulatori-EnginPlast-Bondeno-Ferrara-lavorazione-polimeri.jpg\"><img loading=\"lazy\" decoding=\"async\" class=\" wp-image-4293 alignright\" src=\"https:\/\/www.enginplast.com\/wp-content\/uploads\/2013\/07\/Impianti-Trasporto-Alimentazione-Impianti-Granulatori-EnginPlast-Bondeno-Ferrara-lavorazione-polimeri.jpg\" alt=\"Impianti-Trasporto-Alimentazione-Impianti-Granulatori-EnginPlast-Bondeno-Ferrara-lavorazione-polimeri\" width=\"277\" height=\"216\" srcset=\"https:\/\/www.enginplast.com\/wp-content\/uploads\/2013\/07\/Impianti-Trasporto-Alimentazione-Impianti-Granulatori-EnginPlast-Bondeno-Ferrara-lavorazione-polimeri.jpg 600w, https:\/\/www.enginplast.com\/wp-content\/uploads\/2013\/07\/Impianti-Trasporto-Alimentazione-Impianti-Granulatori-EnginPlast-Bondeno-Ferrara-lavorazione-polimeri-300x233.jpg 300w\" sizes=\"auto, (max-width: 277px) 100vw, 277px\" \/><\/a>Transporte y Alimentaci\u00f3n<\/h2>\n<p>Engin Plast realiza equipos de transporte por material pl\u00e1stico en granza utilizando la tecnolog\u00eda de la depresi\u00f3n.<\/p>\n<p>Esos equipos pueden caracterizarse por unidades individuales para la gesti\u00f3n de un solo material o por unidades centralizadas para la gesti\u00f3n y distribuci\u00f3n de m\u00e1s materiales.<\/p>\n<p>[separator top=\u00bb40&#8243; style=\u00bbshadow\u00bb]<\/p>\n<h3>Descubre la gama completa de nuestros productos:<\/h3>\n<p>[recent_works layout=\u00bbcarousel\u00bb filters=\u00bbtrue\u00bb columns=\u00bb4&#8243; cat_slug=\u00bbsistemi-di-trasporto-pneumatico\u00bb number_posts=\u00bb10&#8243; excerpt_words=\u00bb15&#8243;][\/recent_works]<\/p>\n","protected":false},"excerpt":{"rendered":"<p>Transporte y Alimentaci\u00f3n Engin Plast realiza equipos de transporte por material pl\u00e1stico en granza utilizando la tecnolog\u00eda de la depresi\u00f3n. Esos equipos pueden caracterizarse por unidades individuales para la gesti\u00f3n de un solo material o por unidades centralizadas para la gesti\u00f3n y distribuci\u00f3n de m\u00e1s materiales. [separator top=\u00bb40&#8243; style=\u00bbshadow\u00bb] Descubre la gama completa de nuestros [&hellip;]<\/p>\n","protected":false},"author":2,"featured_media":0,"parent":6352,"menu_order":3,"comment_status":"closed","ping_status":"closed","template":"side-navigation.php","meta":{"footnotes":""},"class_list":["post-6358","page","type-page","status-publish","hentry"],"yoast_head":"<!-- This site is optimized with the Yoast SEO plugin v27.4 - https:\/\/yoast.com\/product\/yoast-seo-wordpress\/ -->\n<title>Transporte y Alimentaci\u00f3n - Enginplast<\/title>\n<meta name=\"robots\" content=\"index, follow, max-snippet:-1, max-image-preview:large, max-video-preview:-1\" \/>\n<link rel=\"canonical\" href=\"https:\/\/www.enginplast.com\/es\/que-hacemos\/transporte-y-alimentacion\/\" \/>\n<meta property=\"og:locale\" content=\"es_ES\" \/>\n<meta property=\"og:type\" content=\"article\" \/>\n<meta property=\"og:title\" content=\"Transporte y Alimentaci\u00f3n - Enginplast\" \/>\n<meta property=\"og:description\" content=\"Transporte y Alimentaci\u00f3n Engin Plast realiza equipos de transporte por material pl\u00e1stico en granza utilizando la tecnolog\u00eda de la depresi\u00f3n. Esos equipos pueden caracterizarse por unidades individuales para la gesti\u00f3n de un solo material o por unidades centralizadas para la gesti\u00f3n y distribuci\u00f3n de m\u00e1s materiales. [separator top=\u00bb40&#8243; style=\u00bbshadow\u00bb] Descubre la gama completa de nuestros [&hellip;]\" \/>\n<meta property=\"og:url\" content=\"https:\/\/www.enginplast.com\/es\/que-hacemos\/transporte-y-alimentacion\/\" \/>\n<meta property=\"og:site_name\" content=\"Enginplast\" \/>\n<meta property=\"article:modified_time\" content=\"2014-11-27T08:38:58+00:00\" \/>\n<meta property=\"og:image\" content=\"https:\/\/www.enginplast.com\/wp-content\/uploads\/2013\/07\/Impianti-Trasporto-Alimentazione-Impianti-Granulatori-EnginPlast-Bondeno-Ferrara-lavorazione-polimeri.jpg\" \/>\n<script type=\"application\/ld+json\" class=\"yoast-schema-graph\">{\"@context\":\"https:\\\/\\\/schema.org\",\"@graph\":[{\"@type\":\"WebPage\",\"@id\":\"https:\\\/\\\/www.enginplast.com\\\/es\\\/que-hacemos\\\/transporte-y-alimentacion\\\/\",\"url\":\"https:\\\/\\\/www.enginplast.com\\\/es\\\/que-hacemos\\\/transporte-y-alimentacion\\\/\",\"name\":\"Transporte y Alimentaci\u00f3n - Enginplast\",\"isPartOf\":{\"@id\":\"https:\\\/\\\/www.enginplast.com\\\/#website\"},\"primaryImageOfPage\":{\"@id\":\"https:\\\/\\\/www.enginplast.com\\\/es\\\/que-hacemos\\\/transporte-y-alimentacion\\\/#primaryimage\"},\"image\":{\"@id\":\"https:\\\/\\\/www.enginplast.com\\\/es\\\/que-hacemos\\\/transporte-y-alimentacion\\\/#primaryimage\"},\"thumbnailUrl\":\"http:\\\/\\\/www.enginplast.com\\\/wp-content\\\/uploads\\\/2013\\\/07\\\/Impianti-Trasporto-Alimentazione-Impianti-Granulatori-EnginPlast-Bondeno-Ferrara-lavorazione-polimeri.jpg\",\"datePublished\":\"2013-07-02T09:49:59+00:00\",\"dateModified\":\"2014-11-27T08:38:58+00:00\",\"breadcrumb\":{\"@id\":\"https:\\\/\\\/www.enginplast.com\\\/es\\\/que-hacemos\\\/transporte-y-alimentacion\\\/#breadcrumb\"},\"inLanguage\":\"es\",\"potentialAction\":[{\"@type\":\"ReadAction\",\"target\":[\"https:\\\/\\\/www.enginplast.com\\\/es\\\/que-hacemos\\\/transporte-y-alimentacion\\\/\"]}]},{\"@type\":\"ImageObject\",\"inLanguage\":\"es\",\"@id\":\"https:\\\/\\\/www.enginplast.com\\\/es\\\/que-hacemos\\\/transporte-y-alimentacion\\\/#primaryimage\",\"url\":\"http:\\\/\\\/www.enginplast.com\\\/wp-content\\\/uploads\\\/2013\\\/07\\\/Impianti-Trasporto-Alimentazione-Impianti-Granulatori-EnginPlast-Bondeno-Ferrara-lavorazione-polimeri.jpg\",\"contentUrl\":\"http:\\\/\\\/www.enginplast.com\\\/wp-content\\\/uploads\\\/2013\\\/07\\\/Impianti-Trasporto-Alimentazione-Impianti-Granulatori-EnginPlast-Bondeno-Ferrara-lavorazione-polimeri.jpg\"},{\"@type\":\"BreadcrumbList\",\"@id\":\"https:\\\/\\\/www.enginplast.com\\\/es\\\/que-hacemos\\\/transporte-y-alimentacion\\\/#breadcrumb\",\"itemListElement\":[{\"@type\":\"ListItem\",\"position\":1,\"name\":\"Home\",\"item\":\"https:\\\/\\\/www.enginplast.com\\\/es\\\/\"},{\"@type\":\"ListItem\",\"position\":2,\"name\":\"Qu\u00e9 hacemos\",\"item\":\"https:\\\/\\\/www.enginplast.com\\\/es\\\/que-hacemos\\\/\"},{\"@type\":\"ListItem\",\"position\":3,\"name\":\"Transporte y Alimentaci\u00f3n\"}]},{\"@type\":\"WebSite\",\"@id\":\"https:\\\/\\\/www.enginplast.com\\\/#website\",\"url\":\"https:\\\/\\\/www.enginplast.com\\\/\",\"name\":\"Enginplast\",\"description\":\"\",\"publisher\":{\"@id\":\"https:\\\/\\\/www.enginplast.com\\\/#organization\"},\"potentialAction\":[{\"@type\":\"SearchAction\",\"target\":{\"@type\":\"EntryPoint\",\"urlTemplate\":\"https:\\\/\\\/www.enginplast.com\\\/?s={search_term_string}\"},\"query-input\":{\"@type\":\"PropertyValueSpecification\",\"valueRequired\":true,\"valueName\":\"search_term_string\"}}],\"inLanguage\":\"es\"},{\"@type\":\"Organization\",\"@id\":\"https:\\\/\\\/www.enginplast.com\\\/#organization\",\"name\":\"Enginplast srl\",\"url\":\"https:\\\/\\\/www.enginplast.com\\\/\",\"logo\":{\"@type\":\"ImageObject\",\"inLanguage\":\"es\",\"@id\":\"https:\\\/\\\/www.enginplast.com\\\/#\\\/schema\\\/logo\\\/image\\\/\",\"url\":\"https:\\\/\\\/www.enginplast.com\\\/wp-content\\\/uploads\\\/2014\\\/02\\\/logo-splash.jpg\",\"contentUrl\":\"https:\\\/\\\/www.enginplast.com\\\/wp-content\\\/uploads\\\/2014\\\/02\\\/logo-splash.jpg\",\"width\":640,\"height\":275,\"caption\":\"Enginplast srl\"},\"image\":{\"@id\":\"https:\\\/\\\/www.enginplast.com\\\/#\\\/schema\\\/logo\\\/image\\\/\"}}]}<\/script>\n<!-- \/ Yoast SEO plugin. -->","yoast_head_json":{"title":"Transporte y Alimentaci\u00f3n - Enginplast","robots":{"index":"index","follow":"follow","max-snippet":"max-snippet:-1","max-image-preview":"max-image-preview:large","max-video-preview":"max-video-preview:-1"},"canonical":"https:\/\/www.enginplast.com\/es\/que-hacemos\/transporte-y-alimentacion\/","og_locale":"es_ES","og_type":"article","og_title":"Transporte y Alimentaci\u00f3n - Enginplast","og_description":"Transporte y Alimentaci\u00f3n Engin Plast realiza equipos de transporte por material pl\u00e1stico en granza utilizando la tecnolog\u00eda de la depresi\u00f3n. Esos equipos pueden caracterizarse por unidades individuales para la gesti\u00f3n de un solo material o por unidades centralizadas para la gesti\u00f3n y distribuci\u00f3n de m\u00e1s materiales. [separator top=\u00bb40&#8243; style=\u00bbshadow\u00bb] Descubre la gama completa de nuestros [&hellip;]","og_url":"https:\/\/www.enginplast.com\/es\/que-hacemos\/transporte-y-alimentacion\/","og_site_name":"Enginplast","article_modified_time":"2014-11-27T08:38:58+00:00","og_image":[{"url":"https:\/\/www.enginplast.com\/wp-content\/uploads\/2013\/07\/Impianti-Trasporto-Alimentazione-Impianti-Granulatori-EnginPlast-Bondeno-Ferrara-lavorazione-polimeri.jpg","type":"","width":"","height":""}],"schema":{"@context":"https:\/\/schema.org","@graph":[{"@type":"WebPage","@id":"https:\/\/www.enginplast.com\/es\/que-hacemos\/transporte-y-alimentacion\/","url":"https:\/\/www.enginplast.com\/es\/que-hacemos\/transporte-y-alimentacion\/","name":"Transporte y Alimentaci\u00f3n - Enginplast","isPartOf":{"@id":"https:\/\/www.enginplast.com\/#website"},"primaryImageOfPage":{"@id":"https:\/\/www.enginplast.com\/es\/que-hacemos\/transporte-y-alimentacion\/#primaryimage"},"image":{"@id":"https:\/\/www.enginplast.com\/es\/que-hacemos\/transporte-y-alimentacion\/#primaryimage"},"thumbnailUrl":"https:\/\/www.enginplast.com\/wp-content\/uploads\/2013\/07\/Impianti-Trasporto-Alimentazione-Impianti-Granulatori-EnginPlast-Bondeno-Ferrara-lavorazione-polimeri.jpg","datePublished":"2013-07-02T09:49:59+00:00","dateModified":"2014-11-27T08:38:58+00:00","breadcrumb":{"@id":"https:\/\/www.enginplast.com\/es\/que-hacemos\/transporte-y-alimentacion\/#breadcrumb"},"inLanguage":"es","potentialAction":[{"@type":"ReadAction","target":["https:\/\/www.enginplast.com\/es\/que-hacemos\/transporte-y-alimentacion\/"]}]},{"@type":"ImageObject","inLanguage":"es","@id":"https:\/\/www.enginplast.com\/es\/que-hacemos\/transporte-y-alimentacion\/#primaryimage","url":"https:\/\/www.enginplast.com\/wp-content\/uploads\/2013\/07\/Impianti-Trasporto-Alimentazione-Impianti-Granulatori-EnginPlast-Bondeno-Ferrara-lavorazione-polimeri.jpg","contentUrl":"https:\/\/www.enginplast.com\/wp-content\/uploads\/2013\/07\/Impianti-Trasporto-Alimentazione-Impianti-Granulatori-EnginPlast-Bondeno-Ferrara-lavorazione-polimeri.jpg"},{"@type":"BreadcrumbList","@id":"https:\/\/www.enginplast.com\/es\/que-hacemos\/transporte-y-alimentacion\/#breadcrumb","itemListElement":[{"@type":"ListItem","position":1,"name":"Home","item":"https:\/\/www.enginplast.com\/es\/"},{"@type":"ListItem","position":2,"name":"Qu\u00e9 hacemos","item":"https:\/\/www.enginplast.com\/es\/que-hacemos\/"},{"@type":"ListItem","position":3,"name":"Transporte y Alimentaci\u00f3n"}]},{"@type":"WebSite","@id":"https:\/\/www.enginplast.com\/#website","url":"https:\/\/www.enginplast.com\/","name":"Enginplast","description":"","publisher":{"@id":"https:\/\/www.enginplast.com\/#organization"},"potentialAction":[{"@type":"SearchAction","target":{"@type":"EntryPoint","urlTemplate":"https:\/\/www.enginplast.com\/?s={search_term_string}"},"query-input":{"@type":"PropertyValueSpecification","valueRequired":true,"valueName":"search_term_string"}}],"inLanguage":"es"},{"@type":"Organization","@id":"https:\/\/www.enginplast.com\/#organization","name":"Enginplast srl","url":"https:\/\/www.enginplast.com\/","logo":{"@type":"ImageObject","inLanguage":"es","@id":"https:\/\/www.enginplast.com\/#\/schema\/logo\/image\/","url":"https:\/\/www.enginplast.com\/wp-content\/uploads\/2014\/02\/logo-splash.jpg","contentUrl":"https:\/\/www.enginplast.com\/wp-content\/uploads\/2014\/02\/logo-splash.jpg","width":640,"height":275,"caption":"Enginplast srl"},"image":{"@id":"https:\/\/www.enginplast.com\/#\/schema\/logo\/image\/"}}]}},"_links":{"self":[{"href":"https:\/\/www.enginplast.com\/es\/wp-json\/wp\/v2\/pages\/6358","targetHints":{"allow":["GET"]}}],"collection":[{"href":"https:\/\/www.enginplast.com\/es\/wp-json\/wp\/v2\/pages"}],"about":[{"href":"https:\/\/www.enginplast.com\/es\/wp-json\/wp\/v2\/types\/page"}],"author":[{"embeddable":true,"href":"https:\/\/www.enginplast.com\/es\/wp-json\/wp\/v2\/users\/2"}],"replies":[{"embeddable":true,"href":"https:\/\/www.enginplast.com\/es\/wp-json\/wp\/v2\/comments?post=6358"}],"version-history":[{"count":0,"href":"https:\/\/www.enginplast.com\/es\/wp-json\/wp\/v2\/pages\/6358\/revisions"}],"up":[{"embeddable":true,"href":"https:\/\/www.enginplast.com\/es\/wp-json\/wp\/v2\/pages\/6352"}],"wp:attachment":[{"href":"https:\/\/www.enginplast.com\/es\/wp-json\/wp\/v2\/media?parent=6358"}],"curies":[{"name":"wp","href":"https:\/\/api.w.org\/{rel}","templated":true}]}}