{"id":6351,"date":"2014-09-19T09:01:23","date_gmt":"2014-09-19T07:01:23","guid":{"rendered":"https:\/\/www.enginplast.com\/sitemap-2\/"},"modified":"2014-11-25T10:44:47","modified_gmt":"2014-11-25T09:44:47","slug":"sitemap","status":"publish","type":"page","link":"https:\/\/www.enginplast.com\/es\/sitemap\/","title":{"rendered":"Sitemap"},"content":{"rendered":"<div class=\"wsp-container\"><h2 class=\"wsp-pages-title\">P\u00e1ginas<\/h2>\n<ul class=\"wsp-pages-list\">\n<li class=\"page_item page-item-6177\"><a href=\"https:\/\/www.enginplast.com\/es\/aplicaciones\/\">Aplicaciones<\/a><\/li>\n<li class=\"page_item page-item-6343 page_item_has_children\"><a href=\"https:\/\/www.enginplast.com\/es\/area-clientes\/\">Area Clientes<\/a>\n<ul class='children'>\n\t<li class=\"page_item page-item-6386\"><a href=\"https:\/\/www.enginplast.com\/es\/area-clientes\/dashboard\/\">Dashboard<\/a><\/li>\n\t<li class=\"page_item page-item-6387\"><a href=\"https:\/\/www.enginplast.com\/es\/area-clientes\/file\/\">File<\/a><\/li>\n\t<li class=\"page_item page-item-6388\"><a href=\"https:\/\/www.enginplast.com\/es\/area-clientes\/i-miei-file\/\">Mis File<\/a><\/li>\n\t<li class=\"page_item page-item-6405\"><a href=\"https:\/\/www.enginplast.com\/es\/area-clientes\/paginas\/\">P\u00e1ginas<\/a><\/li>\n\t<li class=\"page_item page-item-6476\"><a href=\"https:\/\/www.enginplast.com\/es\/area-clientes\/mis-paginas\/\">Mis paginas<\/a><\/li>\n\t<li class=\"page_item page-item-6389\"><a href=\"https:\/\/www.enginplast.com\/es\/area-clientes\/mi-account\/\">Mi account<\/a><\/li>\n\t<li class=\"page_item page-item-6486\"><a href=\"https:\/\/www.enginplast.com\/es\/area-clientes\/detallos-account\/\">Detallos account<\/a><\/li>\n\t<li class=\"page_item page-item-6391\"><a href=\"https:\/\/www.enginplast.com\/es\/area-clientes\/edit-account\/\">Edit account<\/a><\/li>\n\t<li class=\"page_item page-item-6392\"><a href=\"https:\/\/www.enginplast.com\/es\/area-clientes\/logout\/\">Logout<\/a><\/li>\n<\/ul>\n<\/li>\n<li class=\"page_item page-item-9742\"><a href=\"https:\/\/www.enginplast.com\/es\/cables-tuberias-y-perfiles\/\">Cables, Tuber\u00edas y Perfiles<\/a><\/li>\n<li class=\"page_item page-item-9746\"><a href=\"https:\/\/www.enginplast.com\/es\/compound\/\">Compound<\/a><\/li>\n<li class=\"page_item page-item-9804\"><a href=\"https:\/\/www.enginplast.com\/es\/contactos\/\">Contactos<\/a><\/li>\n<li class=\"page_item page-item-9809 page_item_has_children\"><a href=\"https:\/\/www.enginplast.com\/es\/equipos-de-dosificacion\/\">Equipos de dosificaci\u00f3n<\/a>\n<ul class='children'>\n\t<li class=\"page_item page-item-7782\"><a href=\"https:\/\/www.enginplast.com\/es\/equipos-de-dosificacion\/equipos-de-dosificacion-gravimetrica\/\">Equipos de dosificaci\u00f3n Gravim\u00e9trica<\/a><\/li>\n\t<li class=\"page_item page-item-8266\"><a href=\"https:\/\/www.enginplast.com\/es\/equipos-de-dosificacion\/equipos-de-dosificacion-volumetrica\/\">Equipos de dosificaci\u00f3n Volum\u00e9trica<\/a><\/li>\n<\/ul>\n<\/li>\n<li class=\"page_item page-item-6381\"><a href=\"https:\/\/www.enginplast.com\/es\/eventos\/\">Eventos<\/a><\/li>\n<li class=\"page_item page-item-9875\"><a href=\"https:\/\/www.enginplast.com\/es\/\">Home<\/a><\/li>\n<li class=\"page_item page-item-9822 page_item_has_children\"><a href=\"https:\/\/www.enginplast.com\/es\/instalaciones-de-valorizacion-y-reciclado\/\">Instalaciones de valorizaci\u00f3n y reciclado<\/a>\n<ul class='children'>\n\t<li class=\"page_item page-item-7799\"><a href=\"https:\/\/www.enginplast.com\/es\/instalaciones-de-valorizacion-y-reciclado\/instalaciones-de-eliminacion-de-residuos\/\">Instalaciones de eliminaci\u00f3n de residuos<\/a><\/li>\n\t<li class=\"page_item page-item-7792\"><a href=\"https:\/\/www.enginplast.com\/es\/instalaciones-de-valorizacion-y-reciclado\/instalaciones-de-posconsumo\/\">Instalaciones de posconsumo<\/a><\/li>\n<\/ul>\n<\/li>\n<li class=\"page_item page-item-6379\"><a href=\"https:\/\/www.enginplast.com\/es\/newsletter\/\">Newsletter<\/a><\/li>\n<li class=\"page_item page-item-9751\"><a href=\"https:\/\/www.enginplast.com\/es\/pelicula\/\">Pel\u00eccula<\/a><\/li>\n<li class=\"page_item page-item-6349\"><a href=\"https:\/\/www.enginplast.com\/es\/privacy\/\">Privacy<\/a><\/li>\n<li class=\"page_item page-item-6364 page_item_has_children\"><a href=\"https:\/\/www.enginplast.com\/es\/productos\/\">Productos<\/a>\n<ul class='children'>\n\t<li class=\"page_item page-item-6365\"><a href=\"https:\/\/www.enginplast.com\/es\/productos\/alimentacion-forzada-af\/\">Alimentaci\u00f3n Forzada \u201cAF\u201d<\/a><\/li>\n\t<li class=\"page_item page-item-6366\"><a href=\"https:\/\/www.enginplast.com\/es\/productos\/dosificacion-gravimetrica\/\">Dosificaci\u00f3n Gravim\u00e9trica<\/a><\/li>\n\t<li class=\"page_item page-item-6367\"><a href=\"https:\/\/www.enginplast.com\/es\/productos\/dosificador-volumetrico\/\">Dosificador Volum\u00e9trico<\/a><\/li>\n\t<li class=\"page_item page-item-6385\"><a href=\"https:\/\/www.enginplast.com\/es\/productos\/molinos\/\">Molinos<\/a><\/li>\n\t<li class=\"page_item page-item-6376\"><a href=\"https:\/\/www.enginplast.com\/es\/productos\/transporte-materiales\/\">Transporte Materiales<\/a><\/li>\n<\/ul>\n<\/li>\n<li class=\"page_item page-item-9785 page_item_has_children\"><a href=\"https:\/\/www.enginplast.com\/es\/quien-somos\/\">Qui\u00e9n Somos<\/a>\n<ul class='children'>\n\t<li class=\"page_item page-item-9799\"><a href=\"https:\/\/www.enginplast.com\/es\/quien-somos\/los-valores\/\">Los Valores<\/a><\/li>\n<\/ul>\n<\/li>\n<li class=\"page_item page-item-9759\"><a href=\"https:\/\/www.enginplast.com\/es\/reciclaje\/\">Reciclaje<\/a><\/li>\n<li class=\"page_item page-item-6354\"><a href=\"https:\/\/www.enginplast.com\/es\/servicios\/\">Servicios<\/a><\/li>\n<li class=\"page_item page-item-6351\"><a href=\"https:\/\/www.enginplast.com\/es\/sitemap\/\">Sitemap<\/a><\/li>\n<li class=\"page_item page-item-8026\"><a href=\"https:\/\/www.enginplast.com\/es\/solicitud-ficha-producto\/\">Solicitud Ficha Producto<\/a><\/li>\n<li class=\"page_item page-item-9766\"><a href=\"https:\/\/www.enginplast.com\/es\/soplado\/\">Soplado<\/a><\/li>\n<li class=\"page_item page-item-6330\"><a href=\"https:\/\/www.enginplast.com\/es\/historia\/\">Storia<\/a><\/li>\n<li class=\"page_item page-item-9770\"><a href=\"https:\/\/www.enginplast.com\/es\/termoformado\/\">Termoformado<\/a><\/li>\n<li class=\"page_item page-item-6347\"><a href=\"https:\/\/www.enginplast.com\/es\/trabaje-con-nosotros\/\">Trabaje con nosotros<\/a><\/li>\n<li class=\"page_item page-item-9959\"><a href=\"https:\/\/www.enginplast.com\/es\/trabaje-con-nosotros-2\/\">Trabaje con nosotros<\/a><\/li>\n<li class=\"page_item page-item-9834 page_item_has_children\"><a href=\"https:\/\/www.enginplast.com\/es\/transporte-y-alimentacion\/\">Transporte y Alimentaci\u00f3n<\/a>\n<ul class='children'>\n\t<li class=\"page_item page-item-7805\"><a href=\"https:\/\/www.enginplast.com\/es\/transporte-y-alimentacion\/instalacion-individual\/\">Instalaci\u00f3n individual<\/a><\/li>\n\t<li class=\"page_item page-item-7811\"><a href=\"https:\/\/www.enginplast.com\/es\/transporte-y-alimentacion\/sistema-centralizado\/\">Sistema centralizado<\/a><\/li>\n<\/ul>\n<\/li>\n<li class=\"page_item page-item-9755\"><a href=\"https:\/\/www.enginplast.com\/es\/uso-medico\/\">Uso m\u00e8dico<\/a><\/li>\n<li class=\"page_item page-item-6352 page_item_has_children\"><a href=\"https:\/\/www.enginplast.com\/es\/que-hacemos\/\">Qu\u00e9 hacemos<\/a>\n<ul class='children'>\n\t<li class=\"page_item page-item-6359\"><a href=\"https:\/\/www.enginplast.com\/es\/que-hacemos\/equipos-de-dosificacion-gravimetrica\/\">Equipos de dosificaci\u00f3n Gravim\u00e9trica<\/a><\/li>\n\t<li class=\"page_item page-item-6360\"><a href=\"https:\/\/www.enginplast.com\/es\/que-hacemos\/equipos-de-dosificacion-volumetrica\/\">Equipos de dosificaci\u00f3n Volum\u00e9trica<\/a><\/li>\n\t<li class=\"page_item page-item-6358\"><a href=\"https:\/\/www.enginplast.com\/es\/que-hacemos\/transporte-y-alimentacion\/\">Transporte y Alimentaci\u00f3n<\/a><\/li>\n\t<li class=\"page_item page-item-6375\"><a href=\"https:\/\/www.enginplast.com\/es\/que-hacemos\/molinos\/\">Molinos<\/a><\/li>\n<\/ul>\n<\/li>\n<li class=\"page_item page-item-6331\"><a href=\"https:\/\/www.enginplast.com\/es\/vision\/\">Vision<\/a><\/li>\n<li class=\"page_item page-item-6332\"><a href=\"https:\/\/www.enginplast.com\/es\/mision\/\">Misi\u00f3n<\/a><\/li>\n<li class=\"page_item page-item-6333\"><a href=\"https:\/\/www.enginplast.com\/es\/valores-engin-plast\/\">Los Valores Engin Plast<\/a><\/li>\n<li class=\"page_item page-item-6334\"><a href=\"https:\/\/www.enginplast.com\/es\/brochure-de-la-sociedad\/\">Brochure de la Sociedad<\/a><\/li>\n<li class=\"page_item page-item-6335\"><a href=\"https:\/\/www.enginplast.com\/es\/video-de-la-sociedad\/\">Video de la Sociedad<\/a><\/li>\n<li class=\"page_item page-item-6336\"><a href=\"https:\/\/www.enginplast.com\/es\/enginplast-en-el-mundo\/\">La red Enginplast en el mundo<\/a><\/li>\n<\/ul>\n<h2 class=\"wsp-posts-title\">Posts por categor\u00eda<\/h2>\n<ul class=\"wsp-posts-list\">\n\t<li><strong class=\"wsp-category-title\">Category: <a href=\"https:\/\/www.enginplast.com\/es\/category\/comunicaciones\/\">Comunicaciones<\/a><\/strong>\n<ul class=\"wsp-posts-list\">\t\t<li class=\"wsp-post\"><a href=\"https:\/\/www.enginplast.com\/es\/happy-easter-2026\/\">Happy Easter 2026<\/a><\/li>\n<\/ul><\/li>\n\t<li><strong class=\"wsp-category-title\">Category: <a href=\"https:\/\/www.enginplast.com\/es\/category\/eventos\/\">Eventos<\/a><\/strong>\n<ul class=\"wsp-posts-list\">\t\t<li class=\"wsp-post\"><a href=\"https:\/\/www.enginplast.com\/es\/equiplast-2023-engin-plast\/\">Equiplast 2023 feria internacional de pl\u00e1sticos y caucho en Espa\u00f1a<\/a><\/li>\n<\/ul><\/li>\n\t<li><strong class=\"wsp-category-title\">Category: <a href=\"https:\/\/www.enginplast.com\/es\/category\/hoja_informativa\/\">Hoja informativa<\/a><\/strong>\n<\/li>\n\t<li><strong class=\"wsp-category-title\">Category: <a href=\"https:\/\/www.enginplast.com\/es\/category\/news-es\/\">News<\/a><\/strong>\n<ul class=\"wsp-posts-list\">\t\t<li class=\"wsp-post\"><a href=\"https:\/\/www.enginplast.com\/es\/plast-2026-milano-rho\/\">PLAST 2026 Milano RHO<\/a><\/li>\n\t\t<li class=\"wsp-post\"><a href=\"https:\/\/www.enginplast.com\/es\/estate-2022\/\">Engin Plast &#8211; Chiusura estiva 2025<\/a><\/li>\n\t\t<li class=\"wsp-post\"><a href=\"https:\/\/www.enginplast.com\/es\/8-edizione-club-vecchie-ruote-bondeno-2024\/\">8&#8242; Edizione Club Vecchie Ruote Bondeno 2024<\/a><\/li>\n\t\t<li class=\"wsp-post\"><a href=\"https:\/\/www.enginplast.com\/es\/fip-2024-lyon-france\/\">FIP 2024 &#8211; Lyon &#8211; France<\/a><\/li>\n\t\t<li class=\"wsp-post\"><a href=\"https:\/\/www.enginplast.com\/es\/k2022\/\">K2022<\/a><\/li>\n<\/ul><\/li>\n\t<li><strong class=\"wsp-category-title\">Category: <a href=\"https:\/\/www.enginplast.com\/es\/category\/presentacion-productos\/\">Presentaci\u00f3n Productos<\/a><\/strong>\n<\/li>\n<\/ul>\n<h2 class=\"wsp-portfolios-title\">Items de portfolio<\/h2>\n<ul class=\"wsp-portfolios-list\">\n<li><a href=\"https:\/\/www.enginplast.com\/es\/portfolio-articoli\/dosificador-gravimetrico-micro\/\">DOSIFICADOR GRAVIM\u00c9TRICO \u2013 Micro<\/a><\/li>\n<li><a href=\"https:\/\/www.enginplast.com\/es\/portfolio-articoli\/dosificador-gravimetrico-trio-t\/\">DOSIFICADOR GRAVIM\u00c9TRICO \u2013 Trio T<\/a><\/li>\n<li><a href=\"https:\/\/www.enginplast.com\/es\/portfolio-articoli\/dosificador-gravimetrico-trio-m\/\">DOSIFICADOR GRAVIM\u00c9TRICO \u2013 Trio M<\/a><\/li>\n<li><a href=\"https:\/\/www.enginplast.com\/es\/portfolio-articoli\/dosificador-gravimetrico-trio-p\/\">DOSIFICADOR GRAVIM\u00c9TRICO \u2013 Trio P<\/a><\/li>\n<li><a href=\"https:\/\/www.enginplast.com\/es\/portfolio-articoli\/dosificador-volumetrico-dmv\/\">DOSIFICADOR VOLUM\u00c9TRICO \u2013 DMV<\/a><\/li>\n<li><a href=\"https:\/\/www.enginplast.com\/es\/portfolio-articoli\/dosificador-volumetrico-dmt\/\">DOSIFICADOR VOLUM\u00c9TRICO \u2013 DMT<\/a><\/li>\n<li><a href=\"https:\/\/www.enginplast.com\/es\/portfolio-articoli\/dosificador-volumetrico-dmix\/\">DOSIFICADOR VOLUM\u00c9TRICO \u2013 DMIX<\/a><\/li>\n<li><a href=\"https:\/\/www.enginplast.com\/es\/portfolio-articoli\/dosificador-volumetrico-dpm-35\/\">DOSIFICADOR VOLUM\u00c9TRICO \u2013 DPM 35<\/a><\/li>\n<li><a href=\"https:\/\/www.enginplast.com\/es\/portfolio-articoli\/dosificador-volumetrico-dpm-2v\/\">DOSIFICADOR VOLUM\u00c9TRICO \u2013 DPM 2V<\/a><\/li>\n<li><a href=\"https:\/\/www.enginplast.com\/es\/portfolio-articoli\/dosificador-volumetrico-dpp\/\">DOSIFICADOR VOLUM\u00c9TRICO \u2013 DPP<\/a><\/li>\n<li><a href=\"https:\/\/www.enginplast.com\/es\/portfolio-articoli\/molino-insonorizado-t-68-130\/\">MOLINO INSONORIZADO T 68 \u2013 130<\/a><\/li>\n<li><a href=\"https:\/\/www.enginplast.com\/es\/portfolio-articoli\/molino-insonorizado-tt-25-36\/\">MOLINO INSONORIZADO TT 25 \u2013 36<\/a><\/li>\n<li><a href=\"https:\/\/www.enginplast.com\/es\/portfolio-articoli\/molino-insonorizado-r-80-150\/\">MOLINO INSONORIZADO R 80 \u2013 150<\/a><\/li>\n<li><a href=\"https:\/\/www.enginplast.com\/es\/portfolio-articoli\/molino-insonorizado-x-40-60\/\">MOLINO INSONORIZADO X 40 \u2013 60<\/a><\/li>\n<li><a href=\"https:\/\/www.enginplast.com\/es\/portfolio-articoli\/molino-insonorizado-i-33-26\/\">MOLINO INSONORIZADO I 33 \u2013 26<\/a><\/li>\n<li><a href=\"https:\/\/www.enginplast.com\/es\/portfolio-articoli\/alimentacion-neumatica-asm-asmt\/\">ALIMENTACI\u00d3N NEUM\u00c1TICA ASM \u2013 ASMT<\/a><\/li>\n<li><a href=\"https:\/\/www.enginplast.com\/es\/portfolio-articoli\/alimentacion-neumatica-cp\/\">ALIMENTACI\u00d3N NEUM\u00c1TICA \u2013 CP<\/a><\/li>\n<li><a href=\"https:\/\/www.enginplast.com\/es\/portfolio-articoli\/dosificador-gravimetrico-dg-15\/\">DOSIFICADOR GRAVIM\u00c9TRICO \u2013 DG 15<\/a><\/li>\n<li><a href=\"https:\/\/www.enginplast.com\/es\/portfolio-articoli\/dosificador-gravimetrico-dg1sp\/\">DOSIFICADOR GRAVIM\u00c9TRICO \u2013 DG1SP<\/a><\/li>\n<li><a href=\"https:\/\/www.enginplast.com\/es\/portfolio-articoli\/dosificador-gravimetrico-cws-2023\/\">DOSIFICADOR GRAVIM\u00c9TRICO \u2013 CWS 2023<\/a><\/li>\n<li><a href=\"https:\/\/www.enginplast.com\/es\/portfolio-articoli\/dosificador-volumetrico-dpm\/\">DOSIFICADOR VOLUM\u00c9TRICO \u2013 DPM<\/a><\/li>\n<\/ul>\n<h2 class=\"wsp-portfolio_entriess-title\">Portfolio Categories<\/h2>\n<ul class=\"wsp-portfolio_entriess-list\">\n<li><a href=\"https:\/\/www.enginplast.com\/es\/portfolio_voci\/dosificacion-gravimetrica\/\">Dosificaci\u00f3n Gravim\u00e9trica<\/a><\/li>\n<li><a href=\"https:\/\/www.enginplast.com\/es\/portfolio_voci\/dosificacion-gravimetrica-a-perdida-de-peso\/\">Dosificaci\u00f3n Gravim\u00e9trica a p\u00e9rdida de peso<\/a><\/li>\n<li><a href=\"https:\/\/www.enginplast.com\/es\/portfolio_voci\/dosificacion-gravimetrica-a-suma-de-peso\/\">Dosificaci\u00f3n Gravim\u00e9trica a suma de peso<\/a><\/li>\n<li><a href=\"https:\/\/www.enginplast.com\/es\/portfolio_voci\/dosificacion-gravimetrica-central\/\">Dosificaci\u00f3n Gravim\u00e9trica Central<\/a><\/li>\n<li><a href=\"https:\/\/www.enginplast.com\/es\/portfolio_voci\/dosificacion-volumetrica\/\">Dosificaci\u00f3n Volum\u00e9trica<\/a><\/li>\n<li><a href=\"https:\/\/www.enginplast.com\/es\/portfolio_voci\/equipos-de-dosificacion\/\">Equipos de dosificaci\u00f3n<\/a><\/li>\n<li><a href=\"https:\/\/www.enginplast.com\/es\/portfolio_voci\/equipos-para-la-recuperacion-y-reciclaje\/\">Equipos para la recuperaci\u00f3n y reciclaje<\/a><\/li>\n<li><a href=\"https:\/\/www.enginplast.com\/es\/portfolio_voci\/instalaciones-de-posconsumo\/\">Instalaciones de posconsumo<\/a><\/li>\n<li><a href=\"https:\/\/www.enginplast.com\/es\/portfolio_voci\/instalaciones-individuales\/\">Instalaciones individuales<\/a><\/li>\n<li><a href=\"https:\/\/www.enginplast.com\/es\/portfolio_voci\/instalaciones-por-los-residuos-de-produccion\/\">Instalaciones por los residuos de producci\u00f3n<\/a><\/li>\n<li><a href=\"https:\/\/www.enginplast.com\/es\/portfolio_voci\/productos\/\">Productos<\/a><\/li>\n<li><a href=\"https:\/\/www.enginplast.com\/es\/portfolio_voci\/sistemas-de-transporte-neumatico\/\">Sistemas de Transporte Neum\u00e1tico<\/a><\/li>\n<\/ul>\n<\/div>\n","protected":false},"excerpt":{"rendered":"","protected":false},"author":2,"featured_media":0,"parent":0,"menu_order":0,"comment_status":"closed","ping_status":"closed","template":"","meta":{"footnotes":""},"class_list":["post-6351","page","type-page","status-publish","hentry"],"yoast_head":"<!-- This site is optimized with the Yoast SEO plugin v27.4 - https:\/\/yoast.com\/product\/yoast-seo-wordpress\/ -->\n<title>Sitemap - Enginplast<\/title>\n<meta name=\"robots\" content=\"index, follow, max-snippet:-1, max-image-preview:large, max-video-preview:-1\" \/>\n<link rel=\"canonical\" href=\"https:\/\/www.enginplast.com\/es\/sitemap\/\" \/>\n<meta property=\"og:locale\" content=\"es_ES\" \/>\n<meta property=\"og:type\" content=\"article\" \/>\n<meta property=\"og:title\" content=\"Sitemap - Enginplast\" \/>\n<meta property=\"og:url\" content=\"https:\/\/www.enginplast.com\/es\/sitemap\/\" \/>\n<meta property=\"og:site_name\" content=\"Enginplast\" \/>\n<meta property=\"article:modified_time\" content=\"2014-11-25T09:44:47+00:00\" \/>\n<script type=\"application\/ld+json\" class=\"yoast-schema-graph\">{\"@context\":\"https:\\\/\\\/schema.org\",\"@graph\":[{\"@type\":\"WebPage\",\"@id\":\"https:\\\/\\\/www.enginplast.com\\\/es\\\/sitemap\\\/\",\"url\":\"https:\\\/\\\/www.enginplast.com\\\/es\\\/sitemap\\\/\",\"name\":\"Sitemap - Enginplast\",\"isPartOf\":{\"@id\":\"https:\\\/\\\/www.enginplast.com\\\/#website\"},\"datePublished\":\"2014-09-19T07:01:23+00:00\",\"dateModified\":\"2014-11-25T09:44:47+00:00\",\"breadcrumb\":{\"@id\":\"https:\\\/\\\/www.enginplast.com\\\/es\\\/sitemap\\\/#breadcrumb\"},\"inLanguage\":\"es\",\"potentialAction\":[{\"@type\":\"ReadAction\",\"target\":[\"https:\\\/\\\/www.enginplast.com\\\/es\\\/sitemap\\\/\"]}]},{\"@type\":\"BreadcrumbList\",\"@id\":\"https:\\\/\\\/www.enginplast.com\\\/es\\\/sitemap\\\/#breadcrumb\",\"itemListElement\":[{\"@type\":\"ListItem\",\"position\":1,\"name\":\"Home\",\"item\":\"https:\\\/\\\/www.enginplast.com\\\/es\\\/\"},{\"@type\":\"ListItem\",\"position\":2,\"name\":\"Sitemap\"}]},{\"@type\":\"WebSite\",\"@id\":\"https:\\\/\\\/www.enginplast.com\\\/#website\",\"url\":\"https:\\\/\\\/www.enginplast.com\\\/\",\"name\":\"Enginplast\",\"description\":\"\",\"publisher\":{\"@id\":\"https:\\\/\\\/www.enginplast.com\\\/#organization\"},\"potentialAction\":[{\"@type\":\"SearchAction\",\"target\":{\"@type\":\"EntryPoint\",\"urlTemplate\":\"https:\\\/\\\/www.enginplast.com\\\/?s={search_term_string}\"},\"query-input\":{\"@type\":\"PropertyValueSpecification\",\"valueRequired\":true,\"valueName\":\"search_term_string\"}}],\"inLanguage\":\"es\"},{\"@type\":\"Organization\",\"@id\":\"https:\\\/\\\/www.enginplast.com\\\/#organization\",\"name\":\"Enginplast srl\",\"url\":\"https:\\\/\\\/www.enginplast.com\\\/\",\"logo\":{\"@type\":\"ImageObject\",\"inLanguage\":\"es\",\"@id\":\"https:\\\/\\\/www.enginplast.com\\\/#\\\/schema\\\/logo\\\/image\\\/\",\"url\":\"https:\\\/\\\/www.enginplast.com\\\/wp-content\\\/uploads\\\/2014\\\/02\\\/logo-splash.jpg\",\"contentUrl\":\"https:\\\/\\\/www.enginplast.com\\\/wp-content\\\/uploads\\\/2014\\\/02\\\/logo-splash.jpg\",\"width\":640,\"height\":275,\"caption\":\"Enginplast srl\"},\"image\":{\"@id\":\"https:\\\/\\\/www.enginplast.com\\\/#\\\/schema\\\/logo\\\/image\\\/\"}}]}<\/script>\n<!-- \/ Yoast SEO plugin. -->","yoast_head_json":{"title":"Sitemap - Enginplast","robots":{"index":"index","follow":"follow","max-snippet":"max-snippet:-1","max-image-preview":"max-image-preview:large","max-video-preview":"max-video-preview:-1"},"canonical":"https:\/\/www.enginplast.com\/es\/sitemap\/","og_locale":"es_ES","og_type":"article","og_title":"Sitemap - Enginplast","og_url":"https:\/\/www.enginplast.com\/es\/sitemap\/","og_site_name":"Enginplast","article_modified_time":"2014-11-25T09:44:47+00:00","schema":{"@context":"https:\/\/schema.org","@graph":[{"@type":"WebPage","@id":"https:\/\/www.enginplast.com\/es\/sitemap\/","url":"https:\/\/www.enginplast.com\/es\/sitemap\/","name":"Sitemap - Enginplast","isPartOf":{"@id":"https:\/\/www.enginplast.com\/#website"},"datePublished":"2014-09-19T07:01:23+00:00","dateModified":"2014-11-25T09:44:47+00:00","breadcrumb":{"@id":"https:\/\/www.enginplast.com\/es\/sitemap\/#breadcrumb"},"inLanguage":"es","potentialAction":[{"@type":"ReadAction","target":["https:\/\/www.enginplast.com\/es\/sitemap\/"]}]},{"@type":"BreadcrumbList","@id":"https:\/\/www.enginplast.com\/es\/sitemap\/#breadcrumb","itemListElement":[{"@type":"ListItem","position":1,"name":"Home","item":"https:\/\/www.enginplast.com\/es\/"},{"@type":"ListItem","position":2,"name":"Sitemap"}]},{"@type":"WebSite","@id":"https:\/\/www.enginplast.com\/#website","url":"https:\/\/www.enginplast.com\/","name":"Enginplast","description":"","publisher":{"@id":"https:\/\/www.enginplast.com\/#organization"},"potentialAction":[{"@type":"SearchAction","target":{"@type":"EntryPoint","urlTemplate":"https:\/\/www.enginplast.com\/?s={search_term_string}"},"query-input":{"@type":"PropertyValueSpecification","valueRequired":true,"valueName":"search_term_string"}}],"inLanguage":"es"},{"@type":"Organization","@id":"https:\/\/www.enginplast.com\/#organization","name":"Enginplast srl","url":"https:\/\/www.enginplast.com\/","logo":{"@type":"ImageObject","inLanguage":"es","@id":"https:\/\/www.enginplast.com\/#\/schema\/logo\/image\/","url":"https:\/\/www.enginplast.com\/wp-content\/uploads\/2014\/02\/logo-splash.jpg","contentUrl":"https:\/\/www.enginplast.com\/wp-content\/uploads\/2014\/02\/logo-splash.jpg","width":640,"height":275,"caption":"Enginplast srl"},"image":{"@id":"https:\/\/www.enginplast.com\/#\/schema\/logo\/image\/"}}]}},"_links":{"self":[{"href":"https:\/\/www.enginplast.com\/es\/wp-json\/wp\/v2\/pages\/6351","targetHints":{"allow":["GET"]}}],"collection":[{"href":"https:\/\/www.enginplast.com\/es\/wp-json\/wp\/v2\/pages"}],"about":[{"href":"https:\/\/www.enginplast.com\/es\/wp-json\/wp\/v2\/types\/page"}],"author":[{"embeddable":true,"href":"https:\/\/www.enginplast.com\/es\/wp-json\/wp\/v2\/users\/2"}],"replies":[{"embeddable":true,"href":"https:\/\/www.enginplast.com\/es\/wp-json\/wp\/v2\/comments?post=6351"}],"version-history":[{"count":0,"href":"https:\/\/www.enginplast.com\/es\/wp-json\/wp\/v2\/pages\/6351\/revisions"}],"wp:attachment":[{"href":"https:\/\/www.enginplast.com\/es\/wp-json\/wp\/v2\/media?parent=6351"}],"curies":[{"name":"wp","href":"https:\/\/api.w.org\/{rel}","templated":true}]}}