{"id":6333,"date":"2013-07-02T09:42:41","date_gmt":"2013-07-02T09:42:41","guid":{"rendered":"https:\/\/www.enginplast.com\/chi-siamo\/valori-engin-plast\/"},"modified":"2014-11-26T17:26:48","modified_gmt":"2014-11-26T16:26:48","slug":"valores-engin-plast","status":"publish","type":"page","link":"https:\/\/www.enginplast.com\/es\/valores-engin-plast\/","title":{"rendered":"Los Valores Engin Plast"},"content":{"rendered":"<h2>Los Valores Engin Plast<\/h2>\n<p>Los valores son parte integrante de la cultura de Engin Plast. Esos son:<\/p>\n<p>&#8211; lo que nos define<\/p>\n<p>&#8211; lo que nos identifica en la mente de nuestro cliente<\/p>\n<p>&#8211; lo que nos diferencia de nuestros competidores<\/p>\n<p>Esos representan una ventaja importante para Engin Plast que mira al mercado con<strong> lealtad competencia<span id=\"result_box\" class=\"\" lang=\"es\"><span class=\"hps\"> y pasi\u00f3n.<\/span><\/span><\/strong><\/p>\n<p>La <strong>determinaci\u00f3n<\/strong> con que hacemos nuestro trabajo nos ha ayudado a llegar a ser l\u00edder de sector.<\/p>\n<p>Somos una realidad determinada a mejorar siempre y en todo lo que hace en la convicci\u00f3n que solamente haciendo cultura de empresa se puede crear valor.<\/p>\n<p>Cultura de empresa significa trabajar para recuperar y valorizar los conocimientos m\u00e1s influyentes e importantes en el pasado y en el mismo tiempo tener la capacidad de ponerse siempre en tela de juicio.<\/p>\n<p>Nuestro objetivo es satisfacer las exigencias de nuestros clientes y desarrollar nuevas ideas con las de asomar a las expectativas comunicando continuamente aquella cultura empresarial abierta a las ideas de todas las personas que toman parte de Engin Plast.<\/p>\n<p>Somos conocidos porque mexclamos conocimiento del sector, staff especializado y soluciones de alto nivel; eso significa que somos expertos reconocidos en nuestro sector.<\/p>\n<p>Engin Plast es una realidad\u00a0 formada por personas con valores, expectativas, esperanzas, ideas y originalidad.<\/p>\n<p>Explora Engin Plast:<\/p>\n<div>\n<p>visita la gama productos a <a title=\"Prodotti\" href=\"https:\/\/www.enginplast.com\/prodotti\/\">gama productos<\/a> , donde <span id=\"result_box\" class=\"short_text\" lang=\"es\"><span class=\"hps alt-edited\">encontrar\u00e1<\/span><\/span>s soluciones para la dosificaci\u00f3n, transporte y recuperaci\u00f3n de las materias pl\u00e1sticas;<\/p>\n<p>o mira los <a title=\"Video Aziendale\" href=\"https:\/\/www.enginplast.com\/chi-siamo\/video-aziendale\/\">vid\u00e9os de la sociedad<\/a>en que se muestran los establecimientos y las posibles aplicacionesde la gama productos.<\/p>\n<\/div>\n","protected":false},"excerpt":{"rendered":"<p>Los Valores Engin Plast Los valores son parte integrante de la cultura de Engin Plast. Esos son: &#8211; lo que nos define &#8211; lo que nos identifica en la mente de nuestro cliente &#8211; lo que nos diferencia de nuestros competidores Esos representan una ventaja importante para Engin Plast que mira al mercado con lealtad [&hellip;]<\/p>\n","protected":false},"author":2,"featured_media":4281,"parent":0,"menu_order":3,"comment_status":"closed","ping_status":"closed","template":"side-navigation.php","meta":{"footnotes":""},"class_list":["post-6333","page","type-page","status-publish","has-post-thumbnail","hentry"],"yoast_head":"<!-- This site is optimized with the Yoast SEO plugin v27.4 - https:\/\/yoast.com\/product\/yoast-seo-wordpress\/ -->\n<title>Valores Engin Plast<\/title>\n<meta name=\"description\" content=\"Engin Plast es una sociedad especializada en la realizaci\u00f3n de sistemas de dosificaci\u00f3n, transporte y recuperaci\u00f3n materias pl\u00e1sticas.\" \/>\n<meta name=\"robots\" content=\"index, follow, max-snippet:-1, max-image-preview:large, max-video-preview:-1\" \/>\n<link rel=\"canonical\" href=\"https:\/\/www.enginplast.com\/es\/valores-engin-plast\/\" \/>\n<meta property=\"og:locale\" content=\"es_ES\" \/>\n<meta property=\"og:type\" content=\"article\" \/>\n<meta property=\"og:title\" content=\"Valores Engin Plast\" \/>\n<meta property=\"og:description\" content=\"Engin Plast es una sociedad especializada en la realizaci\u00f3n de sistemas de dosificaci\u00f3n, transporte y recuperaci\u00f3n materias pl\u00e1sticas.\" \/>\n<meta property=\"og:url\" content=\"https:\/\/www.enginplast.com\/es\/valores-engin-plast\/\" \/>\n<meta property=\"og:site_name\" content=\"Enginplast\" \/>\n<meta property=\"article:modified_time\" content=\"2014-11-26T16:26:48+00:00\" \/>\n<meta property=\"og:image\" content=\"https:\/\/www.enginplast.com\/wp-content\/uploads\/2013\/07\/Valori-Impianti-Granulatori-EnginPlast-Bondeno-Ferrara-lavorazione-polimeri.jpg\" \/>\n\t<meta property=\"og:image:width\" content=\"640\" \/>\n\t<meta property=\"og:image:height\" content=\"275\" \/>\n\t<meta property=\"og:image:type\" content=\"image\/jpeg\" \/>\n<meta name=\"twitter:label1\" content=\"Tiempo de lectura\" \/>\n\t<meta name=\"twitter:data1\" content=\"1 minuto\" \/>\n<script type=\"application\/ld+json\" class=\"yoast-schema-graph\">{\"@context\":\"https:\\\/\\\/schema.org\",\"@graph\":[{\"@type\":\"WebPage\",\"@id\":\"https:\\\/\\\/www.enginplast.com\\\/es\\\/valores-engin-plast\\\/\",\"url\":\"https:\\\/\\\/www.enginplast.com\\\/es\\\/valores-engin-plast\\\/\",\"name\":\"Valores Engin Plast\",\"isPartOf\":{\"@id\":\"https:\\\/\\\/www.enginplast.com\\\/#website\"},\"primaryImageOfPage\":{\"@id\":\"https:\\\/\\\/www.enginplast.com\\\/es\\\/valores-engin-plast\\\/#primaryimage\"},\"image\":{\"@id\":\"https:\\\/\\\/www.enginplast.com\\\/es\\\/valores-engin-plast\\\/#primaryimage\"},\"thumbnailUrl\":\"https:\\\/\\\/www.enginplast.com\\\/wp-content\\\/uploads\\\/2013\\\/07\\\/Valori-Impianti-Granulatori-EnginPlast-Bondeno-Ferrara-lavorazione-polimeri.jpg\",\"datePublished\":\"2013-07-02T09:42:41+00:00\",\"dateModified\":\"2014-11-26T16:26:48+00:00\",\"description\":\"Engin Plast es una sociedad especializada en la realizaci\u00f3n de sistemas de dosificaci\u00f3n, transporte y recuperaci\u00f3n materias pl\u00e1sticas.\",\"breadcrumb\":{\"@id\":\"https:\\\/\\\/www.enginplast.com\\\/es\\\/valores-engin-plast\\\/#breadcrumb\"},\"inLanguage\":\"es\",\"potentialAction\":[{\"@type\":\"ReadAction\",\"target\":[\"https:\\\/\\\/www.enginplast.com\\\/es\\\/valores-engin-plast\\\/\"]}]},{\"@type\":\"ImageObject\",\"inLanguage\":\"es\",\"@id\":\"https:\\\/\\\/www.enginplast.com\\\/es\\\/valores-engin-plast\\\/#primaryimage\",\"url\":\"https:\\\/\\\/www.enginplast.com\\\/wp-content\\\/uploads\\\/2013\\\/07\\\/Valori-Impianti-Granulatori-EnginPlast-Bondeno-Ferrara-lavorazione-polimeri.jpg\",\"contentUrl\":\"https:\\\/\\\/www.enginplast.com\\\/wp-content\\\/uploads\\\/2013\\\/07\\\/Valori-Impianti-Granulatori-EnginPlast-Bondeno-Ferrara-lavorazione-polimeri.jpg\",\"width\":640,\"height\":275},{\"@type\":\"BreadcrumbList\",\"@id\":\"https:\\\/\\\/www.enginplast.com\\\/es\\\/valores-engin-plast\\\/#breadcrumb\",\"itemListElement\":[{\"@type\":\"ListItem\",\"position\":1,\"name\":\"Home\",\"item\":\"https:\\\/\\\/www.enginplast.com\\\/es\\\/\"},{\"@type\":\"ListItem\",\"position\":2,\"name\":\"Los Valores Engin Plast\"}]},{\"@type\":\"WebSite\",\"@id\":\"https:\\\/\\\/www.enginplast.com\\\/#website\",\"url\":\"https:\\\/\\\/www.enginplast.com\\\/\",\"name\":\"Enginplast\",\"description\":\"\",\"publisher\":{\"@id\":\"https:\\\/\\\/www.enginplast.com\\\/#organization\"},\"potentialAction\":[{\"@type\":\"SearchAction\",\"target\":{\"@type\":\"EntryPoint\",\"urlTemplate\":\"https:\\\/\\\/www.enginplast.com\\\/?s={search_term_string}\"},\"query-input\":{\"@type\":\"PropertyValueSpecification\",\"valueRequired\":true,\"valueName\":\"search_term_string\"}}],\"inLanguage\":\"es\"},{\"@type\":\"Organization\",\"@id\":\"https:\\\/\\\/www.enginplast.com\\\/#organization\",\"name\":\"Enginplast srl\",\"url\":\"https:\\\/\\\/www.enginplast.com\\\/\",\"logo\":{\"@type\":\"ImageObject\",\"inLanguage\":\"es\",\"@id\":\"https:\\\/\\\/www.enginplast.com\\\/#\\\/schema\\\/logo\\\/image\\\/\",\"url\":\"https:\\\/\\\/www.enginplast.com\\\/wp-content\\\/uploads\\\/2014\\\/02\\\/logo-splash.jpg\",\"contentUrl\":\"https:\\\/\\\/www.enginplast.com\\\/wp-content\\\/uploads\\\/2014\\\/02\\\/logo-splash.jpg\",\"width\":640,\"height\":275,\"caption\":\"Enginplast srl\"},\"image\":{\"@id\":\"https:\\\/\\\/www.enginplast.com\\\/#\\\/schema\\\/logo\\\/image\\\/\"}}]}<\/script>\n<!-- \/ Yoast SEO plugin. -->","yoast_head_json":{"title":"Valores Engin Plast","description":"Engin Plast es una sociedad especializada en la realizaci\u00f3n de sistemas de dosificaci\u00f3n, transporte y recuperaci\u00f3n materias pl\u00e1sticas.","robots":{"index":"index","follow":"follow","max-snippet":"max-snippet:-1","max-image-preview":"max-image-preview:large","max-video-preview":"max-video-preview:-1"},"canonical":"https:\/\/www.enginplast.com\/es\/valores-engin-plast\/","og_locale":"es_ES","og_type":"article","og_title":"Valores Engin Plast","og_description":"Engin Plast es una sociedad especializada en la realizaci\u00f3n de sistemas de dosificaci\u00f3n, transporte y recuperaci\u00f3n materias pl\u00e1sticas.","og_url":"https:\/\/www.enginplast.com\/es\/valores-engin-plast\/","og_site_name":"Enginplast","article_modified_time":"2014-11-26T16:26:48+00:00","og_image":[{"width":640,"height":275,"url":"https:\/\/www.enginplast.com\/wp-content\/uploads\/2013\/07\/Valori-Impianti-Granulatori-EnginPlast-Bondeno-Ferrara-lavorazione-polimeri.jpg","type":"image\/jpeg"}],"twitter_misc":{"Tiempo de lectura":"1 minuto"},"schema":{"@context":"https:\/\/schema.org","@graph":[{"@type":"WebPage","@id":"https:\/\/www.enginplast.com\/es\/valores-engin-plast\/","url":"https:\/\/www.enginplast.com\/es\/valores-engin-plast\/","name":"Valores Engin Plast","isPartOf":{"@id":"https:\/\/www.enginplast.com\/#website"},"primaryImageOfPage":{"@id":"https:\/\/www.enginplast.com\/es\/valores-engin-plast\/#primaryimage"},"image":{"@id":"https:\/\/www.enginplast.com\/es\/valores-engin-plast\/#primaryimage"},"thumbnailUrl":"https:\/\/www.enginplast.com\/wp-content\/uploads\/2013\/07\/Valori-Impianti-Granulatori-EnginPlast-Bondeno-Ferrara-lavorazione-polimeri.jpg","datePublished":"2013-07-02T09:42:41+00:00","dateModified":"2014-11-26T16:26:48+00:00","description":"Engin Plast es una sociedad especializada en la realizaci\u00f3n de sistemas de dosificaci\u00f3n, transporte y recuperaci\u00f3n materias pl\u00e1sticas.","breadcrumb":{"@id":"https:\/\/www.enginplast.com\/es\/valores-engin-plast\/#breadcrumb"},"inLanguage":"es","potentialAction":[{"@type":"ReadAction","target":["https:\/\/www.enginplast.com\/es\/valores-engin-plast\/"]}]},{"@type":"ImageObject","inLanguage":"es","@id":"https:\/\/www.enginplast.com\/es\/valores-engin-plast\/#primaryimage","url":"https:\/\/www.enginplast.com\/wp-content\/uploads\/2013\/07\/Valori-Impianti-Granulatori-EnginPlast-Bondeno-Ferrara-lavorazione-polimeri.jpg","contentUrl":"https:\/\/www.enginplast.com\/wp-content\/uploads\/2013\/07\/Valori-Impianti-Granulatori-EnginPlast-Bondeno-Ferrara-lavorazione-polimeri.jpg","width":640,"height":275},{"@type":"BreadcrumbList","@id":"https:\/\/www.enginplast.com\/es\/valores-engin-plast\/#breadcrumb","itemListElement":[{"@type":"ListItem","position":1,"name":"Home","item":"https:\/\/www.enginplast.com\/es\/"},{"@type":"ListItem","position":2,"name":"Los Valores Engin Plast"}]},{"@type":"WebSite","@id":"https:\/\/www.enginplast.com\/#website","url":"https:\/\/www.enginplast.com\/","name":"Enginplast","description":"","publisher":{"@id":"https:\/\/www.enginplast.com\/#organization"},"potentialAction":[{"@type":"SearchAction","target":{"@type":"EntryPoint","urlTemplate":"https:\/\/www.enginplast.com\/?s={search_term_string}"},"query-input":{"@type":"PropertyValueSpecification","valueRequired":true,"valueName":"search_term_string"}}],"inLanguage":"es"},{"@type":"Organization","@id":"https:\/\/www.enginplast.com\/#organization","name":"Enginplast srl","url":"https:\/\/www.enginplast.com\/","logo":{"@type":"ImageObject","inLanguage":"es","@id":"https:\/\/www.enginplast.com\/#\/schema\/logo\/image\/","url":"https:\/\/www.enginplast.com\/wp-content\/uploads\/2014\/02\/logo-splash.jpg","contentUrl":"https:\/\/www.enginplast.com\/wp-content\/uploads\/2014\/02\/logo-splash.jpg","width":640,"height":275,"caption":"Enginplast srl"},"image":{"@id":"https:\/\/www.enginplast.com\/#\/schema\/logo\/image\/"}}]}},"_links":{"self":[{"href":"https:\/\/www.enginplast.com\/es\/wp-json\/wp\/v2\/pages\/6333","targetHints":{"allow":["GET"]}}],"collection":[{"href":"https:\/\/www.enginplast.com\/es\/wp-json\/wp\/v2\/pages"}],"about":[{"href":"https:\/\/www.enginplast.com\/es\/wp-json\/wp\/v2\/types\/page"}],"author":[{"embeddable":true,"href":"https:\/\/www.enginplast.com\/es\/wp-json\/wp\/v2\/users\/2"}],"replies":[{"embeddable":true,"href":"https:\/\/www.enginplast.com\/es\/wp-json\/wp\/v2\/comments?post=6333"}],"version-history":[{"count":0,"href":"https:\/\/www.enginplast.com\/es\/wp-json\/wp\/v2\/pages\/6333\/revisions"}],"wp:featuredmedia":[{"embeddable":true,"href":"https:\/\/www.enginplast.com\/es\/wp-json\/wp\/v2\/media\/4281"}],"wp:attachment":[{"href":"https:\/\/www.enginplast.com\/es\/wp-json\/wp\/v2\/media?parent=6333"}],"curies":[{"name":"wp","href":"https:\/\/api.w.org\/{rel}","templated":true}]}}