{"id":6332,"date":"2013-07-02T09:41:54","date_gmt":"2013-07-02T09:41:54","guid":{"rendered":"https:\/\/www.enginplast.com\/chi-siamo\/mission\/"},"modified":"2014-11-26T17:04:35","modified_gmt":"2014-11-26T16:04:35","slug":"mision","status":"publish","type":"page","link":"https:\/\/www.enginplast.com\/es\/mision\/","title":{"rendered":"Misi\u00f3n"},"content":{"rendered":"<p style=\"padding-left: 30px;\">\u201cEngin Plast srl, quiere ser una empresa de referencia puesta al d\u00eda que logra coger las exigencias de ingenier\u00eda al concluir y al empiezo del proceso productivo del mercado, dando soluciones personalizadas tecnol\u00f3gicamente \u00fanicas.\u00bb<\/p>\n<p>Creamos soluciones innovadoras y personalizadas que permiten obtenir un beneficio tangible y duradero.<\/p>\n<p>Somos en el business de la dosificaci\u00f3n, monitorizaci\u00f3n, recuperaci\u00f3n y transporte de materiales plasticos y no.<\/p>\n","protected":false},"excerpt":{"rendered":"<p>\u201cEngin Plast srl, quiere ser una empresa de referencia puesta al d\u00eda que logra coger las exigencias de ingenier\u00eda al concluir y al empiezo del proceso productivo del mercado, dando soluciones personalizadas tecnol\u00f3gicamente \u00fanicas.\u00bb Creamos soluciones innovadoras y personalizadas que permiten obtenir un beneficio tangible y duradero. Somos en el business de la dosificaci\u00f3n, monitorizaci\u00f3n, [&hellip;]<\/p>\n","protected":false},"author":2,"featured_media":4341,"parent":0,"menu_order":2,"comment_status":"closed","ping_status":"closed","template":"side-navigation.php","meta":{"footnotes":""},"class_list":["post-6332","page","type-page","status-publish","has-post-thumbnail","hentry"],"yoast_head":"<!-- This site is optimized with the Yoast SEO plugin v27.4 - https:\/\/yoast.com\/product\/yoast-seo-wordpress\/ -->\n<title>Misi\u00f3n - Enginplast<\/title>\n<meta name=\"robots\" content=\"index, follow, max-snippet:-1, max-image-preview:large, max-video-preview:-1\" \/>\n<link rel=\"canonical\" href=\"https:\/\/www.enginplast.com\/es\/mision\/\" \/>\n<meta property=\"og:locale\" content=\"es_ES\" \/>\n<meta property=\"og:type\" content=\"article\" \/>\n<meta property=\"og:title\" content=\"Misi\u00f3n - Enginplast\" \/>\n<meta property=\"og:description\" content=\"\u201cEngin Plast srl, quiere ser una empresa de referencia puesta al d\u00eda que logra coger las exigencias de ingenier\u00eda al concluir y al empiezo del proceso productivo del mercado, dando soluciones personalizadas tecnol\u00f3gicamente \u00fanicas.\u00bb Creamos soluciones innovadoras y personalizadas que permiten obtenir un beneficio tangible y duradero. Somos en el business de la dosificaci\u00f3n, monitorizaci\u00f3n, [&hellip;]\" \/>\n<meta property=\"og:url\" content=\"https:\/\/www.enginplast.com\/es\/mision\/\" \/>\n<meta property=\"og:site_name\" content=\"Enginplast\" \/>\n<meta property=\"article:modified_time\" content=\"2014-11-26T16:04:35+00:00\" \/>\n<meta property=\"og:image\" content=\"https:\/\/www.enginplast.com\/wp-content\/uploads\/2013\/07\/Mission-Impianti-Granulatori-EnginPlast-Bondeno-Ferrara-lavorazione-polimeri1.jpg\" \/>\n\t<meta property=\"og:image:width\" content=\"640\" \/>\n\t<meta property=\"og:image:height\" content=\"275\" \/>\n\t<meta property=\"og:image:type\" content=\"image\/jpeg\" \/>\n<script type=\"application\/ld+json\" class=\"yoast-schema-graph\">{\"@context\":\"https:\\\/\\\/schema.org\",\"@graph\":[{\"@type\":\"WebPage\",\"@id\":\"https:\\\/\\\/www.enginplast.com\\\/es\\\/mision\\\/\",\"url\":\"https:\\\/\\\/www.enginplast.com\\\/es\\\/mision\\\/\",\"name\":\"Misi\u00f3n - Enginplast\",\"isPartOf\":{\"@id\":\"https:\\\/\\\/www.enginplast.com\\\/#website\"},\"primaryImageOfPage\":{\"@id\":\"https:\\\/\\\/www.enginplast.com\\\/es\\\/mision\\\/#primaryimage\"},\"image\":{\"@id\":\"https:\\\/\\\/www.enginplast.com\\\/es\\\/mision\\\/#primaryimage\"},\"thumbnailUrl\":\"https:\\\/\\\/www.enginplast.com\\\/wp-content\\\/uploads\\\/2013\\\/07\\\/Mission-Impianti-Granulatori-EnginPlast-Bondeno-Ferrara-lavorazione-polimeri1.jpg\",\"datePublished\":\"2013-07-02T09:41:54+00:00\",\"dateModified\":\"2014-11-26T16:04:35+00:00\",\"breadcrumb\":{\"@id\":\"https:\\\/\\\/www.enginplast.com\\\/es\\\/mision\\\/#breadcrumb\"},\"inLanguage\":\"es\",\"potentialAction\":[{\"@type\":\"ReadAction\",\"target\":[\"https:\\\/\\\/www.enginplast.com\\\/es\\\/mision\\\/\"]}]},{\"@type\":\"ImageObject\",\"inLanguage\":\"es\",\"@id\":\"https:\\\/\\\/www.enginplast.com\\\/es\\\/mision\\\/#primaryimage\",\"url\":\"https:\\\/\\\/www.enginplast.com\\\/wp-content\\\/uploads\\\/2013\\\/07\\\/Mission-Impianti-Granulatori-EnginPlast-Bondeno-Ferrara-lavorazione-polimeri1.jpg\",\"contentUrl\":\"https:\\\/\\\/www.enginplast.com\\\/wp-content\\\/uploads\\\/2013\\\/07\\\/Mission-Impianti-Granulatori-EnginPlast-Bondeno-Ferrara-lavorazione-polimeri1.jpg\",\"width\":640,\"height\":275},{\"@type\":\"BreadcrumbList\",\"@id\":\"https:\\\/\\\/www.enginplast.com\\\/es\\\/mision\\\/#breadcrumb\",\"itemListElement\":[{\"@type\":\"ListItem\",\"position\":1,\"name\":\"Home\",\"item\":\"https:\\\/\\\/www.enginplast.com\\\/es\\\/\"},{\"@type\":\"ListItem\",\"position\":2,\"name\":\"Misi\u00f3n\"}]},{\"@type\":\"WebSite\",\"@id\":\"https:\\\/\\\/www.enginplast.com\\\/#website\",\"url\":\"https:\\\/\\\/www.enginplast.com\\\/\",\"name\":\"Enginplast\",\"description\":\"\",\"publisher\":{\"@id\":\"https:\\\/\\\/www.enginplast.com\\\/#organization\"},\"potentialAction\":[{\"@type\":\"SearchAction\",\"target\":{\"@type\":\"EntryPoint\",\"urlTemplate\":\"https:\\\/\\\/www.enginplast.com\\\/?s={search_term_string}\"},\"query-input\":{\"@type\":\"PropertyValueSpecification\",\"valueRequired\":true,\"valueName\":\"search_term_string\"}}],\"inLanguage\":\"es\"},{\"@type\":\"Organization\",\"@id\":\"https:\\\/\\\/www.enginplast.com\\\/#organization\",\"name\":\"Enginplast srl\",\"url\":\"https:\\\/\\\/www.enginplast.com\\\/\",\"logo\":{\"@type\":\"ImageObject\",\"inLanguage\":\"es\",\"@id\":\"https:\\\/\\\/www.enginplast.com\\\/#\\\/schema\\\/logo\\\/image\\\/\",\"url\":\"https:\\\/\\\/www.enginplast.com\\\/wp-content\\\/uploads\\\/2014\\\/02\\\/logo-splash.jpg\",\"contentUrl\":\"https:\\\/\\\/www.enginplast.com\\\/wp-content\\\/uploads\\\/2014\\\/02\\\/logo-splash.jpg\",\"width\":640,\"height\":275,\"caption\":\"Enginplast srl\"},\"image\":{\"@id\":\"https:\\\/\\\/www.enginplast.com\\\/#\\\/schema\\\/logo\\\/image\\\/\"}}]}<\/script>\n<!-- \/ Yoast SEO plugin. -->","yoast_head_json":{"title":"Misi\u00f3n - Enginplast","robots":{"index":"index","follow":"follow","max-snippet":"max-snippet:-1","max-image-preview":"max-image-preview:large","max-video-preview":"max-video-preview:-1"},"canonical":"https:\/\/www.enginplast.com\/es\/mision\/","og_locale":"es_ES","og_type":"article","og_title":"Misi\u00f3n - Enginplast","og_description":"\u201cEngin Plast srl, quiere ser una empresa de referencia puesta al d\u00eda que logra coger las exigencias de ingenier\u00eda al concluir y al empiezo del proceso productivo del mercado, dando soluciones personalizadas tecnol\u00f3gicamente \u00fanicas.\u00bb Creamos soluciones innovadoras y personalizadas que permiten obtenir un beneficio tangible y duradero. Somos en el business de la dosificaci\u00f3n, monitorizaci\u00f3n, [&hellip;]","og_url":"https:\/\/www.enginplast.com\/es\/mision\/","og_site_name":"Enginplast","article_modified_time":"2014-11-26T16:04:35+00:00","og_image":[{"width":640,"height":275,"url":"https:\/\/www.enginplast.com\/wp-content\/uploads\/2013\/07\/Mission-Impianti-Granulatori-EnginPlast-Bondeno-Ferrara-lavorazione-polimeri1.jpg","type":"image\/jpeg"}],"schema":{"@context":"https:\/\/schema.org","@graph":[{"@type":"WebPage","@id":"https:\/\/www.enginplast.com\/es\/mision\/","url":"https:\/\/www.enginplast.com\/es\/mision\/","name":"Misi\u00f3n - Enginplast","isPartOf":{"@id":"https:\/\/www.enginplast.com\/#website"},"primaryImageOfPage":{"@id":"https:\/\/www.enginplast.com\/es\/mision\/#primaryimage"},"image":{"@id":"https:\/\/www.enginplast.com\/es\/mision\/#primaryimage"},"thumbnailUrl":"https:\/\/www.enginplast.com\/wp-content\/uploads\/2013\/07\/Mission-Impianti-Granulatori-EnginPlast-Bondeno-Ferrara-lavorazione-polimeri1.jpg","datePublished":"2013-07-02T09:41:54+00:00","dateModified":"2014-11-26T16:04:35+00:00","breadcrumb":{"@id":"https:\/\/www.enginplast.com\/es\/mision\/#breadcrumb"},"inLanguage":"es","potentialAction":[{"@type":"ReadAction","target":["https:\/\/www.enginplast.com\/es\/mision\/"]}]},{"@type":"ImageObject","inLanguage":"es","@id":"https:\/\/www.enginplast.com\/es\/mision\/#primaryimage","url":"https:\/\/www.enginplast.com\/wp-content\/uploads\/2013\/07\/Mission-Impianti-Granulatori-EnginPlast-Bondeno-Ferrara-lavorazione-polimeri1.jpg","contentUrl":"https:\/\/www.enginplast.com\/wp-content\/uploads\/2013\/07\/Mission-Impianti-Granulatori-EnginPlast-Bondeno-Ferrara-lavorazione-polimeri1.jpg","width":640,"height":275},{"@type":"BreadcrumbList","@id":"https:\/\/www.enginplast.com\/es\/mision\/#breadcrumb","itemListElement":[{"@type":"ListItem","position":1,"name":"Home","item":"https:\/\/www.enginplast.com\/es\/"},{"@type":"ListItem","position":2,"name":"Misi\u00f3n"}]},{"@type":"WebSite","@id":"https:\/\/www.enginplast.com\/#website","url":"https:\/\/www.enginplast.com\/","name":"Enginplast","description":"","publisher":{"@id":"https:\/\/www.enginplast.com\/#organization"},"potentialAction":[{"@type":"SearchAction","target":{"@type":"EntryPoint","urlTemplate":"https:\/\/www.enginplast.com\/?s={search_term_string}"},"query-input":{"@type":"PropertyValueSpecification","valueRequired":true,"valueName":"search_term_string"}}],"inLanguage":"es"},{"@type":"Organization","@id":"https:\/\/www.enginplast.com\/#organization","name":"Enginplast srl","url":"https:\/\/www.enginplast.com\/","logo":{"@type":"ImageObject","inLanguage":"es","@id":"https:\/\/www.enginplast.com\/#\/schema\/logo\/image\/","url":"https:\/\/www.enginplast.com\/wp-content\/uploads\/2014\/02\/logo-splash.jpg","contentUrl":"https:\/\/www.enginplast.com\/wp-content\/uploads\/2014\/02\/logo-splash.jpg","width":640,"height":275,"caption":"Enginplast srl"},"image":{"@id":"https:\/\/www.enginplast.com\/#\/schema\/logo\/image\/"}}]}},"_links":{"self":[{"href":"https:\/\/www.enginplast.com\/es\/wp-json\/wp\/v2\/pages\/6332","targetHints":{"allow":["GET"]}}],"collection":[{"href":"https:\/\/www.enginplast.com\/es\/wp-json\/wp\/v2\/pages"}],"about":[{"href":"https:\/\/www.enginplast.com\/es\/wp-json\/wp\/v2\/types\/page"}],"author":[{"embeddable":true,"href":"https:\/\/www.enginplast.com\/es\/wp-json\/wp\/v2\/users\/2"}],"replies":[{"embeddable":true,"href":"https:\/\/www.enginplast.com\/es\/wp-json\/wp\/v2\/comments?post=6332"}],"version-history":[{"count":0,"href":"https:\/\/www.enginplast.com\/es\/wp-json\/wp\/v2\/pages\/6332\/revisions"}],"wp:featuredmedia":[{"embeddable":true,"href":"https:\/\/www.enginplast.com\/es\/wp-json\/wp\/v2\/media\/4341"}],"wp:attachment":[{"href":"https:\/\/www.enginplast.com\/es\/wp-json\/wp\/v2\/media?parent=6332"}],"curies":[{"name":"wp","href":"https:\/\/api.w.org\/{rel}","templated":true}]}}