{"id":6331,"date":"2013-07-02T09:41:22","date_gmt":"2013-07-02T09:41:22","guid":{"rendered":"https:\/\/www.enginplast.com\/chi-siamo\/vision\/"},"modified":"2014-11-26T17:01:43","modified_gmt":"2014-11-26T16:01:43","slug":"vision","status":"publish","type":"page","link":"https:\/\/www.enginplast.com\/es\/vision\/","title":{"rendered":"Vision"},"content":{"rendered":"<p style=\"padding-left: 30px;\">Ser parte de la historia de cada nuestro cliente.<\/p>\n<p>Desafiar contantemente nosotros mismos para que cada nuestro cliente pueda vivir una experiencia memorable.<\/p>\n<p>Acariciamos un sue\u00f1o ambicioso, que nos une en el percorso de crecimiento que estamos haciendo.<\/p>\n<p>La pasi\u00f3n por nuestro trabajo es la energ\u00eda verdadera que gu\u00eda nuestros pasos hacia la b\u00fasqueda continua y el perfeccionamiento de las din\u00e1micas operativas internas y externas.<\/p>\n<p>Los a\u00f1os de experiencia y de aplicaci\u00f3n constante y escrupolosas, hoy nos permiten garantizar altos niveles de competencia y profesionalidad, juntos con la seriedad y la transparencia que siempre nos han caracterizado en las relaciones con clientes y proveedores.<\/p>\n<p>La calidad t\u00e9cnica del producto que ofrecemos es fruto de la colaboraci\u00f3n, del respeto y de la lealtad que nos unen, un hilo invisible pero precioso que nos permite tener en justa consideraci\u00f3n el valor de la persona.<\/p>\n","protected":false},"excerpt":{"rendered":"<p>Ser parte de la historia de cada nuestro cliente. Desafiar contantemente nosotros mismos para que cada nuestro cliente pueda vivir una experiencia memorable. Acariciamos un sue\u00f1o ambicioso, que nos une en el percorso de crecimiento que estamos haciendo. La pasi\u00f3n por nuestro trabajo es la energ\u00eda verdadera que gu\u00eda nuestros pasos hacia la b\u00fasqueda continua [&hellip;]<\/p>\n","protected":false},"author":2,"featured_media":4282,"parent":0,"menu_order":1,"comment_status":"closed","ping_status":"closed","template":"side-navigation.php","meta":{"footnotes":""},"class_list":["post-6331","page","type-page","status-publish","has-post-thumbnail","hentry"],"yoast_head":"<!-- This site is optimized with the Yoast SEO plugin v27.4 - https:\/\/yoast.com\/product\/yoast-seo-wordpress\/ -->\n<title>Vision - Enginplast<\/title>\n<meta name=\"robots\" content=\"index, follow, max-snippet:-1, max-image-preview:large, max-video-preview:-1\" \/>\n<link rel=\"canonical\" href=\"https:\/\/www.enginplast.com\/es\/vision\/\" \/>\n<meta property=\"og:locale\" content=\"es_ES\" \/>\n<meta property=\"og:type\" content=\"article\" \/>\n<meta property=\"og:title\" content=\"Vision - Enginplast\" \/>\n<meta property=\"og:description\" content=\"Ser parte de la historia de cada nuestro cliente. Desafiar contantemente nosotros mismos para que cada nuestro cliente pueda vivir una experiencia memorable. Acariciamos un sue\u00f1o ambicioso, que nos une en el percorso de crecimiento que estamos haciendo. La pasi\u00f3n por nuestro trabajo es la energ\u00eda verdadera que gu\u00eda nuestros pasos hacia la b\u00fasqueda continua [&hellip;]\" \/>\n<meta property=\"og:url\" content=\"https:\/\/www.enginplast.com\/es\/vision\/\" \/>\n<meta property=\"og:site_name\" content=\"Enginplast\" \/>\n<meta property=\"article:modified_time\" content=\"2014-11-26T16:01:43+00:00\" \/>\n<meta property=\"og:image\" content=\"https:\/\/www.enginplast.com\/wp-content\/uploads\/2013\/07\/Vision2-Impianti-Granulatori-EnginPlast-Bondeno-Ferrara-lavorazione-polimeri.jpg\" \/>\n\t<meta property=\"og:image:width\" content=\"640\" \/>\n\t<meta property=\"og:image:height\" content=\"275\" \/>\n\t<meta property=\"og:image:type\" content=\"image\/jpeg\" \/>\n<meta name=\"twitter:label1\" content=\"Tiempo de lectura\" \/>\n\t<meta name=\"twitter:data1\" content=\"1 minuto\" \/>\n<script type=\"application\/ld+json\" class=\"yoast-schema-graph\">{\"@context\":\"https:\\\/\\\/schema.org\",\"@graph\":[{\"@type\":\"WebPage\",\"@id\":\"https:\\\/\\\/www.enginplast.com\\\/es\\\/vision\\\/\",\"url\":\"https:\\\/\\\/www.enginplast.com\\\/es\\\/vision\\\/\",\"name\":\"Vision - Enginplast\",\"isPartOf\":{\"@id\":\"https:\\\/\\\/www.enginplast.com\\\/#website\"},\"primaryImageOfPage\":{\"@id\":\"https:\\\/\\\/www.enginplast.com\\\/es\\\/vision\\\/#primaryimage\"},\"image\":{\"@id\":\"https:\\\/\\\/www.enginplast.com\\\/es\\\/vision\\\/#primaryimage\"},\"thumbnailUrl\":\"https:\\\/\\\/www.enginplast.com\\\/wp-content\\\/uploads\\\/2013\\\/07\\\/Vision2-Impianti-Granulatori-EnginPlast-Bondeno-Ferrara-lavorazione-polimeri.jpg\",\"datePublished\":\"2013-07-02T09:41:22+00:00\",\"dateModified\":\"2014-11-26T16:01:43+00:00\",\"breadcrumb\":{\"@id\":\"https:\\\/\\\/www.enginplast.com\\\/es\\\/vision\\\/#breadcrumb\"},\"inLanguage\":\"es\",\"potentialAction\":[{\"@type\":\"ReadAction\",\"target\":[\"https:\\\/\\\/www.enginplast.com\\\/es\\\/vision\\\/\"]}]},{\"@type\":\"ImageObject\",\"inLanguage\":\"es\",\"@id\":\"https:\\\/\\\/www.enginplast.com\\\/es\\\/vision\\\/#primaryimage\",\"url\":\"https:\\\/\\\/www.enginplast.com\\\/wp-content\\\/uploads\\\/2013\\\/07\\\/Vision2-Impianti-Granulatori-EnginPlast-Bondeno-Ferrara-lavorazione-polimeri.jpg\",\"contentUrl\":\"https:\\\/\\\/www.enginplast.com\\\/wp-content\\\/uploads\\\/2013\\\/07\\\/Vision2-Impianti-Granulatori-EnginPlast-Bondeno-Ferrara-lavorazione-polimeri.jpg\",\"width\":640,\"height\":275},{\"@type\":\"BreadcrumbList\",\"@id\":\"https:\\\/\\\/www.enginplast.com\\\/es\\\/vision\\\/#breadcrumb\",\"itemListElement\":[{\"@type\":\"ListItem\",\"position\":1,\"name\":\"Home\",\"item\":\"https:\\\/\\\/www.enginplast.com\\\/es\\\/\"},{\"@type\":\"ListItem\",\"position\":2,\"name\":\"Vision\"}]},{\"@type\":\"WebSite\",\"@id\":\"https:\\\/\\\/www.enginplast.com\\\/#website\",\"url\":\"https:\\\/\\\/www.enginplast.com\\\/\",\"name\":\"Enginplast\",\"description\":\"\",\"publisher\":{\"@id\":\"https:\\\/\\\/www.enginplast.com\\\/#organization\"},\"potentialAction\":[{\"@type\":\"SearchAction\",\"target\":{\"@type\":\"EntryPoint\",\"urlTemplate\":\"https:\\\/\\\/www.enginplast.com\\\/?s={search_term_string}\"},\"query-input\":{\"@type\":\"PropertyValueSpecification\",\"valueRequired\":true,\"valueName\":\"search_term_string\"}}],\"inLanguage\":\"es\"},{\"@type\":\"Organization\",\"@id\":\"https:\\\/\\\/www.enginplast.com\\\/#organization\",\"name\":\"Enginplast srl\",\"url\":\"https:\\\/\\\/www.enginplast.com\\\/\",\"logo\":{\"@type\":\"ImageObject\",\"inLanguage\":\"es\",\"@id\":\"https:\\\/\\\/www.enginplast.com\\\/#\\\/schema\\\/logo\\\/image\\\/\",\"url\":\"https:\\\/\\\/www.enginplast.com\\\/wp-content\\\/uploads\\\/2014\\\/02\\\/logo-splash.jpg\",\"contentUrl\":\"https:\\\/\\\/www.enginplast.com\\\/wp-content\\\/uploads\\\/2014\\\/02\\\/logo-splash.jpg\",\"width\":640,\"height\":275,\"caption\":\"Enginplast srl\"},\"image\":{\"@id\":\"https:\\\/\\\/www.enginplast.com\\\/#\\\/schema\\\/logo\\\/image\\\/\"}}]}<\/script>\n<!-- \/ Yoast SEO plugin. -->","yoast_head_json":{"title":"Vision - Enginplast","robots":{"index":"index","follow":"follow","max-snippet":"max-snippet:-1","max-image-preview":"max-image-preview:large","max-video-preview":"max-video-preview:-1"},"canonical":"https:\/\/www.enginplast.com\/es\/vision\/","og_locale":"es_ES","og_type":"article","og_title":"Vision - Enginplast","og_description":"Ser parte de la historia de cada nuestro cliente. Desafiar contantemente nosotros mismos para que cada nuestro cliente pueda vivir una experiencia memorable. Acariciamos un sue\u00f1o ambicioso, que nos une en el percorso de crecimiento que estamos haciendo. La pasi\u00f3n por nuestro trabajo es la energ\u00eda verdadera que gu\u00eda nuestros pasos hacia la b\u00fasqueda continua [&hellip;]","og_url":"https:\/\/www.enginplast.com\/es\/vision\/","og_site_name":"Enginplast","article_modified_time":"2014-11-26T16:01:43+00:00","og_image":[{"width":640,"height":275,"url":"https:\/\/www.enginplast.com\/wp-content\/uploads\/2013\/07\/Vision2-Impianti-Granulatori-EnginPlast-Bondeno-Ferrara-lavorazione-polimeri.jpg","type":"image\/jpeg"}],"twitter_misc":{"Tiempo de lectura":"1 minuto"},"schema":{"@context":"https:\/\/schema.org","@graph":[{"@type":"WebPage","@id":"https:\/\/www.enginplast.com\/es\/vision\/","url":"https:\/\/www.enginplast.com\/es\/vision\/","name":"Vision - Enginplast","isPartOf":{"@id":"https:\/\/www.enginplast.com\/#website"},"primaryImageOfPage":{"@id":"https:\/\/www.enginplast.com\/es\/vision\/#primaryimage"},"image":{"@id":"https:\/\/www.enginplast.com\/es\/vision\/#primaryimage"},"thumbnailUrl":"https:\/\/www.enginplast.com\/wp-content\/uploads\/2013\/07\/Vision2-Impianti-Granulatori-EnginPlast-Bondeno-Ferrara-lavorazione-polimeri.jpg","datePublished":"2013-07-02T09:41:22+00:00","dateModified":"2014-11-26T16:01:43+00:00","breadcrumb":{"@id":"https:\/\/www.enginplast.com\/es\/vision\/#breadcrumb"},"inLanguage":"es","potentialAction":[{"@type":"ReadAction","target":["https:\/\/www.enginplast.com\/es\/vision\/"]}]},{"@type":"ImageObject","inLanguage":"es","@id":"https:\/\/www.enginplast.com\/es\/vision\/#primaryimage","url":"https:\/\/www.enginplast.com\/wp-content\/uploads\/2013\/07\/Vision2-Impianti-Granulatori-EnginPlast-Bondeno-Ferrara-lavorazione-polimeri.jpg","contentUrl":"https:\/\/www.enginplast.com\/wp-content\/uploads\/2013\/07\/Vision2-Impianti-Granulatori-EnginPlast-Bondeno-Ferrara-lavorazione-polimeri.jpg","width":640,"height":275},{"@type":"BreadcrumbList","@id":"https:\/\/www.enginplast.com\/es\/vision\/#breadcrumb","itemListElement":[{"@type":"ListItem","position":1,"name":"Home","item":"https:\/\/www.enginplast.com\/es\/"},{"@type":"ListItem","position":2,"name":"Vision"}]},{"@type":"WebSite","@id":"https:\/\/www.enginplast.com\/#website","url":"https:\/\/www.enginplast.com\/","name":"Enginplast","description":"","publisher":{"@id":"https:\/\/www.enginplast.com\/#organization"},"potentialAction":[{"@type":"SearchAction","target":{"@type":"EntryPoint","urlTemplate":"https:\/\/www.enginplast.com\/?s={search_term_string}"},"query-input":{"@type":"PropertyValueSpecification","valueRequired":true,"valueName":"search_term_string"}}],"inLanguage":"es"},{"@type":"Organization","@id":"https:\/\/www.enginplast.com\/#organization","name":"Enginplast srl","url":"https:\/\/www.enginplast.com\/","logo":{"@type":"ImageObject","inLanguage":"es","@id":"https:\/\/www.enginplast.com\/#\/schema\/logo\/image\/","url":"https:\/\/www.enginplast.com\/wp-content\/uploads\/2014\/02\/logo-splash.jpg","contentUrl":"https:\/\/www.enginplast.com\/wp-content\/uploads\/2014\/02\/logo-splash.jpg","width":640,"height":275,"caption":"Enginplast srl"},"image":{"@id":"https:\/\/www.enginplast.com\/#\/schema\/logo\/image\/"}}]}},"_links":{"self":[{"href":"https:\/\/www.enginplast.com\/es\/wp-json\/wp\/v2\/pages\/6331","targetHints":{"allow":["GET"]}}],"collection":[{"href":"https:\/\/www.enginplast.com\/es\/wp-json\/wp\/v2\/pages"}],"about":[{"href":"https:\/\/www.enginplast.com\/es\/wp-json\/wp\/v2\/types\/page"}],"author":[{"embeddable":true,"href":"https:\/\/www.enginplast.com\/es\/wp-json\/wp\/v2\/users\/2"}],"replies":[{"embeddable":true,"href":"https:\/\/www.enginplast.com\/es\/wp-json\/wp\/v2\/comments?post=6331"}],"version-history":[{"count":0,"href":"https:\/\/www.enginplast.com\/es\/wp-json\/wp\/v2\/pages\/6331\/revisions"}],"wp:featuredmedia":[{"embeddable":true,"href":"https:\/\/www.enginplast.com\/es\/wp-json\/wp\/v2\/media\/4282"}],"wp:attachment":[{"href":"https:\/\/www.enginplast.com\/es\/wp-json\/wp\/v2\/media?parent=6331"}],"curies":[{"name":"wp","href":"https:\/\/api.w.org\/{rel}","templated":true}]}}